{"id":11665,"date":"2023-06-07T18:40:28","date_gmt":"2023-06-07T16:40:28","guid":{"rendered":"https:\/\/www.mamacash.org\/neem-contact-met-ons-op\/"},"modified":"2026-04-16T14:06:30","modified_gmt":"2026-04-16T12:06:30","slug":"neem-contact-met-ons-op","status":"publish","type":"page","link":"https:\/\/www.mamacash.org\/nl\/neem-contact-met-ons-op\/","title":{"rendered":"Neem contact met ons op"},"content":{"rendered":"<div class=\"media-content wp-block media-content--right media-content--media-type--image alignfull has-background has-teal-tint-background-color\">\n    <div class=\"media-content__inner\">\n        <div class=\"media-content__content\">\n                                <h2 class=\"media-content__heading teal-highlight heading-highlight\">Heb je een <strong>vraag<\/strong>?<\/h2>\n            \n            \n                                <h3 class=\"media-content__subheading\">Neem contact op. We helpen je graag.<\/h3>\n            \n                                        \n                                                <\/div>\n\n            <\/div>\n<\/div>\n\n\n<script>\nvar gform;gform||(document.addEventListener(\"gform_main_scripts_loaded\",function(){gform.scriptsLoaded=!0}),document.addEventListener(\"gform\/theme\/scripts_loaded\",function(){gform.themeScriptsLoaded=!0}),window.addEventListener(\"DOMContentLoaded\",function(){gform.domLoaded=!0}),gform={domLoaded:!1,scriptsLoaded:!1,themeScriptsLoaded:!1,isFormEditor:()=>\"function\"==typeof InitializeEditor,callIfLoaded:function(o){return!(!gform.domLoaded||!gform.scriptsLoaded||!gform.themeScriptsLoaded&&!gform.isFormEditor()||(gform.isFormEditor()&&console.warn(\"The use of gform.initializeOnLoaded() is deprecated in the form editor context and will be removed in Gravity Forms 3.1.\"),o(),0))},initializeOnLoaded:function(o){gform.callIfLoaded(o)||(document.addEventListener(\"gform_main_scripts_loaded\",()=>{gform.scriptsLoaded=!0,gform.callIfLoaded(o)}),document.addEventListener(\"gform\/theme\/scripts_loaded\",()=>{gform.themeScriptsLoaded=!0,gform.callIfLoaded(o)}),window.addEventListener(\"DOMContentLoaded\",()=>{gform.domLoaded=!0,gform.callIfLoaded(o)}))},hooks:{action:{},filter:{}},addAction:function(o,r,e,t){gform.addHook(\"action\",o,r,e,t)},addFilter:function(o,r,e,t){gform.addHook(\"filter\",o,r,e,t)},doAction:function(o){gform.doHook(\"action\",o,arguments)},applyFilters:function(o){return gform.doHook(\"filter\",o,arguments)},removeAction:function(o,r){gform.removeHook(\"action\",o,r)},removeFilter:function(o,r,e){gform.removeHook(\"filter\",o,r,e)},addHook:function(o,r,e,t,n){null==gform.hooks[o][r]&&(gform.hooks[o][r]=[]);var d=gform.hooks[o][r];null==n&&(n=r+\"_\"+d.length),gform.hooks[o][r].push({tag:n,callable:e,priority:t=null==t?10:t})},doHook:function(r,o,e){var t;if(e=Array.prototype.slice.call(e,1),null!=gform.hooks[r][o]&&((o=gform.hooks[r][o]).sort(function(o,r){return o.priority-r.priority}),o.forEach(function(o){\"function\"!=typeof(t=o.callable)&&(t=window[t]),\"action\"==r?t.apply(null,e):e[0]=t.apply(null,e)})),\"filter\"==r)return e[0]},removeHook:function(o,r,t,n){var e;null!=gform.hooks[o][r]&&(e=(e=gform.hooks[o][r]).filter(function(o,r,e){return!!(null!=n&&n!=o.tag||null!=t&&t!=o.priority)}),gform.hooks[o][r]=e)}});\n<\/script>\n\n                <div class='gf_browser_gecko gform_wrapper gravity-theme gform-theme--no-framework' data-form-theme='gravity-theme' data-form-index='0' id='gform_wrapper_1' style='display:none'><div id='gf_1' class='gform_anchor' tabindex='-1'><\/div>\n                        <div class='gform_heading'>\n                            <h2 class=\"gform_title\">Contactformulier<\/h2>\n\t\t\t\t\t\t\t<p class='gform_required_legend'>&quot;<span class=\"gfield_required gfield_required_asterisk\">*<\/span>&quot; geeft vereiste velden aan<\/p>\n                        <\/div><form method='post' enctype='multipart\/form-data'  id='gform_1'  action='\/nl\/wp-json\/wp\/v2\/pages\/11665#gf_1' data-formid='1' novalidate>\n                        <div class='gform-body gform_body'><div id='gform_fields_1' class='gform_fields top_label form_sublabel_above description_above validation_below'><div id=\"field_1_21\" class=\"gfield gfield--type-honeypot gform_validation_container field_sublabel_above gfield--has-description field_description_above field_validation_below gfield_visibility_visible\"  ><label class='gfield_label gform-field-label' for='input_1_21'>Phone<\/label><div class='gfield_description' id='gfield_description_1_21'>Dit veld is bedoeld voor validatiedoeleinden en moet niet worden gewijzigd.<\/div><div class='ginput_container'><input name='input_21' id='input_1_21' type='text' value='' autocomplete='new-password'\/><\/div><\/div><div id=\"field_1_5\" class=\"gfield gfield--type-select gfield--input-type-select gfield--width-full gfield_contains_required field_sublabel_above gfield--no-description field_description_above field_validation_below gfield_visibility_visible\"  ><label class='gfield_label gform-field-label' for='input_1_5'>Ik heb een vraag over&#8230;<span class=\"gfield_required\"><span class=\"gfield_required gfield_required_asterisk\">*<\/span><\/span><\/label><div class='ginput_container ginput_container_select'><select name='input_5' id='input_1_5' class='large gfield_select'    aria-required=\"true\" aria-invalid=\"false\" ><option value='' ><\/option><option value='doneren' >doneren<\/option><option value='Een subsidie aanvragen' >Een subsidie aanvragen<\/option><option value='Persvragen' >Persvragen<\/option><option value='Algemeen' >Algemeen<\/option><\/select><\/div><\/div><div id=\"field_1_6\" class=\"gfield gfield--type-select gfield--input-type-select gfield--width-full gfield_contains_required field_sublabel_above gfield--no-description field_description_above field_validation_below gfield_visibility_visible\"  ><label class='gfield_label gform-field-label' for='input_1_6'>Ik ben&#8230;<span class=\"gfield_required\"><span class=\"gfield_required gfield_required_asterisk\">*<\/span><\/span><\/label><div class='ginput_container ginput_container_select'><select name='input_6' id='input_1_6' class='large gfield_select'    aria-required=\"true\" aria-invalid=\"false\" ><option value='' ><\/option><option value='Een persoon die online wil doneren' >Een persoon die online wil doneren<\/option><option value='Een persoon die wil doneren via een bankoverschrijving' >Een persoon die wil doneren via een bankoverschrijving<\/option><option value='Een particulier die wil schenken met belastingvoordeel in Nederland' >Een particulier die wil schenken met belastingvoordeel in Nederland<\/option><option value='Een persoon die een grote gift wil geven' >Een persoon die een grote gift wil geven<\/option><option value='Een organisatie vertegenwoordigen die een donatie wil doen' >Een organisatie vertegenwoordigen die een donatie wil doen<\/option><option value='Een persoon die wil praten over nalatenschappen' >Een persoon die wil praten over nalatenschappen<\/option><\/select><\/div><\/div><div id=\"field_1_7\" class=\"gfield gfield--type-select gfield--input-type-select gfield--width-full gfield_contains_required field_sublabel_above gfield--no-description field_description_above field_validation_below gfield_visibility_visible\"  ><label class='gfield_label gform-field-label' for='input_1_7'>Grant, ik heb een vraag over&#8230;<span class=\"gfield_required\"><span class=\"gfield_required gfield_required_asterisk\">*<\/span><\/span><\/label><div class='ginput_container ginput_container_select'><select name='input_7' id='input_1_7' class='large gfield_select'    aria-required=\"true\" aria-invalid=\"false\" ><option value='' ><\/option><option value='Veerkracht Fonds' >Veerkracht Fonds<\/option><option value='Revolution Fonds Subsidie' >Revolution Fonds Subsidie<\/option><option value='Spark Fonds' >Spark Fonds<\/option><option value='Solidariteitsfonds' >Solidariteitsfonds<\/option><option value='Fonds voor radicale liefde' >Fonds voor radicale liefde<\/option><\/select><\/div><\/div><div id=\"field_1_20\" class=\"gfield gfield--type-select gfield--input-type-select gfield--width-full gfield_contains_required field_sublabel_above gfield--has-description field_description_above field_validation_below gfield_visibility_visible\"  ><label class='gfield_label gform-field-label' for='input_1_20'>Regio<span class=\"gfield_required\"><span class=\"gfield_required gfield_required_asterisk\">*<\/span><\/span><\/label><div class='gfield_description' id='gfield_description_1_20'>(voor Veerkrachtfonds)<\/div><div class='ginput_container ginput_container_select'><select name='input_20' id='input_1_20' class='large gfield_select'  aria-describedby=\"gfield_description_1_20\"  aria-required=\"true\" aria-invalid=\"false\" ><option value='' ><\/option><option value='Afrika en West-Azi\u00eb' >Afrika en West-Azi\u00eb<\/option><option value='Oost-, Zuid- en Zuidoost-Azi\u00eb en Oceani\u00eb' >Oost-, Zuid- en Zuidoost-Azi\u00eb en Oceani\u00eb<\/option><option value='Europa en Centraal- &amp; Noord-Azi\u00eb' >Europa en Centraal- &amp; Noord-Azi\u00eb<\/option><option value='Amerika en het Caribisch gebied' >Amerika en het Caribisch gebied<\/option><option value='LOI-venster specifiek' >LOI-venster specifiek<\/option><\/select><\/div><\/div><div id=\"field_1_8\" class=\"gfield gfield--type-select gfield--input-type-select gfield--width-full gfield_contains_required field_sublabel_above gfield--no-description field_description_above field_validation_below gfield_visibility_visible\"  ><label class='gfield_label gform-field-label' for='input_1_8'>Ik ben&#8230;<span class=\"gfield_required\"><span class=\"gfield_required gfield_required_asterisk\">*<\/span><\/span><\/label><div class='ginput_container ginput_container_select'><select name='input_8' id='input_1_8' class='large gfield_select'    aria-required=\"true\" aria-invalid=\"false\" ><option value='' ><\/option><option value='Een lid van de pers' >Een lid van de pers<\/option><option value='Een lid van het publiek' >Een lid van het publiek<\/option><\/select><\/div><\/div><div id=\"field_1_10\" class=\"gfield gfield--type-select gfield--input-type-select gfield--width-full gfield_contains_required field_sublabel_above gfield--no-description field_description_above field_validation_below gfield_visibility_visible\"  ><label class='gfield_label gform-field-label' for='input_1_10'>Algemene vragen<span class=\"gfield_required\"><span class=\"gfield_required gfield_required_asterisk\">*<\/span><\/span><\/label><div class='ginput_container ginput_container_select'><select name='input_10' id='input_1_10' class='large gfield_select'    aria-required=\"true\" aria-invalid=\"false\" ><option value='' ><\/option><option value='Ik heb een algemene vraag' >Ik heb een algemene vraag<\/option><\/select><\/div><\/div><div id=\"field_1_13\" class=\"gfield gfield--type-html gfield--input-type-html gfield--width-full gfield_html gfield_html_formatted gfield_no_follows_desc field_sublabel_above gfield--no-description field_description_above field_validation_below gfield_visibility_visible\"  ><h3>Volgende stappen<\/h3>\n<p><a class=\"g-button cta-banner__link\" href=\"https:\/\/mamacash.donorsupport.co\/-\/XHJTCXNJ\/\">Online doneren<\/a><\/p>\n<\/div><div id=\"field_1_14\" class=\"gfield gfield--type-html gfield--input-type-html gfield--width-full gfield_html gfield_html_formatted gfield_no_follows_desc field_sublabel_above gfield--no-description field_description_above field_validation_below gfield_visibility_visible\"  ><h3>Volgende stappen<\/h3>\n<p><a class=\"g-button cta-banner__link\" href=\"https:\/\/www.mamacash.org\/nl\/manieren-om-te-geven\/doneer-als-individu\/\">Informatie over doneren per bankoverschrijving<\/a><\/p><\/div><div id=\"field_1_15\" class=\"gfield gfield--type-html gfield--input-type-html gfield--width-full gfield_html gfield_html_formatted gfield_no_follows_desc field_sublabel_above gfield--no-description field_description_above field_validation_below gfield_visibility_visible\"  ><h3>Volgende stappen<\/h3>\n<p><a class=\"g-button cta-banner__link\" href=\"https:\/\/www.mamacash.org\/nl\/manieren-om-te-geven\/schenken-met-belastingvoordeel-nederland\/\">Informatie over doneren met belastingvoordeel<\/a><\/p><\/div><div id=\"field_1_16\" class=\"gfield gfield--type-html gfield--input-type-html gfield--width-full gfield_html gfield_html_formatted gfield_no_follows_desc field_sublabel_above gfield--no-description field_description_above field_validation_below gfield_visibility_visible\"  ><h3>Volgende stappen<\/h3>\n<p><a class=\"g-button cta-banner__link\" href=\"https:\/\/www.mamacash.org\/funds\/the-revolution-fund\/\">Revolution Fonds Informatie<\/a><\/p><\/div><div id=\"field_1_17\" class=\"gfield gfield--type-html gfield--input-type-html gfield--width-full gfield_html gfield_html_formatted gfield_no_follows_desc field_sublabel_above gfield--no-description field_description_above field_validation_below gfield_visibility_visible\"  ><h3>Volgende stappen<\/h3>\n<p><a class=\"g-button cta-banner__link\" href=\"https:\/\/www.mamacash.org\/nl\/fondsen\/spark-fonds\/\">Spark Fonds Informatie<\/a><\/p><\/div><div id=\"field_1_18\" class=\"gfield gfield--type-html gfield--input-type-html gfield--width-full gfield_html gfield_html_formatted gfield_no_follows_desc field_sublabel_above gfield--no-description field_description_above field_validation_below gfield_visibility_visible\"  ><h3>Volgende stappen<\/h3>\n<p><a class=\"g-button cta-banner__link\" href=\"https:\/\/www.mamacash.org\/funds\/the-solidarity-fund\/\">Solidariteitsfonds Informatie<\/a><\/p><\/div><div id=\"field_1_9\" class=\"gfield gfield--type-section gfield--input-type-section gsection field_sublabel_above gfield--no-description field_description_above field_validation_below gfield_visibility_visible\"  ><h3 class=\"gsection_title\">Uw vraag<\/h3><\/div><div id=\"field_1_1\" class=\"gfield gfield--type-text gfield--input-type-text gfield--width-full gfield_contains_required field_sublabel_above gfield--no-description field_description_above field_validation_below gfield_visibility_visible\"  ><label class='gfield_label gform-field-label' for='input_1_1'>Uw naam<span class=\"gfield_required\"><span class=\"gfield_required gfield_required_asterisk\">*<\/span><\/span><\/label><div class='ginput_container ginput_container_text'><input name='input_1' id='input_1_1' type='text' value='' class='medium'     aria-required=\"true\" aria-invalid=\"false\"   \/><\/div><\/div><div id=\"field_1_11\" class=\"gfield gfield--type-email gfield--input-type-email gfield--width-full gfield_contains_required field_sublabel_above gfield--no-description field_description_above field_validation_below gfield_visibility_visible\"  ><label class='gfield_label gform-field-label' for='input_1_11'>Uw e-mail<span class=\"gfield_required\"><span class=\"gfield_required gfield_required_asterisk\">*<\/span><\/span><\/label><div class='ginput_container ginput_container_email'>\n                            <input name='input_11' id='input_1_11' type='email' value='' class='large'    aria-required=\"true\" aria-invalid=\"false\"  \/>\n                        <\/div><\/div><div id=\"field_1_12\" class=\"gfield gfield--type-textarea gfield--input-type-textarea gfield_contains_required field_sublabel_above gfield--no-description field_description_above field_validation_below gfield_visibility_visible\"  ><label class='gfield_label gform-field-label' for='input_1_12'>Uw bericht<span class=\"gfield_required\"><span class=\"gfield_required gfield_required_asterisk\">*<\/span><\/span><\/label><div class='ginput_container ginput_container_textarea'><textarea name='input_12' id='input_1_12' class='textarea large'     aria-required=\"true\" aria-invalid=\"false\"   rows='10' cols='50'><\/textarea><\/div><\/div><\/div><\/div>\n        <div class='gform-footer gform_footer top_label'> <input type='submit' id='gform_submit_button_1' class='gform_button button' onclick='gform.submission.handleButtonClick(this);' data-submission-type='submit' value='Stuur'  \/> \n            <input type='hidden' class='gform_hidden' name='gform_submission_method' data-js='gform_submission_method_1' value='postback' \/>\n            <input type='hidden' class='gform_hidden' name='gform_theme' data-js='gform_theme_1' id='gform_theme_1' value='gravity-theme' \/>\n            <input type='hidden' class='gform_hidden' name='gform_style_settings' data-js='gform_style_settings_1' id='gform_style_settings_1' value='{&quot;inputPrimaryColor&quot;:&quot;#204ce5&quot;}' \/>\n            <input type='hidden' class='gform_hidden' name='is_submit_1' value='1' \/>\n            <input type='hidden' class='gform_hidden' name='gform_submit' value='1' \/>\n            \n            <input type='hidden' class='gform_hidden' name='gform_currency' data-currency='EUR' value='pR+A2cLfpSjdHpAbYJzYqDwJeAoZhvUDoOwyWCWNE39ZdVDwqu7lGkmiXTEAVlnl\/RSKJmpjuG+EsYvYBrBUWG9D8yk01X9q9MWdD7jbAtVjG8g=' \/>\n            <input type='hidden' class='gform_hidden' name='gform_unique_id' value='' \/>\n            <input type='hidden' class='gform_hidden' name='state_1' value='WyJ7XCI1XCI6W1wiYWFjYWFkOWZmYmMwYzA2N2QwYTFiMWY4MGRhNGM1ODRcIixcIjg2OWI0ZjMzYjY4NDY0YjRlYmU3NzY2NzFiNzMxOTM1XCIsXCI4ZTUyNzMwZDI3NzUxNjg4YTU0ODIzZjcxZWI2MjUyNFwiLFwiOTZkMzM4ODFlZDM3YjBlMjI4ODI3OTQ2MGJiNjUzZDJcIixcIjRmZTQ4MjljZjNlNzI4MzU2MGU1ZGY1NDg1NmE3OGU4XCJdLFwiNlwiOltcImFhY2FhZDlmZmJjMGMwNjdkMGExYjFmODBkYTRjNTg0XCIsXCI4MmI1ODBiNDU4OTFhNzBmYWUxYzc2OTZkZTM4MmZlNFwiLFwiYWU5YTU3ZGU2OGE1ZGNlYmJiMDY1NzMxZDVmZmRlOTRcIixcImMyNDE2YzZmYjdmMDYzM2E4Yzg2MzMwYjk4NjlmYWY5XCIsXCIxZmZhZmFkZjJhZDA3ODYwNTAwY2MxNjQ2N2U1YWJhN1wiLFwiYmI3YmEyOTE2NDczNzE1ODA2N2QwMTRhYjEwZTcwYjhcIixcImI2MmRiY2JlZWEyZGIyZWVmOTRmMmQ4ODQ1M2RmMDAzXCJdLFwiN1wiOltcImFhY2FhZDlmZmJjMGMwNjdkMGExYjFmODBkYTRjNTg0XCIsXCI4NGEwMzg4NDhmYTFkNDE2ODQ3MDFjM2NjNzU3ZjNiOVwiLFwiMjk1OWIzNjJkMzViNTg2NzgzYjA5NGQ5MjcwZjFmNjNcIixcIjdmYWM2YjgzYzRmZTc2ZGI3NTAzNjIzNzRiYWM0YTAwXCIsXCIyYzY4ZTAxZWNmZDFkMDcyNDI3NWU4ZDNlNWExYmUwMVwiLFwiYmJmNmNiYWUzNWMwMDIzOTFmZDgzOGVjOGMwY2Y5NzNcIl0sXCIyMFwiOltcImFhY2FhZDlmZmJjMGMwNjdkMGExYjFmODBkYTRjNTg0XCIsXCI4OTczOTMyZTlmMTE2NjM3NmM5NWE3YzJjZDQzNDBhMFwiLFwiMTU3MTNkNmQzOTM2YzJmZDBlYTUzZDI4MWI1ZjQyYTBcIixcImQ3NmM0YjM3NmRjMjA2YjNhN2UwMDQ1NDdmMjNiMTMzXCIsXCJiZTBiMTgyNGIwMTkyNjJlMjAwMjRlOWZlYzljOTk3ZFwiLFwiNTY0ZDVhNmQxODNjOTUxMDRlYmY4N2NmNDk0YzFmZDBcIl0sXCI4XCI6W1wiYWFjYWFkOWZmYmMwYzA2N2QwYTFiMWY4MGRhNGM1ODRcIixcImZmN2NkYmVkZjgzZWU0MjVjMjFkNmIzYmI2YmU3MjU0XCIsXCIwZTZhZDJhNGZlOTg1ZDlkNWQ0ZjcxODhhMWUxMDNhZFwiXSxcIjEwXCI6W1wiYWFjYWFkOWZmYmMwYzA2N2QwYTFiMWY4MGRhNGM1ODRcIixcImEwMzIwMmYzYTgxYmY2NzA2ZmQzNzg0OWJiYTJhMDY3XCJdfSIsImU0YzhkZmJmMTNhYzI5ZDA4NjgxZWM3ZjA2MGMyODM3Il0=' \/>\n            <input type='hidden' autocomplete='off' class='gform_hidden' name='gform_target_page_number_1' id='gform_target_page_number_1' value='0' \/>\n            <input type='hidden' autocomplete='off' class='gform_hidden' name='gform_source_page_number_1' id='gform_source_page_number_1' value='1' \/>\n            <input type='hidden' name='gform_field_values' value='' \/>\n            \n        <\/div>\n                        <\/form>\n                        <\/div><script>\ngform.initializeOnLoaded( function() {gformInitSpinner( 1, 'https:\/\/www.mamacash.org\/wp-content\/plugins\/gravityforms\/images\/spinner.svg', true );jQuery('#gform_ajax_frame_1').on('load',function(){var contents = jQuery(this).contents().find('*').html();var is_postback = contents.indexOf('GF_AJAX_POSTBACK') >= 0;if(!is_postback){return;}var form_content = jQuery(this).contents().find('#gform_wrapper_1');var is_confirmation = jQuery(this).contents().find('#gform_confirmation_wrapper_1').length > 0;var is_redirect = contents.indexOf('gformRedirect(){') >= 0;var is_form = form_content.length > 0 && ! is_redirect && ! is_confirmation;var mt = parseInt(jQuery('html').css('margin-top'), 10) + parseInt(jQuery('body').css('margin-top'), 10) + 100;if(is_form){form_content.find('form').css('opacity', 0);jQuery('#gform_wrapper_1').html(form_content.html());if(form_content.hasClass('gform_validation_error')){jQuery('#gform_wrapper_1').addClass('gform_validation_error');} else {jQuery('#gform_wrapper_1').removeClass('gform_validation_error');}setTimeout( function() { \/* delay the scroll by 50 milliseconds to fix a bug in chrome *\/ jQuery(document).scrollTop(jQuery('#gform_wrapper_1').offset().top - mt); }, 50 );if(window['gformInitDatepicker']) {gformInitDatepicker();}if(window['gformInitPriceFields']) {gformInitPriceFields();}var current_page = jQuery('#gform_source_page_number_1').val();gformInitSpinner( 1, 'https:\/\/www.mamacash.org\/wp-content\/plugins\/gravityforms\/images\/spinner.svg', true );jQuery(document).trigger('gform_page_loaded', [1, current_page]);window['gf_submitting_1'] = false;}else if(!is_redirect){var confirmation_content = jQuery(this).contents().find('.GF_AJAX_POSTBACK').html();if(!confirmation_content){confirmation_content = contents;}jQuery('#gform_wrapper_1').replaceWith(confirmation_content);jQuery(document).scrollTop(jQuery('#gf_1').offset().top - mt);jQuery(document).trigger('gform_confirmation_loaded', [1]);window['gf_submitting_1'] = false;wp.a11y.speak(jQuery('#gform_confirmation_message_1').text());}else{jQuery('#gform_1').append(contents);if(window['gformRedirect']) {gformRedirect();}}jQuery(document).trigger(\"gform_pre_post_render\", [{ formId: \"1\", currentPage: \"current_page\", abort: function() { this.preventDefault(); } }]);        if (event && event.defaultPrevented) {                return;        }        const gformWrapperDiv = document.getElementById( \"gform_wrapper_1\" );        if ( gformWrapperDiv ) {            const visibilitySpan = document.createElement( \"span\" );            visibilitySpan.id = \"gform_visibility_test_1\";            gformWrapperDiv.insertAdjacentElement( \"afterend\", visibilitySpan );        }        const visibilityTestDiv = document.getElementById( \"gform_visibility_test_1\" );        let postRenderFired = false;        function triggerPostRender() {            if ( postRenderFired ) {                return;            }            postRenderFired = true;            gform.core.triggerPostRenderEvents( 1, current_page );            if ( visibilityTestDiv ) {                visibilityTestDiv.parentNode.removeChild( visibilityTestDiv );            }        }        function debounce( func, wait, immediate ) {            var timeout;            return function() {                var context = this, args = arguments;                var later = function() {                    timeout = null;                    if ( !immediate ) func.apply( context, args );                };                var callNow = immediate && !timeout;                clearTimeout( timeout );                timeout = setTimeout( later, wait );                if ( callNow ) func.apply( context, args );            };        }        const debouncedTriggerPostRender = debounce( function() {            triggerPostRender();        }, 200 );        if ( visibilityTestDiv && visibilityTestDiv.offsetParent === null ) {            const observer = new MutationObserver( ( mutations ) => {                mutations.forEach( ( mutation ) => {                    if ( mutation.type === 'attributes' && visibilityTestDiv.offsetParent !== null ) {                        debouncedTriggerPostRender();                        observer.disconnect();                    }                });            });            observer.observe( document.body, {                attributes: true,                childList: false,                subtree: true,                attributeFilter: [ 'style', 'class' ],            });        } else {            triggerPostRender();        }    } );} );\n<\/script>\n\n\n\n<p><\/p>\n\n\n\n<h2 class=\"wp-block-heading\">Donatie Beheren<\/h2>\n\n\n\n<p>Wil je jouw periodieke schenking wijzigen of annuleren? <a href=\"https:\/\/www.mamacash.org\/nl\/manieren-om-te-geven\/donatie-beheren\/\">Klik hier<\/a> voor meer informatie.<\/p>\n\n\n\n<p><\/p>\n\n\n\n<h2 class=\"wp-block-heading\">Neem op een andere manier contact op<\/h2>\n\n\n\n<p>Bel ons secretariaat op +31 (0)20 5158 700.<\/p>\n\n\n\n<p><strong>Postadres:<\/strong><br>Postbus 15686<br>1001 ND Amsterdam<br>Nederland<\/p>\n\n\n\n<p><strong>Bezoekadres:<\/strong><br>Eerste Helmersstraat 17-III<br>1054 CX Amsterdam<br>Nederland<\/p>\n","protected":false},"excerpt":{"rendered":"<p>Donatie Beheren Wil je jouw periodieke schenking wijzigen of annuleren? Klik hier voor meer informatie. Neem op een andere manier&hellip;<\/p>\n","protected":false},"author":20,"featured_media":0,"parent":0,"menu_order":0,"comment_status":"closed","ping_status":"closed","template":"","meta":{"_acf_changed":false,"footnotes":""},"class_list":["post-11665","page","type-page","status-publish","hentry"],"acf":[],"_links":{"self":[{"href":"https:\/\/www.mamacash.org\/nl\/wp-json\/wp\/v2\/pages\/11665","targetHints":{"allow":["GET"]}}],"collection":[{"href":"https:\/\/www.mamacash.org\/nl\/wp-json\/wp\/v2\/pages"}],"about":[{"href":"https:\/\/www.mamacash.org\/nl\/wp-json\/wp\/v2\/types\/page"}],"author":[{"embeddable":true,"href":"https:\/\/www.mamacash.org\/nl\/wp-json\/wp\/v2\/users\/20"}],"replies":[{"embeddable":true,"href":"https:\/\/www.mamacash.org\/nl\/wp-json\/wp\/v2\/comments?post=11665"}],"version-history":[{"count":5,"href":"https:\/\/www.mamacash.org\/nl\/wp-json\/wp\/v2\/pages\/11665\/revisions"}],"predecessor-version":[{"id":20436,"href":"https:\/\/www.mamacash.org\/nl\/wp-json\/wp\/v2\/pages\/11665\/revisions\/20436"}],"wp:attachment":[{"href":"https:\/\/www.mamacash.org\/nl\/wp-json\/wp\/v2\/media?parent=11665"}],"curies":[{"name":"wp","href":"https:\/\/api.w.org\/{rel}","templated":true}]}}