{"id":10850,"date":"2023-05-25T13:11:09","date_gmt":"2023-05-25T11:11:09","guid":{"rendered":"https:\/\/www.mamacash.org\/nos-donateurs\/"},"modified":"2024-05-11T10:09:41","modified_gmt":"2024-05-11T08:09:41","slug":"nos-donateurs","status":"publish","type":"page","link":"https:\/\/www.mamacash.org\/fr\/qui-sommes-nous\/nos-donateurs\/","title":{"rendered":"Nos donateurs"},"content":{"rendered":"<section class=\"decorative-arrow wp-block alignfull has-background has-yellow-background-color\">\n    <div class=\"decorative-arrow__container\">\n        <div class=\"decorative-arrow__inner hide-mobile\">\n                                <h2 >Mama Cash n&rsquo;est pas seule dans sa mission.<\/h2>\n                                        <p>En collaboration avec des bailleurs de fonds nationaux et internationaux, des institutions, des gouvernements et des particuliers du monde entier, nous \u0153uvrons en faveur d&rsquo;un monde meilleur pour les femmes, les filles, les personnes transgenres et intersexu\u00e9es.<\/p>\n                    <\/div>\n        <div class=\"decorative-arrow__wrapper arrow-foreground hide-mobile\">\n            <span class=\"arrow-long\"><svg xmlns=\"http:\/\/www.w3.org\/2000\/svg\" fill=\"none\" viewBox=\"0 0 688 176\" role=\"img\" aria-hidden=\"true\" width=\"688\" height=\"176\"><clipPath id=\"a\"><path d=\"M0 0h687.5v176H0z\" transform=\"rotate(180 344 88)\"\/><\/clipPath><g clip-path=\"url(#a)\" stroke=\"#000\" stroke-width=\"15\"><path d=\"M730.5 93.5H45\"\/><path d=\"M109 176 43 92.5 109 0\" stroke-linecap=\"round\"\/><\/g><\/svg><\/span>\n            <span class=\"arrow-short\"><svg xmlns=\"http:\/\/www.w3.org\/2000\/svg\" viewBox=\"0 0 88 120\" fill=\"none\" role=\"img\" aria-hidden=\"true\" width=\"88\" height=\"120\"><g clip-path=\"url(#a)\" stroke=\"#000\" stroke-width=\"7.5\"><path d=\"M46.75-224v334.75\"\/><path d=\"m88 78.75-41.75 33L0 78.75\" stroke-linecap=\"round\"\/><\/g><defs><clipPath id=\"a\"><path fill=\"#fff\" transform=\"rotate(90 44 44)\" d=\"M0 0h120v88H0z\"\/><\/clipPath><\/defs><\/svg><\/span>\n        <\/div>\n    <\/div>\n<\/section>\n        <section style=\"--g-card--count: 15;\" class=\"cards wp-block animate cards--columns-6 cards--type--default alignfull has-background has-yellow-tint-background-color\">\n        <div class=\"cards__inner\">\n            \n            <div class=\"cards__items\">\n                                    <article style=\"--g-card--index: 0;\" class=\"g-card animate-element has-image g-card--type--donor\">\n    <div class=\"g-card__inner\">\n                    <div class=\"g-card__header\">\n                \n                                        <h3 class=\"g-card__heading is-style-typestyle-h4\">Dutch Ministry of Foreign Affairs (MFA)\u00a0<\/h3>\n                \n                            <\/div>\n        \n        \n            <\/div>\n\n            <div class=\"g-card__image\">\n                        <div class=\"g-card__image-inner img-fit\">\n            <img decoding=\"async\" width=\"768\" height=\"509\" src=\"https:\/\/www.mamacash.org\/wp-content\/uploads\/2023\/10\/ministerie-van-buitenlandse-zaken.jpg\" class=\"attachment-medium_large size-medium_large\" alt=\"\" role=\"presentation\" srcset=\"https:\/\/www.mamacash.org\/wp-content\/uploads\/2023\/10\/ministerie-van-buitenlandse-zaken.jpg 768w, https:\/\/www.mamacash.org\/wp-content\/uploads\/2023\/10\/ministerie-van-buitenlandse-zaken-300x199.jpg 300w\" sizes=\"(max-width: 768px) 100vw, 768px\" \/>            <\/div>\n        <\/div>\n    <\/article>\n                                    <article style=\"--g-card--index: 1;\" class=\"g-card animate-element has-image g-card--type--donor\">\n    <div class=\"g-card__inner\">\n                    <div class=\"g-card__header\">\n                \n                                        <h3 class=\"g-card__heading is-style-typestyle-h4\">Postcode Loterij (Dutch Postcode Lottery)\u00a0<\/h3>\n                \n                            <\/div>\n        \n        \n            <\/div>\n\n            <div class=\"g-card__image\">\n                        <div class=\"g-card__image-inner img-fit\">\n            <img decoding=\"async\" width=\"500\" height=\"500\" src=\"https:\/\/www.mamacash.org\/wp-content\/uploads\/2023\/10\/Untitled-design-1.png\" class=\"attachment-medium_large size-medium_large\" alt=\"\" role=\"presentation\" srcset=\"https:\/\/www.mamacash.org\/wp-content\/uploads\/2023\/10\/Untitled-design-1.png 500w, https:\/\/www.mamacash.org\/wp-content\/uploads\/2023\/10\/Untitled-design-1-300x300.png 300w, https:\/\/www.mamacash.org\/wp-content\/uploads\/2023\/10\/Untitled-design-1-150x150.png 150w\" sizes=\"(max-width: 500px) 100vw, 500px\" \/>            <\/div>\n        <\/div>\n    <\/article>\n                                    <article style=\"--g-card--index: 2;\" class=\"g-card animate-element has-image g-card--type--donor\">\n    <div class=\"g-card__inner\">\n                    <div class=\"g-card__header\">\n                \n                                        <h3 class=\"g-card__heading is-style-typestyle-h4\">Fenomenal Funds<\/h3>\n                \n                            <\/div>\n        \n        \n            <\/div>\n\n            <div class=\"g-card__image\">\n                        <div class=\"g-card__image-inner img-fit\">\n            <img decoding=\"async\" width=\"768\" height=\"509\" src=\"https:\/\/www.mamacash.org\/wp-content\/uploads\/2023\/10\/Fenomenal-Funds.jpg\" class=\"attachment-medium_large size-medium_large\" alt=\"\" role=\"presentation\" srcset=\"https:\/\/www.mamacash.org\/wp-content\/uploads\/2023\/10\/Fenomenal-Funds.jpg 768w, https:\/\/www.mamacash.org\/wp-content\/uploads\/2023\/10\/Fenomenal-Funds-300x199.jpg 300w\" sizes=\"(max-width: 768px) 100vw, 768px\" \/>            <\/div>\n        <\/div>\n    <\/article>\n                                    <article style=\"--g-card--index: 3;\" class=\"g-card animate-element has-image g-card--type--donor\">\n    <div class=\"g-card__inner\">\n                    <div class=\"g-card__header\">\n                \n                                        <h3 class=\"g-card__heading is-style-typestyle-h4\">Ford Foundation<\/h3>\n                \n                            <\/div>\n        \n        \n            <\/div>\n\n            <div class=\"g-card__image\">\n                        <div class=\"g-card__image-inner img-fit\">\n            <img decoding=\"async\" width=\"768\" height=\"507\" src=\"https:\/\/www.mamacash.org\/wp-content\/uploads\/2023\/10\/Ford-Foundation.jpg\" class=\"attachment-medium_large size-medium_large\" alt=\"\" role=\"presentation\" srcset=\"https:\/\/www.mamacash.org\/wp-content\/uploads\/2023\/10\/Ford-Foundation.jpg 768w, https:\/\/www.mamacash.org\/wp-content\/uploads\/2023\/10\/Ford-Foundation-300x198.jpg 300w\" sizes=\"(max-width: 768px) 100vw, 768px\" \/>            <\/div>\n        <\/div>\n    <\/article>\n                                    <article style=\"--g-card--index: 4;\" class=\"g-card animate-element has-image g-card--type--donor\">\n    <div class=\"g-card__inner\">\n                    <div class=\"g-card__header\">\n                \n                                        <h3 class=\"g-card__heading is-style-typestyle-h4\">Foundation for a Just Society<\/h3>\n                \n                            <\/div>\n        \n        \n            <\/div>\n\n            <div class=\"g-card__image\">\n                        <div class=\"g-card__image-inner img-fit\">\n            <img decoding=\"async\" width=\"768\" height=\"507\" src=\"https:\/\/www.mamacash.org\/wp-content\/uploads\/2023\/10\/Foundation-for-a-Just-Society.jpg\" class=\"attachment-medium_large size-medium_large\" alt=\"\" role=\"presentation\" srcset=\"https:\/\/www.mamacash.org\/wp-content\/uploads\/2023\/10\/Foundation-for-a-Just-Society.jpg 768w, https:\/\/www.mamacash.org\/wp-content\/uploads\/2023\/10\/Foundation-for-a-Just-Society-300x198.jpg 300w\" sizes=\"(max-width: 768px) 100vw, 768px\" \/>            <\/div>\n        <\/div>\n    <\/article>\n                                    <article style=\"--g-card--index: 5;\" class=\"g-card animate-element has-image g-card--type--donor\">\n    <div class=\"g-card__inner\">\n                    <div class=\"g-card__header\">\n                \n                                        <h3 class=\"g-card__heading is-style-typestyle-h4\">Generation Foundation<\/h3>\n                \n                            <\/div>\n        \n        \n            <\/div>\n\n            <div class=\"g-card__image\">\n                        <div class=\"g-card__image-inner img-fit\">\n            <img decoding=\"async\" width=\"768\" height=\"509\" src=\"https:\/\/www.mamacash.org\/wp-content\/uploads\/2023\/10\/Generation-Foundation.jpg\" class=\"attachment-medium_large size-medium_large\" alt=\"\" role=\"presentation\" srcset=\"https:\/\/www.mamacash.org\/wp-content\/uploads\/2023\/10\/Generation-Foundation.jpg 768w, https:\/\/www.mamacash.org\/wp-content\/uploads\/2023\/10\/Generation-Foundation-300x199.jpg 300w\" sizes=\"(max-width: 768px) 100vw, 768px\" \/>            <\/div>\n        <\/div>\n    <\/article>\n                                    <article style=\"--g-card--index: 6;\" class=\"g-card animate-element has-image g-card--type--donor\">\n    <div class=\"g-card__inner\">\n                    <div class=\"g-card__header\">\n                \n                                        <h3 class=\"g-card__heading is-style-typestyle-h4\">Gender Funders CoLab<\/h3>\n                \n                            <\/div>\n        \n        \n            <\/div>\n\n            <div class=\"g-card__image\">\n                        <div class=\"g-card__image-inner img-fit\">\n            <img decoding=\"async\" width=\"768\" height=\"509\" src=\"https:\/\/www.mamacash.org\/wp-content\/uploads\/2023\/10\/Gender-Funders-Colab.jpg\" class=\"attachment-medium_large size-medium_large\" alt=\"\" role=\"presentation\" srcset=\"https:\/\/www.mamacash.org\/wp-content\/uploads\/2023\/10\/Gender-Funders-Colab.jpg 768w, https:\/\/www.mamacash.org\/wp-content\/uploads\/2023\/10\/Gender-Funders-Colab-300x199.jpg 300w\" sizes=\"(max-width: 768px) 100vw, 768px\" \/>            <\/div>\n        <\/div>\n    <\/article>\n                                    <article style=\"--g-card--index: 7;\" class=\"g-card animate-element has-image g-card--type--donor\">\n    <div class=\"g-card__inner\">\n                    <div class=\"g-card__header\">\n                \n                                        <h3 class=\"g-card__heading is-style-typestyle-h4\">Global Affairs Canada (GAC)<\/h3>\n                \n                            <\/div>\n        \n        \n            <\/div>\n\n            <div class=\"g-card__image\">\n                        <div class=\"g-card__image-inner img-fit\">\n            <img decoding=\"async\" width=\"768\" height=\"509\" src=\"https:\/\/www.mamacash.org\/wp-content\/uploads\/2023\/10\/GAC.jpg\" class=\"attachment-medium_large size-medium_large\" alt=\"\" role=\"presentation\" srcset=\"https:\/\/www.mamacash.org\/wp-content\/uploads\/2023\/10\/GAC.jpg 768w, https:\/\/www.mamacash.org\/wp-content\/uploads\/2023\/10\/GAC-300x199.jpg 300w\" sizes=\"(max-width: 768px) 100vw, 768px\" \/>            <\/div>\n        <\/div>\n    <\/article>\n                                    <article style=\"--g-card--index: 8;\" class=\"g-card animate-element has-image g-card--type--donor\">\n    <div class=\"g-card__inner\">\n                    <div class=\"g-card__header\">\n                \n                                        <h3 class=\"g-card__heading is-style-typestyle-h4\">Humanity United<\/h3>\n                \n                            <\/div>\n        \n        \n            <\/div>\n\n            <div class=\"g-card__image\">\n                        <div class=\"g-card__image-inner img-fit\">\n            <img decoding=\"async\" width=\"768\" height=\"508\" src=\"https:\/\/www.mamacash.org\/wp-content\/uploads\/2023\/10\/humanity-united.jpg\" class=\"attachment-medium_large size-medium_large\" alt=\"\" role=\"presentation\" srcset=\"https:\/\/www.mamacash.org\/wp-content\/uploads\/2023\/10\/humanity-united.jpg 768w, https:\/\/www.mamacash.org\/wp-content\/uploads\/2023\/10\/humanity-united-300x198.jpg 300w\" sizes=\"(max-width: 768px) 100vw, 768px\" \/>            <\/div>\n        <\/div>\n    <\/article>\n                                    <article style=\"--g-card--index: 9;\" class=\"g-card animate-element has-image g-card--type--donor\">\n    <div class=\"g-card__inner\">\n                    <div class=\"g-card__header\">\n                \n                                        <h3 class=\"g-card__heading is-style-typestyle-h4\">Oak Foundation<\/h3>\n                \n                            <\/div>\n        \n        \n            <\/div>\n\n            <div class=\"g-card__image\">\n                        <div class=\"g-card__image-inner img-fit\">\n            <img decoding=\"async\" width=\"768\" height=\"508\" src=\"https:\/\/www.mamacash.org\/wp-content\/uploads\/2023\/10\/Oak-Foundation.jpg\" class=\"attachment-medium_large size-medium_large\" alt=\"\" role=\"presentation\" srcset=\"https:\/\/www.mamacash.org\/wp-content\/uploads\/2023\/10\/Oak-Foundation.jpg 768w, https:\/\/www.mamacash.org\/wp-content\/uploads\/2023\/10\/Oak-Foundation-300x198.jpg 300w\" sizes=\"(max-width: 768px) 100vw, 768px\" \/>            <\/div>\n        <\/div>\n    <\/article>\n                                    <article style=\"--g-card--index: 10;\" class=\"g-card animate-element has-image g-card--type--donor\">\n    <div class=\"g-card__inner\">\n                    <div class=\"g-card__header\">\n                \n                                        <h3 class=\"g-card__heading is-style-typestyle-h4\">Silicon Valley Community Foundation (MacKenzie Scott)<\/h3>\n                \n                            <\/div>\n        \n        \n            <\/div>\n\n            <div class=\"g-card__image\">\n                        <div class=\"g-card__image-inner img-fit\">\n            <img decoding=\"async\" width=\"768\" height=\"509\" src=\"https:\/\/www.mamacash.org\/wp-content\/uploads\/2023\/10\/SVCF.jpg\" class=\"attachment-medium_large size-medium_large\" alt=\"\" role=\"presentation\" srcset=\"https:\/\/www.mamacash.org\/wp-content\/uploads\/2023\/10\/SVCF.jpg 768w, https:\/\/www.mamacash.org\/wp-content\/uploads\/2023\/10\/SVCF-300x199.jpg 300w\" sizes=\"(max-width: 768px) 100vw, 768px\" \/>            <\/div>\n        <\/div>\n    <\/article>\n                                    <article style=\"--g-card--index: 11;\" class=\"g-card animate-element has-image g-card--type--donor\">\n    <div class=\"g-card__inner\">\n                    <div class=\"g-card__header\">\n                \n                                        <h3 class=\"g-card__heading is-style-typestyle-h4\">Swedish International Development Cooperation Agency (Sida)<\/h3>\n                \n                            <\/div>\n        \n        \n            <\/div>\n\n            <div class=\"g-card__image\">\n                        <div class=\"g-card__image-inner img-fit\">\n            <img decoding=\"async\" width=\"768\" height=\"509\" src=\"https:\/\/www.mamacash.org\/wp-content\/uploads\/2023\/10\/Sida.jpg\" class=\"attachment-medium_large size-medium_large\" alt=\"\" role=\"presentation\" srcset=\"https:\/\/www.mamacash.org\/wp-content\/uploads\/2023\/10\/Sida.jpg 768w, https:\/\/www.mamacash.org\/wp-content\/uploads\/2023\/10\/Sida-300x199.jpg 300w\" sizes=\"(max-width: 768px) 100vw, 768px\" \/>            <\/div>\n        <\/div>\n    <\/article>\n                                    <article style=\"--g-card--index: 12;\" class=\"g-card animate-element has-image g-card--type--donor\">\n    <div class=\"g-card__inner\">\n                    <div class=\"g-card__header\">\n                \n                                        <h3 class=\"g-card__heading is-style-typestyle-h4\">Porticus<\/h3>\n                \n                            <\/div>\n        \n        \n            <\/div>\n\n            <div class=\"g-card__image\">\n                        <div class=\"g-card__image-inner img-fit\">\n            <img decoding=\"async\" width=\"768\" height=\"508\" src=\"https:\/\/www.mamacash.org\/wp-content\/uploads\/2023\/10\/Portius.jpg\" class=\"attachment-medium_large size-medium_large\" alt=\"\" role=\"presentation\" srcset=\"https:\/\/www.mamacash.org\/wp-content\/uploads\/2023\/10\/Portius.jpg 768w, https:\/\/www.mamacash.org\/wp-content\/uploads\/2023\/10\/Portius-300x198.jpg 300w\" sizes=\"(max-width: 768px) 100vw, 768px\" \/>            <\/div>\n        <\/div>\n    <\/article>\n                                    <article style=\"--g-card--index: 13;\" class=\"g-card animate-element has-image g-card--type--donor\">\n    <div class=\"g-card__inner\">\n                    <div class=\"g-card__header\">\n                \n                                        <h3 class=\"g-card__heading is-style-typestyle-h4\">WE Trust<\/h3>\n                \n                            <\/div>\n        \n        \n            <\/div>\n\n            <div class=\"g-card__image\">\n                        <div class=\"g-card__image-inner img-fit\">\n            <img decoding=\"async\" width=\"768\" height=\"509\" src=\"https:\/\/www.mamacash.org\/wp-content\/uploads\/2023\/10\/We-Trust-1.jpg\" class=\"attachment-medium_large size-medium_large\" alt=\"\" role=\"presentation\" srcset=\"https:\/\/www.mamacash.org\/wp-content\/uploads\/2023\/10\/We-Trust-1.jpg 768w, https:\/\/www.mamacash.org\/wp-content\/uploads\/2023\/10\/We-Trust-1-300x199.jpg 300w\" sizes=\"(max-width: 768px) 100vw, 768px\" \/>            <\/div>\n        <\/div>\n    <\/article>\n                                    <article style=\"--g-card--index: 14;\" class=\"g-card animate-element has-image g-card--type--donor\">\n    <div class=\"g-card__inner\">\n                    <div class=\"g-card__header\">\n                \n                                        <h3 class=\"g-card__heading is-style-typestyle-h4\">Wellspring Philanthropic Fund<\/h3>\n                \n                                    <div class=\"g-card__content\">\n                        Wellspring Philanthropies (wellspring-philanthropies.org)                    <\/div>\n                            <\/div>\n        \n        \n            <\/div>\n\n            <div class=\"g-card__image\">\n                        <div class=\"g-card__image-inner img-fit\">\n            <img decoding=\"async\" width=\"768\" height=\"509\" src=\"https:\/\/www.mamacash.org\/wp-content\/uploads\/2023\/10\/Wellspring.jpg\" class=\"attachment-medium_large size-medium_large\" alt=\"\" role=\"presentation\" srcset=\"https:\/\/www.mamacash.org\/wp-content\/uploads\/2023\/10\/Wellspring.jpg 768w, https:\/\/www.mamacash.org\/wp-content\/uploads\/2023\/10\/Wellspring-300x199.jpg 300w\" sizes=\"(max-width: 768px) 100vw, 768px\" \/>            <\/div>\n        <\/div>\n    <\/article>\n                            <\/div>\n        <\/div>\n    <\/section>\n<section class=\"cta-banner wp-block aligncenter has-background has-corp-blue-background-color\">\n    <div class=\"cta-banner__inner\">\n                    <h3 class=\"cta-banner__heading\">\n                <span>\n                    Soutenir les femmes, les jeunes filles et les personnes trans et intersexu\u00e9es                <\/span>\n            <\/h3>\n        \n        <div class=\"cta-banner__wrapper\">\n                            <div class=\"cta-banner__description\">\n                    Gr\u00e2ce \u00e0 votre soutien, nous pouvons continuer \u00e0 veiller \u00e0 ce que les femmes, les filles et les personnes trans et intersexu\u00e9es b\u00e9n\u00e9ficient d&rsquo;un traitement \u00e9quitable, o\u00f9 qu&rsquo;elles se trouvent dans le monde.                <\/div>\n            \n                                <a  href=\"https:\/\/mamacash.donorsupport.co\/-\/XHJTCXNJ\" class=\"g-button cta-banner__link\">Faire un don<\/a>\n                    <\/div>\n    <\/div>\n<\/section>\n","protected":false},"excerpt":{"rendered":"","protected":false},"author":20,"featured_media":0,"parent":7943,"menu_order":0,"comment_status":"closed","ping_status":"closed","template":"","meta":{"_acf_changed":false,"footnotes":""},"class_list":["post-10850","page","type-page","status-publish","hentry"],"acf":[],"_links":{"self":[{"href":"https:\/\/www.mamacash.org\/fr\/wp-json\/wp\/v2\/pages\/10850","targetHints":{"allow":["GET"]}}],"collection":[{"href":"https:\/\/www.mamacash.org\/fr\/wp-json\/wp\/v2\/pages"}],"about":[{"href":"https:\/\/www.mamacash.org\/fr\/wp-json\/wp\/v2\/types\/page"}],"author":[{"embeddable":true,"href":"https:\/\/www.mamacash.org\/fr\/wp-json\/wp\/v2\/users\/20"}],"replies":[{"embeddable":true,"href":"https:\/\/www.mamacash.org\/fr\/wp-json\/wp\/v2\/comments?post=10850"}],"version-history":[{"count":1,"href":"https:\/\/www.mamacash.org\/fr\/wp-json\/wp\/v2\/pages\/10850\/revisions"}],"predecessor-version":[{"id":10851,"href":"https:\/\/www.mamacash.org\/fr\/wp-json\/wp\/v2\/pages\/10850\/revisions\/10851"}],"up":[{"embeddable":true,"href":"https:\/\/www.mamacash.org\/fr\/wp-json\/wp\/v2\/pages\/7943"}],"wp:attachment":[{"href":"https:\/\/www.mamacash.org\/fr\/wp-json\/wp\/v2\/media?parent=10850"}],"curies":[{"name":"wp","href":"https:\/\/api.w.org\/{rel}","templated":true}]}}