{"id":10588,"date":"2023-04-27T11:20:05","date_gmt":"2023-04-27T09:20:05","guid":{"rendered":"https:\/\/www.mamacash.org\/demander-une-subvention\/"},"modified":"2025-03-24T16:12:22","modified_gmt":"2025-03-24T15:12:22","slug":"demander-une-subvention","status":"publish","type":"page","link":"https:\/\/www.mamacash.org\/fr\/demander-une-subvention\/","title":{"rendered":"Demander une subvention"},"content":{"rendered":"\n<h2 class=\"wp-block-heading\">Comparaison de toutes nos subventions<\/h2>\n\n\n\n<p>Lequel vous convient le mieux ?<\/p>\n\n\n    <section class=\"wp-block funds-table has-background has-white-background-color alignwide\">\n    <table>\n\n    <tr><td class=\"key\"><span><\/span><\/td><th scope=\"col\" class=\"top\"><p class=\"funds-table__heading\">FONDS RADICAL LOVE\u00a0<\/p><p class=\"fund-link\"><a href=\"https:\/\/www.mamacash.org\/fr\/fonds\/fonds-radical-love\/\">En savoir plus<\/a><\/p><\/th><th scope=\"col\" class=\"top\"><p class=\"funds-table__heading\">Fonds de r\u00e9silience<\/p><p class=\"fund-link\"><a href=\"https:\/\/www.mamacash.org\/fr\/fonds\/fonds-de-resilience-2\/\">En savoir plus<\/a><\/p><\/th><th scope=\"col\" class=\"top\"><p class=\"funds-table__heading\">Fonds de Solidarit\u00e9<\/p><p class=\"fund-link\"><a href=\"https:\/\/www.mamacash.org\/fr\/fonds\/fonds-de-solidarite-2\/\">En savoir plus<\/a><\/p><\/th><th scope=\"col\" class=\"top\"><p class=\"funds-table__heading\">Fonds de r\u00e9silience<\/p><p class=\"fund-link\"><a href=\"https:\/\/www.mamacash.org\/fr\/fonds\/fonds-de-resilience\/\">En savoir plus<\/a><\/p><\/th><th scope=\"col\" class=\"top\"><p class=\"funds-table__heading\">FONDS REVOLUTION\u00a0<\/p><p class=\"fund-link\"><a href=\"https:\/\/www.mamacash.org\/fr\/fonds\/fonds-revolutionnaire\/\">En savoir plus<\/a><\/p><\/th><th scope=\"col\" class=\"top\"><p class=\"funds-table__heading\">FONDS RADICAL LOVE\u00a0<\/p><p class=\"fund-link\"><a href=\"https:\/\/www.mamacash.org\/fr\/fonds\/fonds-pour-lamour-radical\/\">En savoir plus<\/a><\/p><\/th><th scope=\"col\" class=\"top\"><p class=\"funds-table__heading\">Fonds Spark<\/p><p class=\"fund-link\"><a href=\"https:\/\/www.mamacash.org\/fr\/fonds\/fonds-spark\/\">En savoir plus<\/a><\/p><\/th><\/tr><tr><th scope=\"row\" class=\" key\"><span>Value of grant<\/span><\/th><td>\u20ac7,000<\/td><td>5 000 \u20ac &#8211; 50 000 \u20ac par an, montant moyen des subventions 35 000 \u20ac.<\/td><td>30,000 \u20ac &#8211; 40,000 \u20ac pour un an <\/td><td>5 000 \u20ac &#8211; 50 000 \u20ac par an, montant moyen des subventions 35 000 \u20ac.<\/td><td><\/td><td>\u20ac7,000<\/td><td><\/td><\/tr><tr><th scope=\"row\" class=\" key\"><span>Applications open<\/span><\/th><td><\/td><td>mars 3, 2025<\/td><td>avril 1, 2026<\/td><td><\/td><td><\/td><td><\/td><td>ao\u00fbt 1, 2025<\/td><\/tr><tr><th scope=\"row\" class=\" key\"><span>Applications close<\/span><\/th><td><\/td><td>mars 31, 2025<\/td><td>avril 30, 2026<\/td><td><\/td><td><\/td><td><\/td><td>ao\u00fbt 31, 2025<\/td><\/tr><tr><th scope=\"row\" class=\" key\"><span>Travailler dans une perspective f\u00e9ministe, de femmes, de filles, de droits des transgenres et\/ou de droits des personnes intersexu\u00e9es.<\/span><\/th><td><\/td><td><\/td><td><img decoding=\"async\" src=\"https:\/\/www.mamacash.org\/wp-content\/themes\/mamacash\/assets\/images\/icons\/tick.svg\" alt=\"eligibility rule applies\" loading=\"lazy\" class=\"icon-tick\" width=\"11\" height=\"8\"><\/td><td><img decoding=\"async\" src=\"https:\/\/www.mamacash.org\/wp-content\/themes\/mamacash\/assets\/images\/icons\/tick.svg\" alt=\"eligibility rule applies\" loading=\"lazy\" class=\"icon-tick\" width=\"11\" height=\"8\"><\/td><td><\/td><td><\/td><td><\/td><\/tr><tr><th scope=\"row\" class=\" key\"><span>Fonds pour les femmes<\/span><\/th><td><\/td><td><\/td><td><img decoding=\"async\" src=\"https:\/\/www.mamacash.org\/wp-content\/themes\/mamacash\/assets\/images\/icons\/tick.svg\" alt=\"eligibility rule applies\" loading=\"lazy\" class=\"icon-tick\" width=\"11\" height=\"8\"><\/td><td><\/td><td><\/td><td><\/td><td><\/td><\/tr><tr><th scope=\"row\" class=\" key\"><span>Autog\u00e9r\u00e9s par les femmes, les jeunes filles, les personnes trans et\/ou intersexu\u00e9es qu&#039;ils servent.<\/span><\/th><td><img decoding=\"async\" src=\"https:\/\/www.mamacash.org\/wp-content\/themes\/mamacash\/assets\/images\/icons\/tick.svg\" alt=\"eligibility rule applies\" loading=\"lazy\" class=\"icon-tick\" width=\"11\" height=\"8\"><\/td><td><\/td><td><img decoding=\"async\" src=\"https:\/\/www.mamacash.org\/wp-content\/themes\/mamacash\/assets\/images\/icons\/tick.svg\" alt=\"eligibility rule applies\" loading=\"lazy\" class=\"icon-tick\" width=\"11\" height=\"8\"><\/td><td><img decoding=\"async\" src=\"https:\/\/www.mamacash.org\/wp-content\/themes\/mamacash\/assets\/images\/icons\/tick.svg\" alt=\"eligibility rule applies\" loading=\"lazy\" class=\"icon-tick\" width=\"11\" height=\"8\"><\/td><td><\/td><td><\/td><td><\/td><\/tr><tr><th scope=\"row\" class=\" key\"><span>Chercher \u00e0 cr\u00e9er une opportunit\u00e9 de changement, permettre une r\u00e9action \u00e0 un besoin urgent et\/ou lancer un nouveau projet ou une nouvelle id\u00e9e.<\/span><\/th><td><img decoding=\"async\" src=\"https:\/\/www.mamacash.org\/wp-content\/themes\/mamacash\/assets\/images\/icons\/tick.svg\" alt=\"eligibility rule applies\" loading=\"lazy\" class=\"icon-tick\" width=\"11\" height=\"8\"><\/td><td><\/td><td><\/td><td><\/td><td><\/td><td><\/td><td><\/td><\/tr><tr><th scope=\"row\" class=\" key\"><span>Recevoir une nomination de Mama Cash<\/span><\/th><td><img decoding=\"async\" src=\"https:\/\/www.mamacash.org\/wp-content\/themes\/mamacash\/assets\/images\/icons\/tick.svg\" alt=\"eligibility rule applies\" loading=\"lazy\" class=\"icon-tick\" width=\"11\" height=\"8\"><\/td><td><\/td><td><\/td><td><\/td><td><\/td><td><img decoding=\"async\" src=\"https:\/\/www.mamacash.org\/wp-content\/themes\/mamacash\/assets\/images\/icons\/tick.svg\" alt=\"eligibility rule applies\" loading=\"lazy\" class=\"icon-tick\" width=\"11\" height=\"8\"><\/td><td><\/td><\/tr><tr><th scope=\"row\" class=\" key\"><span>Pousser \u00e0 un changement structurel et fondamental<\/span><\/th><td><img decoding=\"async\" src=\"https:\/\/www.mamacash.org\/wp-content\/themes\/mamacash\/assets\/images\/icons\/tick.svg\" alt=\"eligibility rule applies\" loading=\"lazy\" class=\"icon-tick\" width=\"11\" height=\"8\"><\/td><td><\/td><td><\/td><td><img decoding=\"async\" src=\"https:\/\/www.mamacash.org\/wp-content\/themes\/mamacash\/assets\/images\/icons\/tick.svg\" alt=\"eligibility rule applies\" loading=\"lazy\" class=\"icon-tick\" width=\"11\" height=\"8\"><\/td><td><\/td><td><img decoding=\"async\" src=\"https:\/\/www.mamacash.org\/wp-content\/themes\/mamacash\/assets\/images\/icons\/tick.svg\" alt=\"eligibility rule applies\" loading=\"lazy\" class=\"icon-tick\" width=\"11\" height=\"8\"><\/td><td><\/td><\/tr><tr><th scope=\"row\" class=\" key\"><span>La promotion des droits humains des femmes, des jeunes filles, des personnes transgenres et\/ou intersexu\u00e9es est une mission essentielle.<\/span><\/th><td><\/td><td><\/td><td><img decoding=\"async\" src=\"https:\/\/www.mamacash.org\/wp-content\/themes\/mamacash\/assets\/images\/icons\/tick.svg\" alt=\"eligibility rule applies\" loading=\"lazy\" class=\"icon-tick\" width=\"11\" height=\"8\"><\/td><td><img decoding=\"async\" src=\"https:\/\/www.mamacash.org\/wp-content\/themes\/mamacash\/assets\/images\/icons\/tick.svg\" alt=\"eligibility rule applies\" loading=\"lazy\" class=\"icon-tick\" width=\"11\" height=\"8\"><\/td><td><\/td><td><\/td><td><\/td><\/tr><tr><th scope=\"row\" class=\" key\"><span>*Refl\u00e9ter la vision, la mission et les valeurs de notre institution<\/span><\/th><td><img decoding=\"async\" src=\"https:\/\/www.mamacash.org\/wp-content\/themes\/mamacash\/assets\/images\/icons\/tick.svg\" alt=\"eligibility rule applies\" loading=\"lazy\" class=\"icon-tick\" width=\"11\" height=\"8\"><\/td><td><\/td><td><\/td><td><\/td><td><\/td><td><\/td><td><\/td><\/tr><tr><th scope=\"row\" class=\" key\"><span>*Avoir fait preuve d&#039;une exp\u00e9rience personnelle et\/ou professionnelle significative dans les communaut\u00e9s et mouvements f\u00e9ministes dont elles font partie.<\/span><\/th><td><img decoding=\"async\" src=\"https:\/\/www.mamacash.org\/wp-content\/themes\/mamacash\/assets\/images\/icons\/tick.svg\" alt=\"eligibility rule applies\" loading=\"lazy\" class=\"icon-tick\" width=\"11\" height=\"8\"><\/td><td><\/td><td><\/td><td><\/td><td><\/td><td><img decoding=\"async\" src=\"https:\/\/www.mamacash.org\/wp-content\/themes\/mamacash\/assets\/images\/icons\/tick.svg\" alt=\"eligibility rule applies\" loading=\"lazy\" class=\"icon-tick\" width=\"11\" height=\"8\"><\/td><td><\/td><\/tr><tr><th scope=\"row\" class=\" key\"><span>*S&#039;engager dans un travail qui fera avancer l&#039;agenda du (des) mouvement(s) dont ils font partie.<\/span><\/th><td><img decoding=\"async\" src=\"https:\/\/www.mamacash.org\/wp-content\/themes\/mamacash\/assets\/images\/icons\/tick.svg\" alt=\"eligibility rule applies\" loading=\"lazy\" class=\"icon-tick\" width=\"11\" height=\"8\"><\/td><td><\/td><td><\/td><td><\/td><td><\/td><td><img decoding=\"async\" src=\"https:\/\/www.mamacash.org\/wp-content\/themes\/mamacash\/assets\/images\/icons\/tick.svg\" alt=\"eligibility rule applies\" loading=\"lazy\" class=\"icon-tick\" width=\"11\" height=\"8\"><\/td><td><\/td><\/tr><tr><th scope=\"row\" class=\" key\"><span>Se concentrer sur les questions qui ne sont pas suffisamment abord\u00e9es et\/ou qui sont contest\u00e9es<\/span><\/th><td><img decoding=\"async\" src=\"https:\/\/www.mamacash.org\/wp-content\/themes\/mamacash\/assets\/images\/icons\/tick.svg\" alt=\"eligibility rule applies\" loading=\"lazy\" class=\"icon-tick\" width=\"11\" height=\"8\"><\/td><td><\/td><td><\/td><td><img decoding=\"async\" src=\"https:\/\/www.mamacash.org\/wp-content\/themes\/mamacash\/assets\/images\/icons\/tick.svg\" alt=\"eligibility rule applies\" loading=\"lazy\" class=\"icon-tick\" width=\"11\" height=\"8\"><\/td><td><\/td><td><img decoding=\"async\" src=\"https:\/\/www.mamacash.org\/wp-content\/themes\/mamacash\/assets\/images\/icons\/tick.svg\" alt=\"eligibility rule applies\" loading=\"lazy\" class=\"icon-tick\" width=\"11\" height=\"8\"><\/td><td><\/td><\/tr>\n    <\/table>\n<\/section>\n\n\n    <section class=\"content-grid cards wp-block animate content-grid--grid alignwide\">\n        <div class=\"content-grid__inner\">\n                            <div class=\"content-grid__header\">\n                                                <h2 class=\"content-grid__heading yellow-highlight\">Demande de subvention<\/h2>\n                    \n                                    <\/div>\n            \n            <div class=\"content-grid__items\">\n                                    <div class=\"content-grid__item__outer\">\n                        <div class=\"content-grid__item\">\n                            <div class=\"content-grid__contain\">\n                                                                    <h6>Fonds Spark<\/h6>\n                                                                                            <\/div>\n                        <\/div>\n                                                        <a  href=\"https:\/\/www.mamacash.org\/fr\/fonds\/fonds-spark\/\">Fonds Spark<\/a>\n                                            <\/div>\n                                    <div class=\"content-grid__item__outer\">\n                        <div class=\"content-grid__item\">\n                            <div class=\"content-grid__contain\">\n                                                                    <h6>Fonds de solidarit\u00e9<\/h6>\n                                                                                            <\/div>\n                        <\/div>\n                                                        <a  href=\"https:\/\/www.mamacash.org\/fr\/fonds\/fonds-de-solidarite-2\/\">Fonds de solidarit\u00e9<\/a>\n                                            <\/div>\n                                    <div class=\"content-grid__item__outer\">\n                        <div class=\"content-grid__item\">\n                            <div class=\"content-grid__contain\">\n                                                                    <h6>Fonds de r\u00e9silience<\/h6>\n                                                                                            <\/div>\n                        <\/div>\n                                                        <a rel=\"noopener\" href=\"https:\/\/www.mamacash.org\/fr\/fonds\/fonds-de-resilience\/\" target=\"_blank\">Fonds de R\u00e9silience<\/a>\n                                            <\/div>\n                            <\/div>\n        <\/div>\n    <\/section>\n","protected":false},"excerpt":{"rendered":"<p>Comparaison de toutes nos subventions Lequel vous convient le mieux ?<\/p>\n","protected":false},"author":20,"featured_media":0,"parent":0,"menu_order":0,"comment_status":"closed","ping_status":"closed","template":"","meta":{"_acf_changed":false,"footnotes":""},"class_list":["post-10588","page","type-page","status-publish","hentry"],"acf":[],"_links":{"self":[{"href":"https:\/\/www.mamacash.org\/fr\/wp-json\/wp\/v2\/pages\/10588","targetHints":{"allow":["GET"]}}],"collection":[{"href":"https:\/\/www.mamacash.org\/fr\/wp-json\/wp\/v2\/pages"}],"about":[{"href":"https:\/\/www.mamacash.org\/fr\/wp-json\/wp\/v2\/types\/page"}],"author":[{"embeddable":true,"href":"https:\/\/www.mamacash.org\/fr\/wp-json\/wp\/v2\/users\/20"}],"replies":[{"embeddable":true,"href":"https:\/\/www.mamacash.org\/fr\/wp-json\/wp\/v2\/comments?post=10588"}],"version-history":[{"count":9,"href":"https:\/\/www.mamacash.org\/fr\/wp-json\/wp\/v2\/pages\/10588\/revisions"}],"predecessor-version":[{"id":16578,"href":"https:\/\/www.mamacash.org\/fr\/wp-json\/wp\/v2\/pages\/10588\/revisions\/16578"}],"wp:attachment":[{"href":"https:\/\/www.mamacash.org\/fr\/wp-json\/wp\/v2\/media?parent=10588"}],"curies":[{"name":"wp","href":"https:\/\/api.w.org\/{rel}","templated":true}]}}