{"id":10572,"date":"2023-07-17T17:13:13","date_gmt":"2023-07-17T15:13:13","guid":{"rendered":"https:\/\/www.mamacash.org\/facons-de-donner\/"},"modified":"2024-05-11T10:09:37","modified_gmt":"2024-05-11T08:09:37","slug":"facons-de-donner","status":"publish","type":"page","link":"https:\/\/www.mamacash.org\/fr\/facons-de-donner\/","title":{"rendered":"Fa\u00e7ons de donner"},"content":{"rendered":"<div class=\"media-content wp-block media-content--left media-content--media-type--image alignfull\">\n    <div class=\"media-content__inner\">\n        <div class=\"media-content__content\">\n                                <h2 class=\"media-content__heading pink-highlight heading-highlight\">Faire un don \u00e0 titre <strong>individuel<\/strong><\/h2>\n            \n            \n                                <h3 class=\"media-content__subheading\">Il existe de nombreuses fa\u00e7ons de faire un don \u00e0 Mama Cash. D\u00e9couvrez comment faire un don en ligne, par virement bancaire ou en b\u00e9n\u00e9ficiant d&rsquo;avantages fiscaux.<\/h3>\n            \n                                        \n                                                <div class=\"flex-list\">\n                            <a  href=\"https:\/\/www.mamacash.org\/ways-to-give\/donate-as-an-individual\/\" class=\"g-button\">Find out more<\/a>\n                    <\/div>\n                                    <\/div>\n\n                    <div class=\"media-content__container\">\n                <div class=\"media-content__media img-fit\">\n                    <img decoding=\"async\" width=\"1080\" height=\"720\" src=\"https:\/\/www.mamacash.org\/wp-content\/uploads\/2023\/08\/2023_01_12_20_17_IMG_8090.jpg\" class=\"attachment-super size-super\" alt=\"\" sizes=\"(max-width: 768px) 100vw, 50vw\" role=\"presentation\" srcset=\"https:\/\/www.mamacash.org\/wp-content\/uploads\/2023\/08\/2023_01_12_20_17_IMG_8090.jpg 1080w, https:\/\/www.mamacash.org\/wp-content\/uploads\/2023\/08\/2023_01_12_20_17_IMG_8090-300x200.jpg 300w, https:\/\/www.mamacash.org\/wp-content\/uploads\/2023\/08\/2023_01_12_20_17_IMG_8090-1024x683.jpg 1024w, https:\/\/www.mamacash.org\/wp-content\/uploads\/2023\/08\/2023_01_12_20_17_IMG_8090-768x512.jpg 768w\" \/>                <\/div>\n                \n                \n                \n            <\/div>\n            <\/div>\n<\/div>\n<div class=\"media-content wp-block media-content--right media-content--media-type--image alignfull has-background has-yellow-background-color\">\n    <div class=\"media-content__inner\">\n        <div class=\"media-content__content\">\n                                <h2 class=\"media-content__heading pink-highlight heading-highlight\">Faire un don en tant qu&rsquo;organisation<\/h2>\n            \n            \n                                <h3 class=\"media-content__subheading\">Mama Cash croit fermement au pouvoir du collectif. Vous pouvez faire un don en tant qu&rsquo;organisation, cliquez sur le lien ci-dessous pour savoir comment proc\u00e9der.<\/h3>\n            \n                                        \n                                                <div class=\"flex-list\">\n                            <a  href=\"https:\/\/www.mamacash.org\/donating-as-an-organisation\/\" class=\"g-button\">Find out more<\/a>\n                    <\/div>\n                                    <\/div>\n\n                    <div class=\"media-content__container\">\n                <div class=\"media-content__media img-fit\">\n                    <img decoding=\"async\" width=\"1366\" height=\"768\" src=\"https:\/\/www.mamacash.org\/wp-content\/uploads\/2023\/05\/New-Web-2.png\" class=\"attachment-super size-super\" alt=\"\" sizes=\"(max-width: 768px) 100vw, 50vw\" role=\"presentation\" srcset=\"https:\/\/www.mamacash.org\/wp-content\/uploads\/2023\/05\/New-Web-2.png 1366w, https:\/\/www.mamacash.org\/wp-content\/uploads\/2023\/05\/New-Web-2-300x169.png 300w, https:\/\/www.mamacash.org\/wp-content\/uploads\/2023\/05\/New-Web-2-1024x576.png 1024w, https:\/\/www.mamacash.org\/wp-content\/uploads\/2023\/05\/New-Web-2-768x432.png 768w\" \/>                <\/div>\n                \n                \n                \n            <\/div>\n            <\/div>\n<\/div>\n<div class=\"media-content wp-block media-content--left media-content--media-type--image alignfull\">\n    <div class=\"media-content__inner\">\n        <div class=\"media-content__content\">\n                                <h2 class=\"media-content__heading pink-highlight heading-highlight\">Laisser un <strong>h\u00e9ritage<\/strong><\/h2>\n            \n            \n                                <h3 class=\"media-content__subheading\">C&rsquo;est gr\u00e2ce aux dons en h\u00e9ritage que Mama Cash a vu le jour et c&rsquo;est un excellent moyen de transmettre vos id\u00e9aux f\u00e9ministes ! Pour en savoir plus sur la fa\u00e7on de faire un legs, voir ci-dessous.<\/h3>\n            \n                                        \n                                                <div class=\"flex-list\">\n                            <a  href=\"https:\/\/www.mamacash.org\/leave-a-legacy\/\" class=\"g-button\">Find out more<\/a>\n                    <\/div>\n                                    <\/div>\n\n                    <div class=\"media-content__container\">\n                <div class=\"media-content__media img-fit\">\n                    <img decoding=\"async\" width=\"2048\" height=\"1365\" src=\"https:\/\/www.mamacash.org\/wp-content\/uploads\/2023\/08\/Green-Girls-2021.jpg\" class=\"attachment-super size-super\" alt=\"5 filles se tenant ensemble \u00e0 l&#039;ext\u00e9rieur, souriantes, le poing lev\u00e9\" sizes=\"(max-width: 768px) 100vw, 50vw\" srcset=\"https:\/\/www.mamacash.org\/wp-content\/uploads\/2023\/08\/Green-Girls-2021.jpg 2048w, https:\/\/www.mamacash.org\/wp-content\/uploads\/2023\/08\/Green-Girls-2021-300x200.jpg 300w, https:\/\/www.mamacash.org\/wp-content\/uploads\/2023\/08\/Green-Girls-2021-1024x683.jpg 1024w, https:\/\/www.mamacash.org\/wp-content\/uploads\/2023\/08\/Green-Girls-2021-768x512.jpg 768w, https:\/\/www.mamacash.org\/wp-content\/uploads\/2023\/08\/Green-Girls-2021-1536x1024.jpg 1536w\" \/>                <\/div>\n                \n                \n                \n            <\/div>\n            <\/div>\n<\/div>\n<div class=\"media-content wp-block media-content--right media-content--media-type--image alignfull has-background has-yellow-background-color\">\n    <div class=\"media-content__inner\">\n        <div class=\"media-content__content\">\n                                <h2 class=\"media-content__heading pink-highlight heading-highlight\">Dons importants<\/h2>\n            \n            \n                                <h3 class=\"media-content__subheading\">Vous \u00eates un particulier, une entreprise ou une fondation et vous souhaitez faire un don important ? Cliquez ci-dessous pour savoir comment faire.<\/h3>\n            \n                                        \n                                                <div class=\"flex-list\">\n                            <a  href=\"https:\/\/www.mamacash.org\/major-gifts\/\" class=\"g-button\">Find out more<\/a>\n                    <\/div>\n                                    <\/div>\n\n                    <div class=\"media-content__container\">\n                <div class=\"media-content__media img-fit\">\n                    <img decoding=\"async\" width=\"1147\" height=\"756\" src=\"https:\/\/www.mamacash.org\/wp-content\/uploads\/2023\/12\/IMG_1050.jpg\" class=\"attachment-super size-super\" alt=\"\" sizes=\"(max-width: 768px) 100vw, 50vw\" role=\"presentation\" srcset=\"https:\/\/www.mamacash.org\/wp-content\/uploads\/2023\/12\/IMG_1050.jpg 1147w, https:\/\/www.mamacash.org\/wp-content\/uploads\/2023\/12\/IMG_1050-300x198.jpg 300w, https:\/\/www.mamacash.org\/wp-content\/uploads\/2023\/12\/IMG_1050-1024x675.jpg 1024w, https:\/\/www.mamacash.org\/wp-content\/uploads\/2023\/12\/IMG_1050-768x506.jpg 768w\" \/>                <\/div>\n                \n                \n                \n            <\/div>\n            <\/div>\n<\/div>\n\n<div class=\"wp-block-columns is-layout-flex wp-container-core-columns-is-layout-9d6595d7 wp-block-columns-is-layout-flex\">\n<div class=\"wp-block-column is-layout-flow wp-block-column-is-layout-flow\">\n<h2 class=\"wp-block-heading\">Pourquoi faire un don ?<\/h2>\n<\/div>\n\n\n\n<div class=\"wp-block-column is-layout-flow wp-block-column-is-layout-flow\">\n<p>Quel que soit le montant de votre don, votre soutien permettra de financer directement les militants qui, sur le terrain, \u0153uvrent \u00e0 un avenir meilleur pour les femmes, les jeunes filles et les personnes transgenres et intersexu\u00e9es.<\/p>\n\n\n\n<div class=\"wp-block-buttons is-layout-flex wp-block-buttons-is-layout-flex\">\n<div class=\"wp-block-button\"><a class=\"wp-block-button__link wp-element-button\" href=\"https:\/\/www.mamacash.org\/fr\/facons-de-donner\/pourquoi-faire-un-don\/\">En savoir plus<\/a><\/div>\n<\/div>\n<\/div>\n<\/div>\n<section class=\"cta-banner wp-block aligncenter has-background has-teal-background-color\">\n    <div class=\"cta-banner__inner\">\n                    <h3 class=\"cta-banner__heading\">\n                <span>\n                    Des questions sur les dons ?                <\/span>\n            <\/h3>\n        \n        <div class=\"cta-banner__wrapper\">\n                            <div class=\"cta-banner__description\">\n                    Prenez contact avec nous. Nous nous ferons un plaisir de r\u00e9pondre \u00e0 vos questions.                <\/div>\n            \n                                <a  href=\"https:\/\/www.mamacash.org\/contact-mama-cash\/\" class=\"g-button cta-banner__link\">Contactez nous<\/a>\n                    <\/div>\n    <\/div>\n<\/section>\n","protected":false},"excerpt":{"rendered":"<p>Pourquoi faire un don ? Quel que soit le montant de votre don, votre soutien permettra de financer directement les&hellip;<\/p>\n","protected":false},"author":21,"featured_media":11464,"parent":0,"menu_order":0,"comment_status":"closed","ping_status":"closed","template":"","meta":{"_acf_changed":false,"footnotes":""},"class_list":["post-10572","page","type-page","status-publish","has-post-thumbnail","hentry"],"acf":[],"_links":{"self":[{"href":"https:\/\/www.mamacash.org\/fr\/wp-json\/wp\/v2\/pages\/10572","targetHints":{"allow":["GET"]}}],"collection":[{"href":"https:\/\/www.mamacash.org\/fr\/wp-json\/wp\/v2\/pages"}],"about":[{"href":"https:\/\/www.mamacash.org\/fr\/wp-json\/wp\/v2\/types\/page"}],"author":[{"embeddable":true,"href":"https:\/\/www.mamacash.org\/fr\/wp-json\/wp\/v2\/users\/21"}],"replies":[{"embeddable":true,"href":"https:\/\/www.mamacash.org\/fr\/wp-json\/wp\/v2\/comments?post=10572"}],"version-history":[{"count":3,"href":"https:\/\/www.mamacash.org\/fr\/wp-json\/wp\/v2\/pages\/10572\/revisions"}],"predecessor-version":[{"id":13692,"href":"https:\/\/www.mamacash.org\/fr\/wp-json\/wp\/v2\/pages\/10572\/revisions\/13692"}],"wp:featuredmedia":[{"embeddable":true,"href":"https:\/\/www.mamacash.org\/fr\/wp-json\/wp\/v2\/media\/11464"}],"wp:attachment":[{"href":"https:\/\/www.mamacash.org\/fr\/wp-json\/wp\/v2\/media?parent=10572"}],"curies":[{"name":"wp","href":"https:\/\/api.w.org\/{rel}","templated":true}]}}