{"id":10528,"date":"2023-07-31T22:41:20","date_gmt":"2023-07-31T20:41:20","guid":{"rendered":"https:\/\/www.mamacash.org\/fonds-du-parapluie-rouge\/"},"modified":"2023-11-15T11:16:25","modified_gmt":"2023-11-15T10:16:25","slug":"fonds-du-parapluie-rouge","status":"publish","type":"page","link":"https:\/\/www.mamacash.org\/fr\/fonds-du-parapluie-rouge\/","title":{"rendered":"Fonds du parapluie rouge"},"content":{"rendered":"\n<div class=\"wp-block-cover\"><span aria-hidden=\"true\" class=\"wp-block-cover__background has-pink-background-color has-background-dim-100 has-background-dim\"><\/span><div class=\"wp-block-cover__inner-container is-layout-flow wp-block-cover-is-layout-flow\">\n<h2 class=\"wp-block-heading\">\u00ab\u00a0<em>Rien pour nous sans nous<\/em><\/h2>\n<\/div><\/div>\n\n<p>Le Red Umbrella Fund <a href=\"http:\/\/www.redumbrellafund.org\/wp-content\/uploads\/2017\/06\/Red-Umbrella-Fund-The-creation-of-a-Collaborative-Fund.pdf\">est<\/a> n\u00e9 d&rsquo;une collaboration unique et innovante entre des activistes des travailleurs du sexe et des financeurs de la justice sociale. Lors d&rsquo;une r\u00e9union historique avec les donateurs en 2009, les militants des travailleurs du sexe ont insist\u00e9 sur le fait qu&rsquo;ils devraient \u00eatre en mesure de fixer leurs propres priorit\u00e9s de financement. En 2012, cette demande est devenue une id\u00e9e, qui s&rsquo;est concr\u00e9tis\u00e9e par la cr\u00e9ation du Red Umbrella Fund (RUF), le tout premier fonds mondial dirig\u00e9 par et pour les travailleurs du sexe.  <\/p>\n\n<p>Apr\u00e8s un processus de s\u00e9lection rigoureux, Mama Cash a \u00e9t\u00e9 choisi en 2011 par le comit\u00e9 directeur du RUF pour accueillir le nouveau fonds en tant que sponsor fiscal. Mama Cash est fi\u00e8re de r\u00e9pondre aux normes \u00e9lev\u00e9es et \u00e0 la confiance du RUF depuis 12 ans, et ce n&rsquo;est pas fini.  <\/p>\n\n<h2 class=\"wp-block-heading is-style-typestyle-h3\">Un mouvement mondial fort et durable pour les droits des travailleurs du sexe<\/h2>\n\n<div class=\"wp-block-cover is-light\"><span aria-hidden=\"true\" class=\"wp-block-cover__background has-pink-tint-background-color has-background-dim-100 has-background-dim\"><\/span><div class=\"wp-block-cover__inner-container is-layout-flow wp-block-cover-is-layout-flow\">\n<h2 class=\"wp-block-heading is-style-typestyle-h4\"><em>\u00ab\u00a0Nos valeurs fondamentales sont l&rsquo;autonomie et l&rsquo;appropriation. C&rsquo;est pourquoi le Red Umbrella Fund est un fonds participatif dirig\u00e9 par des travailleurs du sexe\u00a0\u00bb.<\/em><\/h2>\n<\/div><\/div>\n\n<p>Le Red Umbrella Fund \u0153uvre au renforcement et \u00e0 la p\u00e9rennisation du mouvement mondial de d\u00e9fense des droits des travailleurs du sexe. Elle y parvient gr\u00e2ce \u00e0 trois strat\u00e9gies qui se renforcent mutuellement.  <\/p>\n\n<h2 class=\"wp-block-heading is-style-typestyle-h4\">Octroi de subventions et accompagnement<\/h2>\n\n<p>Le RUF finance des groupes et des r\u00e9seaux (transfrontaliers) dirig\u00e9s par des travailleurs du sexe qui \u0153uvrent \u00e0 la promotion des droits humains des travailleurs du sexe dans toutes les r\u00e9gions du monde. Ils soutiennent les travailleurs du sexe de tous les genres et donnent la priorit\u00e9 \u00e0 ceux qui sont les plus marginalis\u00e9s ou qui sont confront\u00e9s \u00e0 de multiples formes de discrimination. Toutes les subventions du FRU sont illimit\u00e9es et flexibles. On fait confiance aux partenaires b\u00e9n\u00e9ficiaires pour fixer leurs propres priorit\u00e9s et d\u00e9terminer leurs propres strat\u00e9gies en fonction de leurs besoins et de leur vision.  <\/p>\n\n<p>Le RUF accompagne ses partenaires subventionn\u00e9s par une assistance technique flexible et personnelle sous la forme de conseils, de mentorat et d&rsquo;introductions. Lorsque cela est pertinent et souhait\u00e9, le RUF contribue \u00e0 la visibilit\u00e9 de ses partenaires subventionn\u00e9s.  <\/p>\n\n<h2 class=\"wp-block-heading is-style-typestyle-h4\">D\u00e9fense des int\u00e9r\u00eats des financeurs<\/h2>\n\n<p>Le RUF plaide en faveur d&rsquo;un financement plus important et de meilleure qualit\u00e9 des organisations et r\u00e9seaux de travailleurs du sexe de la part des bailleurs de fonds publics et priv\u00e9s. Ils souhaitent que davantage de ressources soient mises \u00e0 la disposition des groupes communautaires et que ces ressources soient mieux adapt\u00e9es aux besoins et aux priorit\u00e9s des mouvements. Il s&rsquo;agit d&rsquo;un financement accessible, sans restriction, flexible, pluriannuel et fond\u00e9 sur les droits de l&rsquo;homme.  <\/p>\n\n<div class=\"wp-block-cover is-light\"><span aria-hidden=\"true\" class=\"wp-block-cover__background has-yellow-background-color has-background-dim-100 has-background-dim\"><\/span><div class=\"wp-block-cover__inner-container is-layout-flow wp-block-cover-is-layout-flow\">\n<h2 class=\"wp-block-heading is-style-typestyle-h4\"><em>\u00ab\u00a0La participation des travailleurs du sexe \u00e0 l&rsquo;espace des financeurs en tant que pairs et subventionneurs est porteuse de pouvoir.<\/em><\/h2>\n<\/div><\/div>\n\n<h2 class=\"wp-block-heading is-style-typestyle-h4\">Le leadership des travailleurs du sexe dans l&rsquo;octroi de subventions<\/h2>\n\n<p>Un mouvement fort de d\u00e9fense des droits des travailleurs du sexe a besoin non seulement d&rsquo;un meilleur financement, mais aussi de pouvoir et d&rsquo;autonomie dans la prise de d\u00e9cisions sur la mani\u00e8re d&rsquo;utiliser ce financement pour alimenter le changement. Le mod\u00e8le participatif et militant du RUF, qui a \u00e9t\u00e9 con\u00e7u par des travailleurs du sexe et dont la majorit\u00e9 des membres des organes de d\u00e9cision strat\u00e9gique et de s\u00e9lection des subventions sont des travailleurs du sexe, est essentiel pour faire de cette vision une r\u00e9alit\u00e9.  <\/p>\n\n<div class=\"wp-block-cover is-light\"><span aria-hidden=\"true\" class=\"wp-block-cover__background has-yellow-tint-background-color has-background-dim-100 has-background-dim\"><\/span><div class=\"wp-block-cover__inner-container is-layout-flow wp-block-cover-is-layout-flow\">\n<h2 class=\"wp-block-heading is-style-typestyle-h4\"><em>\u00ab\u00a0Ce n&rsquo;est que lorsque les travailleurs du sexe seront r\u00e9ellement assis \u00e0 la table des d\u00e9cisions de financement qu&rsquo;un v\u00e9ritable changement pourra se produire.<\/em><\/h2>\n<\/div><\/div>\n<section class=\"cta-banner wp-block aligncenter has-background has-pink-background-color\">\n    <div class=\"cta-banner__inner\">\n                    <h3 class=\"cta-banner__heading\">\n                <span>\n                    DON                <\/span>\n            <\/h3>\n        \n        <div class=\"cta-banner__wrapper\">\n                            <div class=\"cta-banner__description\">\n                    Votre soutien permet au Red Umbrella Fund de fournir un financement de base flexible aux organisations et r\u00e9seaux de travailleurs du sexe dans le monde entier.                <\/div>\n            \n                                <a  href=\"https:\/\/mamacash.donorsupport.co\/-\/XHJTCXNJ\" class=\"g-button cta-banner__link\">Faire un don<\/a>\n                    <\/div>\n    <\/div>\n<\/section>\n","protected":false},"excerpt":{"rendered":"<p>Le Red Umbrella Fund est n\u00e9 d&rsquo;une collaboration unique et innovante entre des activistes des travailleurs du sexe et des&hellip;<\/p>\n","protected":false},"author":20,"featured_media":8184,"parent":0,"menu_order":0,"comment_status":"closed","ping_status":"closed","template":"","meta":{"_acf_changed":false,"footnotes":""},"class_list":["post-10528","page","type-page","status-publish","has-post-thumbnail","hentry"],"acf":[],"_links":{"self":[{"href":"https:\/\/www.mamacash.org\/fr\/wp-json\/wp\/v2\/pages\/10528","targetHints":{"allow":["GET"]}}],"collection":[{"href":"https:\/\/www.mamacash.org\/fr\/wp-json\/wp\/v2\/pages"}],"about":[{"href":"https:\/\/www.mamacash.org\/fr\/wp-json\/wp\/v2\/types\/page"}],"author":[{"embeddable":true,"href":"https:\/\/www.mamacash.org\/fr\/wp-json\/wp\/v2\/users\/20"}],"replies":[{"embeddable":true,"href":"https:\/\/www.mamacash.org\/fr\/wp-json\/wp\/v2\/comments?post=10528"}],"version-history":[{"count":2,"href":"https:\/\/www.mamacash.org\/fr\/wp-json\/wp\/v2\/pages\/10528\/revisions"}],"predecessor-version":[{"id":10533,"href":"https:\/\/www.mamacash.org\/fr\/wp-json\/wp\/v2\/pages\/10528\/revisions\/10533"}],"wp:featuredmedia":[{"embeddable":true,"href":"https:\/\/www.mamacash.org\/fr\/wp-json\/wp\/v2\/media\/8184"}],"wp:attachment":[{"href":"https:\/\/www.mamacash.org\/fr\/wp-json\/wp\/v2\/media?parent=10528"}],"curies":[{"name":"wp","href":"https:\/\/api.w.org\/{rel}","templated":true}]}}