{"id":10526,"date":"2023-07-17T17:37:37","date_gmt":"2023-07-17T15:37:37","guid":{"rendered":"https:\/\/www.mamacash.org\/faire-un-don-avec-des-avantages-fiscaux-pays-bas\/"},"modified":"2025-02-11T16:48:49","modified_gmt":"2025-02-11T15:48:49","slug":"faire-un-don-avec-des-avantages-fiscaux-pays-bas","status":"publish","type":"page","link":"https:\/\/www.mamacash.org\/fr\/facons-de-donner\/faire-un-don-avec-des-avantages-fiscaux-pays-bas\/","title":{"rendered":"Faire un don avec des avantages fiscaux &#8211; Pays-Bas"},"content":{"rendered":"\n<h2 class=\"wp-block-heading is-style-typestyle-sidebar\">Les dons sont d\u00e9ductibles des imp\u00f4ts<\/h2>\n\n<p>Si vous vivez actuellement aux Pays-Bas et que vous pouvez vous engager \u00e0 faire un don r\u00e9current pour une p\u00e9riode d&rsquo;au moins cinq ans, votre soutien \u00e0 Mama Cash est d\u00e9ductible des imp\u00f4ts. La l\u00e9gislation n\u00e9erlandaise permet aux autorit\u00e9s fiscales de payer jusqu&rsquo;\u00e0 49,5 % de votre don &#8211; une occasion \u00e0 ne pas manquer.  <\/p>\n\n<p>Si vous faites un don \u00e0 partir d&rsquo;un pays autre que les Pays-Bas, veuillez <a href=\"https:\/\/www.mamacash.org\/fr\/facons-de-donner\/faire-un-don-en-beneficiant-davantages-fiscaux-international\/\">\n  <strong>lire ici<\/strong>\n<\/a>.  <\/p>\n\n<h2 class=\"wp-block-heading is-style-typestyle-sidebar\">Comment cela fonctionne-t-il ?<\/h2>\n\n<ul class=\"wp-block-list\">\n<li>Vous vous engagez \u00e0 verser un certain montant chaque ann\u00e9e, pendant au moins 5 ans. Cet accord est stipul\u00e9 dans une convention de don p\u00e9riodique.  <\/li>\n\n\n\n<li>Il vous suffit de remplir <strong>\n  <a href=\"https:\/\/www.mamacash.org\/wp-content\/uploads\/2025\/02\/Formulier-Periodieke-Schenking-Mama-Cash-2025.pdf\">ce formulaire (en n\u00e9erlandais)<\/a>\n<\/strong> et de l&rsquo;envoyer \u00e0 Stichting Mama Cash, Antwoordnummer 11412, 1000 PG AMSTERDAM (sans timbre).  <\/li>\n\n\n\n<li>Vous pouvez d\u00e9duire l&rsquo;int\u00e9gralit\u00e9 de votre don de votre revenu imposable chaque ann\u00e9e, quel que soit le montant de votre don ou de vos revenus.  <\/li>\n\n\n\n<li>Le fisc prend donc en charge une partie importante de votre don. En fonction de vos revenus, ce taux peut atteindre 43 %.  <\/li>\n\n\n\n<li>Remarque : pour les revenus imposables sup\u00e9rieurs \u00e0 68 500 \u20ac, le pourcentage de d\u00e9duction diminuera dans les ann\u00e9es \u00e0 venir, passant de 43 % en 2021 \u00e0 37,05 % en 2023. Pour les personnes dont le revenu imposable est inf\u00e9rieur \u00e0 68.500 \u20ac, le pourcentage par lequel vous pouvez recevoir l&rsquo;int\u00e9gralit\u00e9 de votre revenu ordinaire est de 37,10 %.  <\/li>\n\n\n\n<li>Vous pouvez utiliser cette r\u00e9duction d&rsquo;imp\u00f4t pour accro\u00eetre votre soutien \u00e0 Mama Cash.  <\/li>\n<\/ul>\n<section class=\"cta-banner wp-block aligncenter has-background has-yellow-background-color\">\n    <div class=\"cta-banner__inner\">\n                    <h3 class=\"cta-banner__heading\">\n                <span>\n                    Vous pr\u00e9f\u00e9rez r\u00e9diger un acte notari\u00e9 avec un notaire ?                  <\/span>\n            <\/h3>\n        \n        <div class=\"cta-banner__wrapper\">\n                            <div class=\"cta-banner__description\">\n                    N&rsquo;h\u00e9sitez pas \u00e0 nous contacter. Sachez que vous devrez payer vous-m\u00eame les frais de notaire.                  <\/div>\n            \n                                <a  href=\"https:\/\/www.mamacash.org\/contact-mama-cash\/\" class=\"g-button cta-banner__link\">Contactez nous<\/a>\n                    <\/div>\n    <\/div>\n<\/section>\n","protected":false},"excerpt":{"rendered":"<p>Les dons sont d\u00e9ductibles des imp\u00f4ts Si vous vivez actuellement aux Pays-Bas et que vous pouvez vous engager \u00e0 faire&hellip;<\/p>\n","protected":false},"author":21,"featured_media":0,"parent":10572,"menu_order":0,"comment_status":"closed","ping_status":"closed","template":"","meta":{"_acf_changed":false,"footnotes":""},"class_list":["post-10526","page","type-page","status-publish","hentry"],"acf":[],"_links":{"self":[{"href":"https:\/\/www.mamacash.org\/fr\/wp-json\/wp\/v2\/pages\/10526","targetHints":{"allow":["GET"]}}],"collection":[{"href":"https:\/\/www.mamacash.org\/fr\/wp-json\/wp\/v2\/pages"}],"about":[{"href":"https:\/\/www.mamacash.org\/fr\/wp-json\/wp\/v2\/types\/page"}],"author":[{"embeddable":true,"href":"https:\/\/www.mamacash.org\/fr\/wp-json\/wp\/v2\/users\/21"}],"replies":[{"embeddable":true,"href":"https:\/\/www.mamacash.org\/fr\/wp-json\/wp\/v2\/comments?post=10526"}],"version-history":[{"count":3,"href":"https:\/\/www.mamacash.org\/fr\/wp-json\/wp\/v2\/pages\/10526\/revisions"}],"predecessor-version":[{"id":15745,"href":"https:\/\/www.mamacash.org\/fr\/wp-json\/wp\/v2\/pages\/10526\/revisions\/15745"}],"up":[{"embeddable":true,"href":"https:\/\/www.mamacash.org\/fr\/wp-json\/wp\/v2\/pages\/10572"}],"wp:attachment":[{"href":"https:\/\/www.mamacash.org\/fr\/wp-json\/wp\/v2\/media?parent=10526"}],"curies":[{"name":"wp","href":"https:\/\/api.w.org\/{rel}","templated":true}]}}