{"id":10505,"date":"2023-07-31T18:06:55","date_gmt":"2023-07-31T16:06:55","guid":{"rendered":"https:\/\/www.mamacash.org\/alliance-mondiale-pour-une-action-en-faveur-de-lenvironnement-et-de-legalite-des-sexes\/"},"modified":"2023-12-20T11:27:27","modified_gmt":"2023-12-20T10:27:27","slug":"alliance-mondiale-pour-une-action-en-faveur-de-lenvironnement-et-de-legalite-des-sexes","status":"publish","type":"page","link":"https:\/\/www.mamacash.org\/fr\/alliance-mondiale-pour-une-action-en-faveur-de-lenvironnement-et-de-legalite-des-sexes\/","title":{"rendered":"Alliance mondiale pour une action en faveur de l&rsquo;environnement et de l&rsquo;\u00e9galit\u00e9 des sexes"},"content":{"rendered":"\n<h2 class=\"wp-block-heading\">Renforcer et unifier les mouvements en faveur de la justice environnementale et de l&rsquo;\u00e9galit\u00e9 des sexes<\/h2>\n\n<p>La Global Alliance for Green &amp; Gender Action (GAGGA) relie et soutient les organisations communautaires, les ONG et les fonds qui \u0153uvrent en faveur de la justice environnementale et de l&rsquo;\u00e9galit\u00e9 entre les hommes et les femmes. Tous les acteurs de GAGGA s&rsquo;engagent dans des collaborations multi-niveaux et inter-mouvements afin de connecter et de renforcer les mouvements pour atteindre la justice environnementale et climatique, en mettant l&rsquo;accent sur les processus participatifs et le leadership partag\u00e9.<\/p>\n\n<h4 class=\"wp-block-heading\">Accompagnement<\/h4>\n\n<p>GAGGA (membres) offre aux groupes communautaires de d\u00e9fense de l&rsquo;\u00e9galit\u00e9 des sexes et de la justice environnementale des subventions et un renforcement mutuel des comp\u00e9tences par le biais d&rsquo;ateliers th\u00e9matiques, d&rsquo;un acc\u00e8s \u00e0 l&rsquo;information et d&rsquo;\u00e9changes avec d&rsquo;autres organisations.<\/p>\n\n<h2 class=\"wp-block-heading is-style-typestyle-h4\">Lobby et plaidoyer<\/h2>\n\n<p>Les membres de l&rsquo;AGAG et leurs alli\u00e9s m\u00e8nent des actions de plaidoyer aux niveaux local, national, r\u00e9gional et mondial. Les acteurs de GAGGA d\u00e9fendent les droits des femmes, des filles, des personnes trans, intersexes et non binaires, la justice climatique et environnementale, ainsi que l&rsquo;acc\u00e8s \u00e9quitable aux ressources naturelles et leur utilisation. Ils s&rsquo;opposent aux acteurs de l&rsquo;industrie extractiviste et aux grands projets d&rsquo;infrastructure dont ils d\u00e9pendent.<\/p>\n\n<h2 class=\"wp-block-heading is-style-typestyle-h4\">Construction d&rsquo;une alliance<\/h2>\n\n<p>GAGGA facilite et participe \u00e0 l&rsquo;\u00e9tablissement de liens et \u00e0 l&rsquo;apprentissage entre les groupes et mouvements de d\u00e9fense des droits des femmes, des filles, des personnes trans, intersexu\u00e9es et non binaires et de la justice environnementale, afin de renforcer les connaissances, de partager des strat\u00e9gies et d&rsquo;\u00e9laborer et de poursuivre des programmes de plaidoyer conjoints.<\/p>\n<section class=\"custom-columns wp-block alignfull has-background has-yellow-background-color\">\n    <div class=\"custom-columns__inner\">\n        \n                    <div class=\"custom-columns__wrapper custom-columns__stats\">\n                                    <div class=\"custom-columns__stat\">\n                        <div class=\"custom-columns__contain\">\n                            <div class=\"custom-columns__stat-heading\">\n                                16                            <\/div>\n                            <div class=\"custom-columns__stat-text\">\n                                Fonds pour les femmes                            <\/div>\n                        <\/div>\n                    <\/div>\n                                    <div class=\"custom-columns__stat\">\n                        <div class=\"custom-columns__contain\">\n                            <div class=\"custom-columns__stat-heading\">\n                                8                            <\/div>\n                            <div class=\"custom-columns__stat-text\">\n                                Fonds pour la justice environnementale                            <\/div>\n                        <\/div>\n                    <\/div>\n                                    <div class=\"custom-columns__stat\">\n                        <div class=\"custom-columns__contain\">\n                            <div class=\"custom-columns__stat-heading\">\n                                31                            <\/div>\n                            <div class=\"custom-columns__stat-text\">\n                                ONG                            <\/div>\n                        <\/div>\n                    <\/div>\n                                    <div class=\"custom-columns__stat\">\n                        <div class=\"custom-columns__contain\">\n                            <div class=\"custom-columns__stat-heading\">\n                                440                            <\/div>\n                            <div class=\"custom-columns__stat-text\">\n                                Groupes communautaires                            <\/div>\n                        <\/div>\n                    <\/div>\n                                    <div class=\"custom-columns__stat\">\n                        <div class=\"custom-columns__contain\">\n                            <div class=\"custom-columns__stat-heading\">\n                                28                            <\/div>\n                            <div class=\"custom-columns__stat-text\">\n                                Pays                            <\/div>\n                        <\/div>\n                    <\/div>\n                                    <div class=\"custom-columns__stat\">\n                        <div class=\"custom-columns__contain\">\n                            <div class=\"custom-columns__stat-heading\">\n                                  16,94 millions d&rsquo;euros                            <\/div>\n                            <div class=\"custom-columns__stat-text\">\n                                Vers\u00e9s depuis 2016                            <\/div>\n                        <\/div>\n                    <\/div>\n                            <\/div>\n            <\/div>\n<\/section>\n\n<p>L&rsquo;Alliance mondiale pour une action verte et sexosp\u00e9cifique (GAGGA) est un consortium cr\u00e9\u00e9 en 2016*.  <\/p>\n\n<ul class=\"wp-block-list\">\n<li><a href=\"https:\/\/fondocentroamericano.org\/\">Fondo Centroamericano de Mujeres<\/a><strong> (Am\u00e9rique centrale) <\/strong>&#8211; porte-plume)<\/li>\n\n\n\n<li><strong>Mama Cash (membre)<\/strong><\/li>\n\n\n\n<li><a href=\"https:\/\/www.bothends.org\/en\/\">LES DEUX FINS<\/a><strong> (membre)<\/strong><\/li>\n\n\n\n<li><a href=\"https:\/\/wedo.org\/\">WEDO<\/a> (alli\u00e9 strat\u00e9gique) ;  <\/li>\n\n\n\n<li><a href=\"https:\/\/350.org\/\">350.org<\/a> (alli\u00e9 strat\u00e9gique) ;<\/li>\n\n\n\n<li><a href=\"https:\/\/www.greengrants.org\/\">Global Greengrants Fund<\/a> (alli\u00e9 strat\u00e9gique) ; et  <\/li>\n\n\n\n<li><a href=\"https:\/\/prospera-inwf.org\/\">Prospera &#8211; R\u00e9seau international de fonds f\u00e9minins<\/a> (alli\u00e9 strat\u00e9gique).<\/li>\n<\/ul>\n\n<p>\u00c0 ce jour, les organisations membres et les alli\u00e9s strat\u00e9giques de GAGGA constituent <a href=\"https:\/\/gaggaalliance.org\/our-partners\/\">un vaste r\u00e9seau en pleine expansion<\/a> de groupes communautaires pour la justice en mati\u00e8re de genre et de justice environnementale dans plus de 30 pays.  <\/p>\n\n<p>*GAGGA a \u00e9tabli un partenariat strat\u00e9gique avec le minist\u00e8re n\u00e9erlandais des affaires \u00e9trang\u00e8res.  <\/p>\n\n<div class=\"wp-block-cover is-light\"><span aria-hidden=\"true\" class=\"wp-block-cover__background has-yellow-tint-background-color has-background-dim-100 has-background-dim\"><\/span><div class=\"wp-block-cover__inner-container is-layout-flow wp-block-cover-is-layout-flow\">\n<h2 class=\"wp-block-heading is-style-typestyle-h3\">Pour les droits des femmes, des filles et des personnes trans, intersexes et non binaires \u00e0 l&rsquo;eau, \u00e0 la s\u00e9curit\u00e9 alimentaire et \u00e0 un environnement propre, sain et s\u00fbr<\/h2>\n<\/div><\/div>\n\n<p>GAGGA soutient les femmes, les filles et les personnes trans, intersexu\u00e9es et non binaires qui sont directement concern\u00e9es par les questions qu&rsquo;elle aborde. Ces groupes et mouvements communautaires jouent un r\u00f4le essentiel dans la protection d&rsquo;\u00e9cosyst\u00e8mes importants tels que les for\u00eats et les zones humides, les p\u00e2turages et les terres agricoles, les rivi\u00e8res et les zones c\u00f4ti\u00e8res. Suivez le <a href=\"https:\/\/gaggaalliance.org\/\">site web de GAGGA<\/a> pour suivre, soutenir et amplifier leur lutte pour la justice environnementale et de genre.<\/p>\n","protected":false},"excerpt":{"rendered":"<p>Renforcer et unifier les mouvements en faveur de la justice environnementale et de l&rsquo;\u00e9galit\u00e9 des sexes La Global Alliance for&hellip;<\/p>\n","protected":false},"author":20,"featured_media":8167,"parent":0,"menu_order":0,"comment_status":"closed","ping_status":"closed","template":"","meta":{"_acf_changed":false,"footnotes":""},"class_list":["post-10505","page","type-page","status-publish","has-post-thumbnail","hentry"],"acf":[],"_links":{"self":[{"href":"https:\/\/www.mamacash.org\/fr\/wp-json\/wp\/v2\/pages\/10505","targetHints":{"allow":["GET"]}}],"collection":[{"href":"https:\/\/www.mamacash.org\/fr\/wp-json\/wp\/v2\/pages"}],"about":[{"href":"https:\/\/www.mamacash.org\/fr\/wp-json\/wp\/v2\/types\/page"}],"author":[{"embeddable":true,"href":"https:\/\/www.mamacash.org\/fr\/wp-json\/wp\/v2\/users\/20"}],"replies":[{"embeddable":true,"href":"https:\/\/www.mamacash.org\/fr\/wp-json\/wp\/v2\/comments?post=10505"}],"version-history":[{"count":2,"href":"https:\/\/www.mamacash.org\/fr\/wp-json\/wp\/v2\/pages\/10505\/revisions"}],"predecessor-version":[{"id":10507,"href":"https:\/\/www.mamacash.org\/fr\/wp-json\/wp\/v2\/pages\/10505\/revisions\/10507"}],"wp:featuredmedia":[{"embeddable":true,"href":"https:\/\/www.mamacash.org\/fr\/wp-json\/wp\/v2\/media\/8167"}],"wp:attachment":[{"href":"https:\/\/www.mamacash.org\/fr\/wp-json\/wp\/v2\/media?parent=10505"}],"curies":[{"name":"wp","href":"https:\/\/api.w.org\/{rel}","templated":true}]}}