{"id":10469,"date":"2023-10-31T18:07:28","date_gmt":"2023-10-31T17:07:28","guid":{"rendered":"https:\/\/www.mamacash.org\/cmi-consortium\/"},"modified":"2024-05-11T10:09:35","modified_gmt":"2024-05-11T08:09:35","slug":"cmi-consortium","status":"publish","type":"page","link":"https:\/\/www.mamacash.org\/fr\/ce-que-nous-faisons\/cmi-consortium\/","title":{"rendered":"CMI ! Consortium"},"content":{"rendered":"\n<div class=\"wp-block-columns is-layout-flex wp-container-core-columns-is-layout-9d6595d7 wp-block-columns-is-layout-flex\">\n<div class=\"wp-block-column is-layout-flow wp-block-column-is-layout-flow\">\n<h2 class=\"wp-block-heading\">Mener un changement syst\u00e9mique et durable  <\/h2>\n\n\n\n<p>Les femmes autochtones et rurales, les travailleuses du sexe, les lesbiennes et les bisexuelles, les femmes handicap\u00e9es et les femmes vivant avec le VIH. Elles font partie des nombreuses femmes, filles et personnes trans, intersexes, non binaires et non conformes au genre qui sont confront\u00e9es \u00e0 de multiples niveaux de discrimination et qui se battent pour leurs droits !  <\/p>\n<\/div>\n<\/div>\n    <section class=\"content-grid cards wp-block animate content-grid--grid has-teal-tint-background-color has-background alignwide\">\n        <div class=\"content-grid__inner\">\n                            <div class=\"content-grid__header\">\n                                                <h2 class=\"content-grid__heading pink-highlight heading-highlight\"><strong>Le programme Count Me In ! (CMI !) soutient ces mouvements par le biais de trois strat\u00e9gies :  <\/strong><\/h2>\n                    \n                                    <\/div>\n            \n            <div class=\"content-grid__items\">\n                                    <div class=\"content-grid__item__outer\">\n                        <div class=\"content-grid__item\">\n                            <div class=\"content-grid__contain\">\n                                                                    <h6>L&rsquo;ARGENT<\/h6>\n                                                                                                    Canaliser le financement des organisations f\u00e9ministes et des d\u00e9fenseurs f\u00e9ministes des droits de l&rsquo;homme par des donateurs plus importants.                                                              <\/div>\n                        <\/div>\n                                            <\/div>\n                                    <div class=\"content-grid__item__outer\">\n                        <div class=\"content-grid__item\">\n                            <div class=\"content-grid__contain\">\n                                                                    <h6>LA CONSTRUCTION DU MOUVEMENT<\/h6>\n                                                                                                    Soutenir les organisations f\u00e9ministes pour qu&rsquo;elles deviennent plus fortes, mieux dot\u00e9es en ressources et mieux coordonn\u00e9es dans la d\u00e9fense de leurs droits. Nous les aidons \u00e9galement \u00e0 entrer en contact avec d&rsquo;autres mouvements et \u00e0 nouer des alliances.                                                              <\/div>\n                        <\/div>\n                                            <\/div>\n                                    <div class=\"content-grid__item__outer\">\n                        <div class=\"content-grid__item\">\n                            <div class=\"content-grid__contain\">\n                                                                    <h6>FAIRE LE CHANGEMENT<\/h6>\n                                                                                                    Mener des actions de lobbying et de plaidoyer pour que les donateurs financent davantage et mieux les organisations dirig\u00e9es par des f\u00e9ministes, et que les acteurs politiques et soci\u00e9taux fassent pression pour que des changements sociaux, juridiques et politiques soient apport\u00e9s afin de parvenir \u00e0 l&rsquo;\u00e9galit\u00e9 entre les hommes et les femmes.                                                              <\/div>\n                        <\/div>\n                                            <\/div>\n                            <\/div>\n        <\/div>\n    <\/section>\n<section class=\"decorative-arrow wp-block alignfull\">\n    <div class=\"decorative-arrow__container\">\n        <div class=\"decorative-arrow__inner show-mobile\">\n                                <h2 >Huit organisations f\u00e9ministes collaborent avec des milliers d&rsquo;organisations f\u00e9ministes et de d\u00e9fenseurs des droits de l&rsquo;homme dans le monde entier.<\/h2>\n                                <\/div>\n        <div class=\"decorative-arrow__wrapper arrow-grey show-mobile\">\n            <span class=\"arrow-long\"><svg xmlns=\"http:\/\/www.w3.org\/2000\/svg\" fill=\"none\" viewBox=\"0 0 688 176\" role=\"img\" aria-hidden=\"true\" width=\"688\" height=\"176\"><clipPath id=\"a\"><path d=\"M0 0h687.5v176H0z\" transform=\"rotate(180 344 88)\"\/><\/clipPath><g clip-path=\"url(#a)\" stroke=\"#000\" stroke-width=\"15\"><path d=\"M730.5 93.5H45\"\/><path d=\"M109 176 43 92.5 109 0\" stroke-linecap=\"round\"\/><\/g><\/svg><\/span>\n            <span class=\"arrow-short\"><svg xmlns=\"http:\/\/www.w3.org\/2000\/svg\" viewBox=\"0 0 88 120\" fill=\"none\" role=\"img\" aria-hidden=\"true\" width=\"88\" height=\"120\"><g clip-path=\"url(#a)\" stroke=\"#000\" stroke-width=\"7.5\"><path d=\"M46.75-224v334.75\"\/><path d=\"m88 78.75-41.75 33L0 78.75\" stroke-linecap=\"round\"\/><\/g><defs><clipPath id=\"a\"><path fill=\"#fff\" transform=\"rotate(90 44 44)\" d=\"M0 0h120v88H0z\"\/><\/clipPath><\/defs><\/svg><\/span>\n        <\/div>\n    <\/div>\n<\/section>\n\n<figure class=\"wp-block-image alignwide size-large\"><img decoding=\"async\" width=\"1024\" height=\"583\" src=\"https:\/\/www.mamacash.org\/wp-content\/uploads\/2023\/07\/2-cmi__vision__copy_-1024x583.jpg\" alt=\"\" class=\"wp-image-4837\" srcset=\"https:\/\/www.mamacash.org\/wp-content\/uploads\/2023\/07\/2-cmi__vision__copy_-1024x583.jpg 1024w, https:\/\/www.mamacash.org\/wp-content\/uploads\/2023\/07\/2-cmi__vision__copy_-300x171.jpg 300w, https:\/\/www.mamacash.org\/wp-content\/uploads\/2023\/07\/2-cmi__vision__copy_-768x437.jpg 768w, https:\/\/www.mamacash.org\/wp-content\/uploads\/2023\/07\/2-cmi__vision__copy_.jpg 1222w\" sizes=\"(max-width: 1024px) 100vw, 1024px\" \/><figcaption class=\"wp-element-caption\">Illustration d&rsquo;un groupe de personnes se tenant par la main et levant une main en l&rsquo;air<\/figcaption><\/figure>\n\n<h3 class=\"wp-block-heading has-text-align-left is-style-default\"><strong>Les membres et partenaires strat\u00e9giques du consortium sont les suivants :  <\/strong><\/h3>\n\n<ul class=\"wp-block-list\">\n<li><strong>Mama Cash (mine et porte-plume)  <\/strong><\/li>\n\n\n\n<li><strong><a href=\"https:\/\/www.awid.org\/\" target=\"_blank\" rel=\"noreferrer noopener\">Association pour les droits de la femme dans le d\u00e9veloppement<\/a> (membre)  <\/strong><\/li>\n\n\n\n<li><strong><a href=\"https:\/\/creaworld.org\/\" target=\"_blank\" rel=\"noreferrer noopener\">CREA<\/a> (membre)  <\/strong><\/li>\n\n\n\n<li><strong><a href=\"https:\/\/justassociates.org\/\" target=\"_blank\" rel=\"noreferrer noopener\">Just Associates<\/a> (membre)  <\/strong><\/li>\n\n\n\n<li><strong><a href=\"https:\/\/urgentactionfund.org\/\" target=\"_blank\" rel=\"noreferrer noopener\">Fonds d&rsquo;action urgente<\/a> (membre)  <\/strong><\/li>\n\n\n\n<li><strong><a href=\"https:\/\/www.uaf-africa.org\/\" target=\"_blank\" rel=\"noreferrer noopener\">Urgent Action Fund Africa<\/a> (membre)  <\/strong><\/li>\n\n\n\n<li><strong><a href=\"https:\/\/www.redumbrellafund.org\/\" target=\"_blank\" rel=\"noreferrer noopener\">Red Umbrella Fund<\/a> (partenaire strat\u00e9gique)  <\/strong><\/li>\n\n\n\n<li><strong><a href=\"https:\/\/www.wo-men.nl\/\" target=\"_blank\" rel=\"noreferrer noopener\">WO=MEN<\/a> (partenaires strat\u00e9giques)  <\/strong><\/li>\n\n\n\n<li><strong>  * CMI ! est un partenaire strat\u00e9gique du minist\u00e8re n\u00e9erlandais des affaires \u00e9trang\u00e8res.  <\/strong><\/li>\n<\/ul>\n<section class=\"cta-banner wp-block aligncenter has-background has-pink-background-color\">\n    <div class=\"cta-banner__inner\">\n                    <h3 class=\"cta-banner__heading\">\n                <span>\n                    Vivre pleinement notre potentiel dans un monde juste et \u00e9galitaire entre les hommes et les femmes !                <\/span>\n            <\/h3>\n        \n        <div class=\"cta-banner__wrapper\">\n                            <div class=\"cta-banner__description\">\n                    Count Me In ! envisage un monde juste et \u00e9galitaire o\u00f9 toutes les femmes, les filles et les personnes non binaires, non conformes au genre, trans et intersexu\u00e9es jouissent pleinement de leurs droits et vivent selon leur plein potentiel.                  <\/div>\n            \n                                <a  href=\"https:\/\/cmiconsortium.org\/\" class=\"g-button cta-banner__link\"><div class=\"screen-reader-text\">Visitez le site web de CMI !  <\/div>\nVisitez le CMI ! Site web<\/a>\n                    <\/div>\n    <\/div>\n<\/section>\n        \n    <div aria-hidden=\"true\" class=\"wp-block decorative-header alignwide teal-text\">\n            <\/div>\n    <section style=\"--g-card--count: 3;\" class=\"cards wp-block animate cards--type--default alignfull has-background has-teal-tint-background-color\">\n        <div class=\"cards__inner\">\n            \n            <div class=\"cards__items\">\n                                    <article style=\"--g-card--index: 0;\" class=\"g-card animate-element has-image has-link g-card--type--resource\">\n    <div class=\"g-card__inner\">\n                    <div class=\"g-card__header\">\n                \n                                        <h3 class=\"g-card__heading is-style-typestyle-h4\">    <a href=\"https:\/\/www.mamacash.org\/resources\/count-me-in-realising-women-s-rights\/\">Count Me In! &#8211; Realising Women&rsquo;s Rights<\/a>\n<\/h3>\n                \n                            <\/div>\n        \n        \n            <a tabindex=\"-1\" aria-hidden=\"true\" href=\"https:\/\/www.mamacash.org\/resources\/count-me-in-realising-women-s-rights\/\" class=\"g-button g-card__read-more\">En savoir plus<\/a>\n    <\/div>\n\n            <div class=\"g-card__image\">\n                        <div class=\"g-card__image-inner img-fit\">\n            <img decoding=\"async\" width=\"768\" height=\"291\" src=\"https:\/\/www.mamacash.org\/wp-content\/uploads\/2020\/01\/money-and-movement-106-768x291.jpg\" class=\"attachment-medium_large size-medium_large\" alt=\"\" role=\"presentation\" srcset=\"https:\/\/www.mamacash.org\/wp-content\/uploads\/2020\/01\/money-and-movement-106-768x291.jpg 768w, https:\/\/www.mamacash.org\/wp-content\/uploads\/2020\/01\/money-and-movement-106-300x114.jpg 300w, https:\/\/www.mamacash.org\/wp-content\/uploads\/2020\/01\/money-and-movement-106-1024x388.jpg 1024w, https:\/\/www.mamacash.org\/wp-content\/uploads\/2020\/01\/money-and-movement-106.jpg 1300w\" sizes=\"(max-width: 768px) 100vw, 768px\" \/>            <\/div>\n        <\/div>\n    <\/article>\n                                    <article style=\"--g-card--index: 1;\" class=\"g-card animate-element has-image has-link g-card--type--resource\">\n    <div class=\"g-card__inner\">\n                    <div class=\"g-card__header\">\n                \n                                        <h3 class=\"g-card__heading is-style-typestyle-h4\">    <a href=\"https:\/\/www.mamacash.org\/resources\/sex-work-and-labour-rights-at-csw66\/\">Sex Work, Labour Rights, and Feminist Movements<\/a>\n<\/h3>\n                \n                            <\/div>\n        \n        \n            <a tabindex=\"-1\" aria-hidden=\"true\" href=\"https:\/\/www.mamacash.org\/resources\/sex-work-and-labour-rights-at-csw66\/\" class=\"g-button g-card__read-more\">En savoir plus<\/a>\n    <\/div>\n\n            <div class=\"g-card__image\">\n                        <div class=\"g-card__image-inner img-fit\">\n            <img decoding=\"async\" width=\"768\" height=\"329\" src=\"https:\/\/www.mamacash.org\/wp-content\/uploads\/2022\/04\/screenshot_at_2022-04-28_20-08-07-768x329.png\" class=\"attachment-medium_large size-medium_large\" alt=\"\" role=\"presentation\" srcset=\"https:\/\/www.mamacash.org\/wp-content\/uploads\/2022\/04\/screenshot_at_2022-04-28_20-08-07-768x329.png 768w, https:\/\/www.mamacash.org\/wp-content\/uploads\/2022\/04\/screenshot_at_2022-04-28_20-08-07-300x129.png 300w, https:\/\/www.mamacash.org\/wp-content\/uploads\/2022\/04\/screenshot_at_2022-04-28_20-08-07-1024x439.png 1024w, https:\/\/www.mamacash.org\/wp-content\/uploads\/2022\/04\/screenshot_at_2022-04-28_20-08-07-1536x659.png 1536w, https:\/\/www.mamacash.org\/wp-content\/uploads\/2022\/04\/screenshot_at_2022-04-28_20-08-07.png 1702w\" sizes=\"(max-width: 768px) 100vw, 768px\" \/>            <\/div>\n        <\/div>\n    <\/article>\n                                    <article style=\"--g-card--index: 2;\" class=\"g-card animate-element has-image has-link g-card--type--resource\">\n    <div class=\"g-card__inner\">\n                    <div class=\"g-card__header\">\n                \n                                        <h3 class=\"g-card__heading is-style-typestyle-h4\">    <a href=\"https:\/\/www.mamacash.org\/resources\/sex-work-is-work-not-trafficking-cmi-s-message-to-the-un-general-assembly-on-the-global-plan-of-action-to-combat-trafficking-in-persons\/\">Sex work is work, not trafficking<\/a>\n<\/h3>\n                \n                            <\/div>\n        \n        \n            <a tabindex=\"-1\" aria-hidden=\"true\" href=\"https:\/\/www.mamacash.org\/resources\/sex-work-is-work-not-trafficking-cmi-s-message-to-the-un-general-assembly-on-the-global-plan-of-action-to-combat-trafficking-in-persons\/\" class=\"g-button g-card__read-more\">En savoir plus<\/a>\n    <\/div>\n\n            <div class=\"g-card__image\">\n                        <div class=\"g-card__image-inner img-fit\">\n            <img decoding=\"async\" width=\"698\" height=\"417\" src=\"https:\/\/www.mamacash.org\/wp-content\/uploads\/2021\/11\/335_times_200_cmi_teaser2.jpg\" class=\"attachment-medium_large size-medium_large\" alt=\"\" role=\"presentation\" srcset=\"https:\/\/www.mamacash.org\/wp-content\/uploads\/2021\/11\/335_times_200_cmi_teaser2.jpg 698w, https:\/\/www.mamacash.org\/wp-content\/uploads\/2021\/11\/335_times_200_cmi_teaser2-300x179.jpg 300w\" sizes=\"(max-width: 698px) 100vw, 698px\" \/>            <\/div>\n        <\/div>\n    <\/article>\n                            <\/div>\n        <\/div>\n    <\/section>\n","protected":false},"excerpt":{"rendered":"<p>Mener un changement syst\u00e9mique et durable Les femmes autochtones et rurales, les travailleuses du sexe, les lesbiennes et les bisexuelles,&hellip;<\/p>\n","protected":false},"author":20,"featured_media":7553,"parent":10701,"menu_order":0,"comment_status":"closed","ping_status":"closed","template":"","meta":{"_acf_changed":false,"footnotes":""},"class_list":["post-10469","page","type-page","status-publish","has-post-thumbnail","hentry"],"acf":[],"_links":{"self":[{"href":"https:\/\/www.mamacash.org\/fr\/wp-json\/wp\/v2\/pages\/10469","targetHints":{"allow":["GET"]}}],"collection":[{"href":"https:\/\/www.mamacash.org\/fr\/wp-json\/wp\/v2\/pages"}],"about":[{"href":"https:\/\/www.mamacash.org\/fr\/wp-json\/wp\/v2\/types\/page"}],"author":[{"embeddable":true,"href":"https:\/\/www.mamacash.org\/fr\/wp-json\/wp\/v2\/users\/20"}],"replies":[{"embeddable":true,"href":"https:\/\/www.mamacash.org\/fr\/wp-json\/wp\/v2\/comments?post=10469"}],"version-history":[{"count":3,"href":"https:\/\/www.mamacash.org\/fr\/wp-json\/wp\/v2\/pages\/10469\/revisions"}],"predecessor-version":[{"id":13672,"href":"https:\/\/www.mamacash.org\/fr\/wp-json\/wp\/v2\/pages\/10469\/revisions\/13672"}],"up":[{"embeddable":true,"href":"https:\/\/www.mamacash.org\/fr\/wp-json\/wp\/v2\/pages\/10701"}],"wp:featuredmedia":[{"embeddable":true,"href":"https:\/\/www.mamacash.org\/fr\/wp-json\/wp\/v2\/media\/7553"}],"wp:attachment":[{"href":"https:\/\/www.mamacash.org\/fr\/wp-json\/wp\/v2\/media?parent=10469"}],"curies":[{"name":"wp","href":"https:\/\/api.w.org\/{rel}","templated":true}]}}