{"id":7958,"date":"2023-04-27T11:20:30","date_gmt":"2023-04-27T09:20:30","guid":{"rendered":"https:\/\/www.mamacash.org\/subvenciones\/"},"modified":"2024-05-11T10:10:38","modified_gmt":"2024-05-11T08:10:38","slug":"subvenciones","status":"publish","type":"page","link":"https:\/\/www.mamacash.org\/es\/que-hacemos\/subvenciones\/","title":{"rendered":"Subvenciones"},"content":{"rendered":"\n<div class=\"wp-block-columns is-layout-flex wp-container-core-columns-is-layout-9d6595d7 wp-block-columns-is-layout-flex\">\n<div class=\"wp-block-column is-layout-flow wp-block-column-is-layout-flow\">\n<blockquote class=\"wp-block-quote is-layout-flow wp-block-quote-is-layout-flow\">\n<p><strong>\u00abLas activistas feministas tienen la visi\u00f3n y el poder de transformar nuestro mundo\u00bb<\/strong><\/p>\n<\/blockquote>\n<\/div>\n\n\n\n<div class=\"wp-block-column is-layout-flow wp-block-column-is-layout-flow\">\n<blockquote class=\"wp-block-quote is-layout-flow wp-block-quote-is-layout-flow\">\n<p>\u00abHacia movimientos feministas fuertes, aut\u00f3nomos, pluralistas, inclusivos y resilientes\u00bb.<\/p>\n<\/blockquote>\n<\/div>\n<\/div>\n        \n    <div aria-hidden=\"true\" class=\"wp-block decorative-header alignwide pink-text\">\n        Fondos    <\/div>\n    <section style=\"--g-card--count: 6;\" class=\"cards wp-block animate cards--highlight-first-card cards--type--default cards--cpt--fund alignfull has-background has-pink-background-color\">\n        <div class=\"cards__inner\">\n                            <div class=\"cards__header\">\n                    <div class=\"cards__header-container\">\n                                                                                <h2 class=\"cards__heading\">Acerca de nuestros fondos<\/h2>\n                                                                                                    <div class=\"cards__more-link\">\n                                    <a  href=\"https:\/\/www.mamacash.org\/apply-for-a-grant\/\" class=\"g-button\">Apply for a grant<\/a>\n                            <\/div>\n                                            <\/div>\n                <\/div>\n            \n            <div class=\"cards__items\">\n                                    <article style=\"--g-card--index: 0;\" class=\"g-card animate-element has-image has-link g-card--type--fund\">\n    <div class=\"g-card__inner\">\n                    <div class=\"g-card__header\">\n                \n                                        <h3 class=\"g-card__heading is-style-typestyle-h4\">    <a href=\"https:\/\/www.mamacash.org\/es\/fondos\/fondo-de-amor-radical-2\/\">Fondo de Amor Radical<\/a>\n<\/h3>\n                \n                            <\/div>\n        \n        \n            <a tabindex=\"-1\" aria-hidden=\"true\" href=\"https:\/\/www.mamacash.org\/es\/fondos\/fondo-de-amor-radical-2\/\" class=\"g-button g-card__read-more\">Find out more<\/a>\n    <\/div>\n\n            <div class=\"g-card__image\">\n                        <div class=\"g-card__image-inner img-fit\">\n            <img decoding=\"async\" width=\"768\" height=\"265\" src=\"https:\/\/www.mamacash.org\/wp-content\/uploads\/2017\/12\/ponton-web-768x265.jpg\" class=\"attachment-medium_large size-medium_large\" alt=\"\" role=\"presentation\" srcset=\"https:\/\/www.mamacash.org\/wp-content\/uploads\/2017\/12\/ponton-web-768x265.jpg 768w, https:\/\/www.mamacash.org\/wp-content\/uploads\/2017\/12\/ponton-web-300x104.jpg 300w, https:\/\/www.mamacash.org\/wp-content\/uploads\/2017\/12\/ponton-web-1024x353.jpg 1024w, https:\/\/www.mamacash.org\/wp-content\/uploads\/2017\/12\/ponton-web.jpg 1200w\" sizes=\"(max-width: 768px) 100vw, 768px\" \/>            <\/div>\n        <\/div>\n    <\/article>\n                                    <article style=\"--g-card--index: 1;\" class=\"g-card animate-element has-image has-link g-card--type--fund\">\n    <div class=\"g-card__inner\">\n                    <div class=\"g-card__header\">\n                \n                                        <h3 class=\"g-card__heading is-style-typestyle-h4\">    <a href=\"https:\/\/www.mamacash.org\/es\/fondos\/fondo-de-resiliencia-2\/\">Fondo de resiliencia<\/a>\n<\/h3>\n                \n                            <\/div>\n        \n        \n            <a tabindex=\"-1\" aria-hidden=\"true\" href=\"https:\/\/www.mamacash.org\/es\/fondos\/fondo-de-resiliencia-2\/\" class=\"g-button g-card__read-more\">Find out more<\/a>\n    <\/div>\n\n            <div class=\"g-card__image\">\n                        <div class=\"g-card__image-inner img-fit\">\n            <img decoding=\"async\" width=\"768\" height=\"512\" src=\"https:\/\/www.mamacash.org\/wp-content\/uploads\/2023\/05\/1.-ADDAD-Mali-komt-op-voor-de-rechten-van-huishoudelijk-werksters-in-Mali-IMG_1777-768x512.jpg\" class=\"attachment-medium_large size-medium_large\" alt=\"\" role=\"presentation\" srcset=\"https:\/\/www.mamacash.org\/wp-content\/uploads\/2023\/05\/1.-ADDAD-Mali-komt-op-voor-de-rechten-van-huishoudelijk-werksters-in-Mali-IMG_1777-768x512.jpg 768w, https:\/\/www.mamacash.org\/wp-content\/uploads\/2023\/05\/1.-ADDAD-Mali-komt-op-voor-de-rechten-van-huishoudelijk-werksters-in-Mali-IMG_1777-300x200.jpg 300w, https:\/\/www.mamacash.org\/wp-content\/uploads\/2023\/05\/1.-ADDAD-Mali-komt-op-voor-de-rechten-van-huishoudelijk-werksters-in-Mali-IMG_1777-1024x683.jpg 1024w, https:\/\/www.mamacash.org\/wp-content\/uploads\/2023\/05\/1.-ADDAD-Mali-komt-op-voor-de-rechten-van-huishoudelijk-werksters-in-Mali-IMG_1777-1536x1024.jpg 1536w, https:\/\/www.mamacash.org\/wp-content\/uploads\/2023\/05\/1.-ADDAD-Mali-komt-op-voor-de-rechten-van-huishoudelijk-werksters-in-Mali-IMG_1777-2048x1366.jpg 2048w\" sizes=\"(max-width: 768px) 100vw, 768px\" \/>            <\/div>\n        <\/div>\n    <\/article>\n                                    <article style=\"--g-card--index: 2;\" class=\"g-card animate-element has-image has-link g-card--type--fund\">\n    <div class=\"g-card__inner\">\n                    <div class=\"g-card__header\">\n                \n                                        <h3 class=\"g-card__heading is-style-typestyle-h4\">    <a href=\"https:\/\/www.mamacash.org\/es\/fondos\/fondo-de-solidaridad-2\/\">Fondo de Solidaridad<\/a>\n<\/h3>\n                \n                            <\/div>\n        \n        \n            <a tabindex=\"-1\" aria-hidden=\"true\" href=\"https:\/\/www.mamacash.org\/es\/fondos\/fondo-de-solidaridad-2\/\" class=\"g-button g-card__read-more\">Find out more<\/a>\n    <\/div>\n\n            <div class=\"g-card__image\">\n                        <div class=\"g-card__image-inner img-fit\">\n            <img decoding=\"async\" width=\"768\" height=\"424\" src=\"https:\/\/www.mamacash.org\/wp-content\/uploads\/2017\/12\/hbwwf__mama_cash_grantee-768x424.jpg\" class=\"attachment-medium_large size-medium_large\" alt=\"\" role=\"presentation\" srcset=\"https:\/\/www.mamacash.org\/wp-content\/uploads\/2017\/12\/hbwwf__mama_cash_grantee-768x424.jpg 768w, https:\/\/www.mamacash.org\/wp-content\/uploads\/2017\/12\/hbwwf__mama_cash_grantee-300x166.jpg 300w, https:\/\/www.mamacash.org\/wp-content\/uploads\/2017\/12\/hbwwf__mama_cash_grantee-1024x565.jpg 1024w, https:\/\/www.mamacash.org\/wp-content\/uploads\/2017\/12\/hbwwf__mama_cash_grantee.jpg 1200w\" sizes=\"(max-width: 768px) 100vw, 768px\" \/>            <\/div>\n        <\/div>\n    <\/article>\n                                    <article style=\"--g-card--index: 3;\" class=\"g-card animate-element has-image has-link g-card--type--fund\">\n    <div class=\"g-card__inner\">\n                    <div class=\"g-card__header\">\n                \n                                        <h3 class=\"g-card__heading is-style-typestyle-h4\">    <a href=\"https:\/\/www.mamacash.org\/es\/fondos\/fondo-de-resiliencia\/\">Fondo Resiliencia<\/a>\n<\/h3>\n                \n                            <\/div>\n        \n        \n            <a tabindex=\"-1\" aria-hidden=\"true\" href=\"https:\/\/www.mamacash.org\/es\/fondos\/fondo-de-resiliencia\/\" class=\"g-button g-card__read-more\">Find out more<\/a>\n    <\/div>\n\n            <div class=\"g-card__image\">\n                        <div class=\"g-card__image-inner img-fit\">\n            <img decoding=\"async\" width=\"768\" height=\"512\" src=\"https:\/\/www.mamacash.org\/wp-content\/uploads\/2023\/05\/IMG_6731-1-768x512.jpg\" class=\"attachment-medium_large size-medium_large\" alt=\"\" role=\"presentation\" srcset=\"https:\/\/www.mamacash.org\/wp-content\/uploads\/2023\/05\/IMG_6731-1-768x512.jpg 768w, https:\/\/www.mamacash.org\/wp-content\/uploads\/2023\/05\/IMG_6731-1-300x200.jpg 300w, https:\/\/www.mamacash.org\/wp-content\/uploads\/2023\/05\/IMG_6731-1-1024x683.jpg 1024w, https:\/\/www.mamacash.org\/wp-content\/uploads\/2023\/05\/IMG_6731-1-1536x1024.jpg 1536w, https:\/\/www.mamacash.org\/wp-content\/uploads\/2023\/05\/IMG_6731-1-930x620.jpg 930w, https:\/\/www.mamacash.org\/wp-content\/uploads\/2023\/05\/IMG_6731-1.jpg 2048w\" sizes=\"(max-width: 768px) 100vw, 768px\" \/>            <\/div>\n        <\/div>\n    <\/article>\n                                    <article style=\"--g-card--index: 4;\" class=\"g-card animate-element has-image has-link g-card--type--fund\">\n    <div class=\"g-card__inner\">\n                    <div class=\"g-card__header\">\n                \n                                        <h3 class=\"g-card__heading is-style-typestyle-h4\">    <a href=\"https:\/\/www.mamacash.org\/es\/fondos\/fondo-de-la-revolucion\/\">P\u00c1GINA DEL FONDO REVOLUCI\u00d3N<\/a>\n<\/h3>\n                \n                            <\/div>\n        \n        \n            <a tabindex=\"-1\" aria-hidden=\"true\" href=\"https:\/\/www.mamacash.org\/es\/fondos\/fondo-de-la-revolucion\/\" class=\"g-button g-card__read-more\">Find out more<\/a>\n    <\/div>\n\n            <div class=\"g-card__image\">\n                        <div class=\"g-card__image-inner img-fit\">\n            <img decoding=\"async\" width=\"595\" height=\"841\" src=\"https:\/\/www.mamacash.org\/wp-content\/uploads\/2023\/05\/front-page-1.jpg\" class=\"attachment-medium_large size-medium_large\" alt=\"\" role=\"presentation\" srcset=\"https:\/\/www.mamacash.org\/wp-content\/uploads\/2023\/05\/front-page-1.jpg 595w, https:\/\/www.mamacash.org\/wp-content\/uploads\/2023\/05\/front-page-1-212x300.jpg 212w\" sizes=\"(max-width: 595px) 100vw, 595px\" \/>            <\/div>\n        <\/div>\n    <\/article>\n                                    <article style=\"--g-card--index: 5;\" class=\"g-card animate-element has-image has-link g-card--type--fund\">\n    <div class=\"g-card__inner\">\n                    <div class=\"g-card__header\">\n                \n                                        <h3 class=\"g-card__heading is-style-typestyle-h4\">    <a href=\"https:\/\/www.mamacash.org\/es\/fondos\/fondo-de-amor-radical\/\">Fondo de Amor Radical<\/a>\n<\/h3>\n                \n                            <\/div>\n        \n        \n            <a tabindex=\"-1\" aria-hidden=\"true\" href=\"https:\/\/www.mamacash.org\/es\/fondos\/fondo-de-amor-radical\/\" class=\"g-button g-card__read-more\">Find out more<\/a>\n    <\/div>\n\n            <div class=\"g-card__image\">\n                        <div class=\"g-card__image-inner img-fit\">\n            <img decoding=\"async\" width=\"768\" height=\"265\" src=\"https:\/\/www.mamacash.org\/wp-content\/uploads\/2017\/12\/ponton-web-768x265.jpg\" class=\"attachment-medium_large size-medium_large\" alt=\"\" role=\"presentation\" srcset=\"https:\/\/www.mamacash.org\/wp-content\/uploads\/2017\/12\/ponton-web-768x265.jpg 768w, https:\/\/www.mamacash.org\/wp-content\/uploads\/2017\/12\/ponton-web-300x104.jpg 300w, https:\/\/www.mamacash.org\/wp-content\/uploads\/2017\/12\/ponton-web-1024x353.jpg 1024w, https:\/\/www.mamacash.org\/wp-content\/uploads\/2017\/12\/ponton-web.jpg 1200w\" sizes=\"(max-width: 768px) 100vw, 768px\" \/>            <\/div>\n        <\/div>\n    <\/article>\n                            <\/div>\n        <\/div>\n    <\/section>\n    <section class=\"content-grid cards wp-block animate content-grid--grid alignwide\">\n        <div class=\"content-grid__inner\">\n                            <div class=\"content-grid__header\">\n                                                <h2 class=\"content-grid__heading yellow-highlight heading-highlight\">Mama Cash pone recursos en manos de activistas que construyen sus propios movimientos por la justicia<\/h2>\n                    \n                                    <\/div>\n            \n            <div class=\"content-grid__items\">\n                                    <div class=\"content-grid__item__outer\">\n                        <div class=\"content-grid__item\">\n                            <div class=\"content-grid__contain\">\n                                                                    <h6>Activismo colectivo autogestionado<\/h6>\n                                                                                                    Las mujeres, las ni\u00f1as y las personas trans e intersexuales son plenamente conscientes de los retos y las injusticias a que se enfrentan ellas y sus comunidades. Apoyamos a personas, grupos y movimientos que hablan y act\u00faan por s\u00ed mismos bas\u00e1ndose en sus experiencias vividas de estigmatizaci\u00f3n, violencia, explotaci\u00f3n y exclusi\u00f3n.                                                              <\/div>\n                        <\/div>\n                                            <\/div>\n                                    <div class=\"content-grid__item__outer\">\n                        <div class=\"content-grid__item\">\n                            <div class=\"content-grid__contain\">\n                                                                    <h6>Apoyo flexible y b\u00e1sico<\/h6>\n                                                                                                    Los grupos autodirigidos que apoyamos encierran una poderosa sabidur\u00eda radical. Respetamos sus conocimientos y la evaluaci\u00f3n de su propia situaci\u00f3n, por eso tienen libertad para utilizar nuestras subvenciones como consideren oportuno.                                                              <\/div>\n                        <\/div>\n                                            <\/div>\n                                    <div class=\"content-grid__item__outer\">\n                        <div class=\"content-grid__item\">\n                            <div class=\"content-grid__contain\">\n                                                                    <h6>Ayuda a largo plazo<\/h6>\n                                                                                                    La creaci\u00f3n de movimientos y los cambios estructurales profundos llevan tiempo. Proporcionamos apoyo a largo plazo para garantizar que los movimientos feministas puedan construir organizaciones m\u00e1s fuertes, planificar con antelaci\u00f3n, seguir siendo aut\u00f3nomos y ser resistentes cuando se enfrentan a desaf\u00edos.                                                              <\/div>\n                        <\/div>\n                                            <\/div>\n                                    <div class=\"content-grid__item__outer\">\n                        <div class=\"content-grid__item\">\n                            <div class=\"content-grid__contain\">\n                                                                    <h6>Acompa\u00f1amiento<\/h6>\n                                                                                                    Acompa\u00f1amos a los socios beneficiarios con recursos financieros y no financieros para obtener, mejorar, retener y perfeccionar sus capacidades, conocimientos y redes. Nuestro acompa\u00f1amiento se adapta a las necesidades organizativas espec\u00edficas identificadas y a los objetivos fijados por los propios socios beneficiarios.                                                            <\/div>\n                        <\/div>\n                                            <\/div>\n                            <\/div>\n        <\/div>\n    <\/section>\n\n<figure class=\"wp-block-image alignwide size-large\"><img decoding=\"async\" width=\"1024\" height=\"503\" src=\"https:\/\/www.mamacash.org\/wp-content\/uploads\/2021\/03\/aireana_photo_javier_alberto_medina_17_fi-2-1024x503.jpg\" alt=\"\" class=\"wp-image-3394\" srcset=\"https:\/\/www.mamacash.org\/wp-content\/uploads\/2021\/03\/aireana_photo_javier_alberto_medina_17_fi-2-1024x503.jpg 1024w, https:\/\/www.mamacash.org\/wp-content\/uploads\/2021\/03\/aireana_photo_javier_alberto_medina_17_fi-2-300x147.jpg 300w, https:\/\/www.mamacash.org\/wp-content\/uploads\/2021\/03\/aireana_photo_javier_alberto_medina_17_fi-2-768x377.jpg 768w, https:\/\/www.mamacash.org\/wp-content\/uploads\/2021\/03\/aireana_photo_javier_alberto_medina_17_fi-2.jpg 1100w\" sizes=\"(max-width: 1024px) 100vw, 1024px\" \/><\/figure>\n\n<blockquote class=\"wp-block-quote is-layout-flow wp-block-quote-is-layout-flow\">\n<p><strong>\u00abLas subvenciones participativas consisten en compartir el poder y reconocer que las comunidades feministas a las que dotamos de recursos son las expertas de sus propias realidades y movimientos\u00bb.<\/strong><\/p>\n<\/blockquote>\n\n<div class=\"wp-block-columns is-layout-flex wp-container-core-columns-is-layout-9d6595d7 wp-block-columns-is-layout-flex\">\n<div class=\"wp-block-column is-layout-flow wp-block-column-is-layout-flow\">\n<h2 class=\"wp-block-heading\">Red mundial de asesoramiento<\/h2>\n<\/div>\n\n\n\n<div class=\"wp-block-column is-layout-flow wp-block-column-is-layout-flow\">\n<p>En el centro de nuestro sistema participativo de concesi\u00f3n de subvenciones se encuentra la Red Global de Asesoramiento, un grupo diverso de activistas feministas de distintas zonas geogr\u00e1ficas, de diferentes grupos de inter\u00e9s, con conocimientos tem\u00e1ticos, experiencia y conexiones diversas. Los miembros de la Red Mundial de Asesoramiento desempe\u00f1an un papel vital en la toma de decisiones de cada fondo, con una composici\u00f3n y un proceso personalizados para cada uno de ellos.  <\/p>\n\n\n\n<div class=\"wp-block-buttons is-layout-flex wp-block-buttons-is-layout-flex\">\n<div class=\"wp-block-button\"><a class=\"wp-block-button__link wp-element-button\" href=\"https:\/\/www.mamacash.org\/es\/red-mundial-de-asesoramiento\/\">M\u00e1s informaci\u00f3n<\/a><\/div>\n<\/div>\n<\/div>\n<\/div>\n","protected":false},"excerpt":{"rendered":"<p>\u00abLas activistas feministas tienen la visi\u00f3n y el poder de transformar nuestro mundo\u00bb \u00abHacia movimientos feministas fuertes, aut\u00f3nomos, pluralistas, inclusivos&hellip;<\/p>\n","protected":false},"author":20,"featured_media":4865,"parent":10723,"menu_order":0,"comment_status":"closed","ping_status":"closed","template":"","meta":{"_acf_changed":false,"footnotes":""},"class_list":["post-7958","page","type-page","status-publish","has-post-thumbnail","hentry"],"acf":[],"_links":{"self":[{"href":"https:\/\/www.mamacash.org\/es\/wp-json\/wp\/v2\/pages\/7958","targetHints":{"allow":["GET"]}}],"collection":[{"href":"https:\/\/www.mamacash.org\/es\/wp-json\/wp\/v2\/pages"}],"about":[{"href":"https:\/\/www.mamacash.org\/es\/wp-json\/wp\/v2\/types\/page"}],"author":[{"embeddable":true,"href":"https:\/\/www.mamacash.org\/es\/wp-json\/wp\/v2\/users\/20"}],"replies":[{"embeddable":true,"href":"https:\/\/www.mamacash.org\/es\/wp-json\/wp\/v2\/comments?post=7958"}],"version-history":[{"count":4,"href":"https:\/\/www.mamacash.org\/es\/wp-json\/wp\/v2\/pages\/7958\/revisions"}],"predecessor-version":[{"id":13765,"href":"https:\/\/www.mamacash.org\/es\/wp-json\/wp\/v2\/pages\/7958\/revisions\/13765"}],"up":[{"embeddable":true,"href":"https:\/\/www.mamacash.org\/es\/wp-json\/wp\/v2\/pages\/10723"}],"wp:featuredmedia":[{"embeddable":true,"href":"https:\/\/www.mamacash.org\/es\/wp-json\/wp\/v2\/media\/4865"}],"wp:attachment":[{"href":"https:\/\/www.mamacash.org\/es\/wp-json\/wp\/v2\/media?parent=7958"}],"curies":[{"name":"wp","href":"https:\/\/api.w.org\/{rel}","templated":true}]}}