{"id":17378,"date":"2025-06-30T22:58:13","date_gmt":"2025-06-30T20:58:13","guid":{"rendered":"https:\/\/www.mamacash.org\/?page_id=17378"},"modified":"2025-07-03T10:05:19","modified_gmt":"2025-07-03T08:05:19","slug":"informes-anuales-2","status":"publish","type":"page","link":"https:\/\/www.mamacash.org\/es\/informes-anuales-2\/","title":{"rendered":"Informes anuales"},"content":{"rendered":"<div class=\"media-content wp-block media-content--right media-content--media-type--image alignfull has-background has-yellow-tint-background-color\">\n    <div class=\"media-content__inner\">\n        <div class=\"media-content__content\">\n                                <h2 class=\"media-content__heading yellow-highlight heading-highlight\"><strong>\u00a1Y juntos nos levantamos!<\/strong> &#8211; Informe Anual 2024 <\/h2>\n            \n            \n                                <h3 class=\"media-content__subheading\">\u00abAl igual que los movimientos feministas mantienen su determinaci\u00f3n frente a la reacci\u00f3n violenta, as\u00ed debemos ser nosotros\u00bb.<\/h3>\n            \n                                        \n                                                <\/div>\n\n                    <div class=\"media-content__container\">\n                <div class=\"media-content__media img-fit\">\n                    <img decoding=\"async\" width=\"3000\" height=\"2001\" src=\"https:\/\/www.mamacash.org\/wp-content\/uploads\/2025\/06\/credits-gayatri-ganju_53676698782_o-scaled.jpg\" class=\"attachment-super size-super\" alt=\"\" sizes=\"(max-width: 768px) 100vw, 50vw\" role=\"presentation\" srcset=\"https:\/\/www.mamacash.org\/wp-content\/uploads\/2025\/06\/credits-gayatri-ganju_53676698782_o-scaled.jpg 3000w, https:\/\/www.mamacash.org\/wp-content\/uploads\/2025\/06\/credits-gayatri-ganju_53676698782_o-300x200.jpg 300w, https:\/\/www.mamacash.org\/wp-content\/uploads\/2025\/06\/credits-gayatri-ganju_53676698782_o-1024x683.jpg 1024w, https:\/\/www.mamacash.org\/wp-content\/uploads\/2025\/06\/credits-gayatri-ganju_53676698782_o-768x512.jpg 768w, https:\/\/www.mamacash.org\/wp-content\/uploads\/2025\/06\/credits-gayatri-ganju_53676698782_o-1536x1025.jpg 1536w, https:\/\/www.mamacash.org\/wp-content\/uploads\/2025\/06\/credits-gayatri-ganju_53676698782_o-2048x1366.jpg 2048w, https:\/\/www.mamacash.org\/wp-content\/uploads\/2025\/06\/credits-gayatri-ganju_53676698782_o-930x620.jpg 930w\" \/>                <\/div>\n                \n                \n                \n            <\/div>\n            <\/div>\n<\/div>\n\n\n\n<div class=\"wp-block-columns is-layout-flex wp-container-core-columns-is-layout-9d6595d7 wp-block-columns-is-layout-flex\">\n<div class=\"wp-block-column is-layout-flow wp-block-column-is-layout-flow\" style=\"flex-basis:50%\">\n<div class=\"wp-block-buttons is-layout-flex wp-block-buttons-is-layout-flex\">\n<div class=\"wp-block-button\"><a class=\"wp-block-button__link wp-element-button\" href=\"https:\/\/mamacash.jaarverslag.org\/highlights\/\" target=\"_blank\" rel=\"noreferrer noopener\">Lee aqu\u00ed lo m\u00e1s destacado de nuestro informe anual 2024<\/a><\/div>\n<\/div>\n\n\n\n<p><\/p>\n\n\n\n<div class=\"wp-block-buttons is-layout-flex wp-block-buttons-is-layout-flex\">\n<div class=\"wp-block-button\"><a class=\"wp-block-button__link wp-element-button\" href=\"https:\/\/mamacash.jaarverslag.org\/\" target=\"_blank\" rel=\"noreferrer noopener\">Lee nuestro informe anual 2024 completo aqu\u00ed<\/a><\/div>\n<\/div>\n<\/div>\n\n\n\n<div class=\"wp-block-column is-vertically-aligned-top is-layout-flow wp-block-column-is-layout-flow\" style=\"flex-basis:50%\">\n<h2 class=\"wp-block-heading is-style-typestyle-h4\"><strong>\u00a1Y juntos nos levantamos!<\/strong> <\/h2>\n\n\n\n<p>En estos tiempos dif\u00edciles, sabemos que muchas activistas feministas corren el riesgo de perder su sustento, su salud e incluso su vida. Compartimos el dolor de este momento. Al mismo tiempo, nos asombra su determinaci\u00f3n para mantener la l\u00ednea. En 2024, publicamos el estudio <a href=\"https:\/\/www.mamacash.org\/resources\/change-that-lasts-40-years-of-impact\/\" target=\"_blank\" rel=\"noreferrer noopener\"><em><strong>Cambio que perdura: 40 a\u00f1os de impacto<\/strong><\/em><\/a> que demostraba sin lugar a dudas que los movimientos feministas que hemos apoyado durante cuatro d\u00e9cadas est\u00e1n construyendo un mundo en el que nuestro planeta y todas las personas que lo habitan prosperan. Incluso frente a enormes amenazas -pasadas, presentes o futuras-, las activistas feministas son capaces de crear un mundo m\u00e1s pac\u00edfico, justo y sostenible, y est\u00e1n decididas a hacerlo.<\/p>\n\n\n\n<h2 class=\"wp-block-heading is-style-typestyle-h4\"><strong>Necesidad urgente de recursos<\/strong> <\/h2>\n\n\n\n<p>En 2024, recibimos un n\u00famero r\u00e9cord de solicitudes al Fondo de Resiliencia: casi 2.500. Desde 2022, hemos asistido a <strong>un asombroso aumento del 70% en las solicitudes<\/strong>, lo que pone de relieve la urgente necesidad de recursos para hacer avanzar los derechos de las mujeres, las personas trans e intersexuales ante la intensificaci\u00f3n de los desaf\u00edos en materia de derechos humanos, el aumento del autoritarismo y una severa y bien financiada reacci\u00f3n contra los derechos y el g\u00e9nero.   <\/p>\n<\/div>\n<\/div>\n\n\n    \n    <div aria-hidden=\"true\" class=\"wp-block decorative-header alignwide teal-text\">\n        Informes anteriores    <\/div>\n    <section class=\"wp-block annual-report-list alignfull has-background has-teal-tint-background-color\">\n\n    <div class=\"media-content wp-block media-content--right media-content--media-type--image\">\n    <div class=\"media-content__inner\">\n        <div class=\"media-content__content\">\n                                <h2 class=\"media-content__heading\">Informe anual 2023<\/h2>\n            \n            \n            \n                            Por el Amor, por el Cambio, por la Justicia &#8211; Informe Anual 2023 \n\n&#8216;Acepta la llamada feminista a la acci\u00f3n, y \u00fanete a nosotros para compartir el amor, celebrar el cambio y defender la causa de la justicia en todas partes&#8217;.              \n                                                <div class=\"flex-list\">\n                            <a  href=\"https:\/\/www.mamacash.org\/wp-content\/uploads\/2024\/06\/Mama-Cash-2023-Annual-Report.pdf\" class=\"g-button\">Download<\/a>\n                    <\/div>\n                                    <\/div>\n\n                    <div class=\"media-content__container\">\n                <div class=\"media-content__media img-fit\">\n                    <img decoding=\"async\" width=\"2048\" height=\"1365\" src=\"https:\/\/www.mamacash.org\/wp-content\/uploads\/2024\/06\/89119016_1090969437926144_413090774868033536_n-1.jpg\" class=\"attachment-super size-super\" alt=\"\" sizes=\"(max-width: 768px) 100vw, 50vw\" role=\"presentation\" srcset=\"https:\/\/www.mamacash.org\/wp-content\/uploads\/2024\/06\/89119016_1090969437926144_413090774868033536_n-1.jpg 2048w, https:\/\/www.mamacash.org\/wp-content\/uploads\/2024\/06\/89119016_1090969437926144_413090774868033536_n-1-300x200.jpg 300w, https:\/\/www.mamacash.org\/wp-content\/uploads\/2024\/06\/89119016_1090969437926144_413090774868033536_n-1-1024x683.jpg 1024w, https:\/\/www.mamacash.org\/wp-content\/uploads\/2024\/06\/89119016_1090969437926144_413090774868033536_n-1-768x512.jpg 768w, https:\/\/www.mamacash.org\/wp-content\/uploads\/2024\/06\/89119016_1090969437926144_413090774868033536_n-1-1536x1024.jpg 1536w\" \/>                <\/div>\n                \n                \n                \n            <\/div>\n            <\/div>\n<\/div>\n    <h3 >Past Reports<\/h3>\n\n                <figure class=\"annual-report-list__list\">\n            <ol>\n            <li><span>Informe anual 2022 (15 MB)<\/span><span>    <a  href=\"https:\/\/www.mamacash.org\/wp-content\/uploads\/2023\/06\/mama_cash_annual_report_2022_.pdf\" class=\"report-download\">Download<\/a>\n<\/span><\/li>            <\/ol>\n        <\/figure>\n        \n        <p>    <a  href=\"https:\/\/history.mamacash.org\/annual-reports\/\" class=\"g-button button--arrow-up-right\">Find all of Mama Cash&#8217;s annual reports since 1983 on our History website<\/a>\n<\/p>\n    <\/section>\n\n","protected":false},"excerpt":{"rendered":"<p>\u00a1Y juntos nos levantamos! En estos tiempos dif\u00edciles, sabemos que muchas activistas feministas corren el riesgo de perder su sustento,&hellip;<\/p>\n","protected":false},"author":38,"featured_media":0,"parent":0,"menu_order":0,"comment_status":"closed","ping_status":"closed","template":"","meta":{"_acf_changed":false,"footnotes":""},"class_list":["post-17378","page","type-page","status-publish","hentry"],"acf":[],"_links":{"self":[{"href":"https:\/\/www.mamacash.org\/es\/wp-json\/wp\/v2\/pages\/17378","targetHints":{"allow":["GET"]}}],"collection":[{"href":"https:\/\/www.mamacash.org\/es\/wp-json\/wp\/v2\/pages"}],"about":[{"href":"https:\/\/www.mamacash.org\/es\/wp-json\/wp\/v2\/types\/page"}],"author":[{"embeddable":true,"href":"https:\/\/www.mamacash.org\/es\/wp-json\/wp\/v2\/users\/38"}],"replies":[{"embeddable":true,"href":"https:\/\/www.mamacash.org\/es\/wp-json\/wp\/v2\/comments?post=17378"}],"version-history":[{"count":3,"href":"https:\/\/www.mamacash.org\/es\/wp-json\/wp\/v2\/pages\/17378\/revisions"}],"predecessor-version":[{"id":17598,"href":"https:\/\/www.mamacash.org\/es\/wp-json\/wp\/v2\/pages\/17378\/revisions\/17598"}],"wp:attachment":[{"href":"https:\/\/www.mamacash.org\/es\/wp-json\/wp\/v2\/media?parent=17378"}],"curies":[{"name":"wp","href":"https:\/\/api.w.org\/{rel}","templated":true}]}}