{"id":10694,"date":"2023-04-27T11:21:07","date_gmt":"2023-04-27T09:21:07","guid":{"rendered":"https:\/\/www.mamacash.org\/influir-en-la-comunidad-de-donantes\/"},"modified":"2023-12-20T11:25:56","modified_gmt":"2023-12-20T10:25:56","slug":"influir-en-la-comunidad-de-donantes","status":"publish","type":"page","link":"https:\/\/www.mamacash.org\/es\/que-hacemos\/influir-en-la-comunidad-de-donantes\/","title":{"rendered":"Influir en la comunidad de donantes"},"content":{"rendered":"\n<div class=\"wp-block-columns is-layout-flex wp-container-core-columns-is-layout-9d6595d7 wp-block-columns-is-layout-flex\">\n<div class=\"wp-block-column is-layout-flow wp-block-column-is-layout-flow\">\n<h2 class=\"wp-block-heading is-style-typestyle-h3\"><em>Mover dinero a movimientos feministas es lo que hacemos, c\u00f3mo <\/em><strong>\n  <em>mover m\u00e1s y mejor dinero<\/em>\n<\/strong><em> es lo que sabemos.<\/em><\/h2>\n<\/div>\n\n\n\n<div class=\"wp-block-column is-layout-flow wp-block-column-is-layout-flow\">\n<p>Fundada en 1983, Mama Cash ha concedido hasta la fecha m\u00e1s de 92 millones de euros a activistas feministas, grupos autogestionados y movimientos que trabajan para garantizar la democracia, los derechos humanos y la justicia medioambiental y de g\u00e9nero en todo el mundo. Como primer fondo internacional de mujeres, Mama Cash ha desarrollado una gran experiencia en la dotaci\u00f3n de recursos a los movimientos feministas de forma abundante y eficaz.<\/p>\n<\/div>\n<\/div>\n\n<blockquote class=\"wp-block-quote is-layout-flow wp-block-quote-is-layout-flow\">\n<p><em>\u00abMe encanta la historia del origen de Mama Cash. En resumen: cinco mujeres se reunieron alrededor de una mesa de cocina  <\/em><strong>\n  <em>inventar una nueva forma<\/em>\n<\/strong><em> de apoyar a otras mujeres, m\u00e1s all\u00e1 de las fronteras nacionales. <\/em><strong>\n  <em>Nunca se hab\u00eda hecho, as\u00ed que lo hicieron.<\/em>\n<\/strong><em>.\u00bb<\/em><\/p>\n<cite>Zohra<em>Moosa, ED Mama Cash 2013-2022<\/em><\/cite><\/blockquote>\n\n<p>Desde el principio, Mama Cash asumi\u00f3 la necesidad y la urgencia de adoptar nuevas pr\u00e1cticas, procesos y lenguajes en materia de recursos.  <strong>recursos<\/strong>  activistas feministas y sus movimientos,  <strong>no damos ayudas<\/strong>\u00a1! Como financiadores, debemos ser \u00e1giles, valientes y creativos para garantizar que m\u00e1s y mejor dinero llegue a los movimientos feministas que promueven el cambio estructural y responden a las crisis interrelacionadas a las que se enfrenta nuestro mundo.  <\/p>\n\n<h2 class=\"wp-block-heading is-style-typestyle-sidebar\"><em>El conocimiento feminista es poderoso.<\/em><\/h2>\n\n<p>Con m\u00e1s de 40 a\u00f1os de experiencia, Mama Cash tiene un s\u00f3lido historial en saber lo que funciona para dotar directamente a los movimientos feministas de recursos abundantes y eficaces. Nuestro trabajo se <em>basa<\/em> en el liderazgo y los conocimientos de agentes feministas y en las experiencias y realidades vividas por quienes se ven directamente afectados por las decisiones de financiaci\u00f3n.<\/p>\n\n<h2 class=\"wp-block-heading is-style-typestyle-sidebar\"><em>Colectivamente, somos m\u00e1s sabios y m\u00e1s fuertes<\/em><\/h2>\n\n<p>Nos comprometemos a estar en movimiento junto con otros actores -como la sociedad civil feminista, los fondos paritarios de mujeres, los actores filantr\u00f3picos y los donantes gubernamentales- para garantizar colectivamente que una financiaci\u00f3n m\u00e1s accesible e impactante llegue directamente a los movimientos feministas.  <\/p>\n\n<p><em>\u00abQueremos <\/em><strong>\n  <em>m\u00e1s<\/em>\n<\/strong><em> y <\/em><strong>\n  <em>mejor <\/em>\n<\/strong><em>dinero a los movimientos feministas\u00bb<\/em><\/p>\n\n<div class=\"wp-block-cover is-light\"><span aria-hidden=\"true\" class=\"wp-block-cover__background has-teal-background-color has-background-dim-100 has-background-dim\"><\/span><div class=\"wp-block-cover__inner-container is-layout-flow wp-block-cover-is-layout-flow\">\n<h2 class=\"wp-block-heading is-style-default\">El activismo feminista funciona<\/h2>\n\n\n\n<blockquote class=\"wp-block-quote is-layout-flow wp-block-quote-is-layout-flow\">\n<p><em>\u00abLas feministas so\u00f1amos y creamos comunidades m\u00e1s justas y alegres para todos nosotros\u00bb<\/em><span id=\"docs-internal-guid-c7bbac8d-7fff-633a-7876-c0676779d10e\" style=\"font-weight:normal;\"><\/span><\/p>\n<\/blockquote>\n<\/div><\/div>\n\n<p>La investigaci\u00f3n demuestra que los movimientos feministas aut\u00f3nomos impulsan y alimentan el cambio social transformador. Respaldar los movimientos feministas con recursos espec\u00edficos es fundamental para cumplir los acuerdos y agendas mundiales.<\/p>\n\n<h2 class=\"wp-block-heading\">Los movimientos feministas merecen una financiaci\u00f3n de calidad<\/h2>\n\n<p>La financiaci\u00f3n de calidad importa: no es la intenci\u00f3n, sino la pr\u00e1ctica lo que determina el impacto. Los financiadores deben respaldar a los movimientos feministas con recursos adecuados y accesibles para impulsar su trabajo colectivo.<\/p>\n\n<h2 class=\"wp-block-heading\">S\u00e9 como una feminista: afronta los riesgos con valent\u00eda y determinaci\u00f3n.<\/h2>\n\n<p>Es crucial repensar y replantear lo que se entiende por riesgo cuando se trata de apoyar a los movimientos feministas, especialmente en comparaci\u00f3n con lo que se juegan directamente las activistas. Las activistas feministas nos muestran que, adem\u00e1s de los riesgos a los que se enfrentan personalmente, el mantenimiento del statu quo entra\u00f1a riesgos inaceptables para las personas y el planeta.  <\/p>\n\n<div class=\"wp-block-cover is-light\"><span aria-hidden=\"true\" class=\"wp-block-cover__background has-yellow-background-color has-background-dim-100 has-background-dim\"><\/span><div class=\"wp-block-cover__inner-container is-layout-flow wp-block-cover-is-layout-flow\">\n<h2 class=\"wp-block-heading\">Las feministas trabajan a escala local, regional y mundial<\/h2>\n\n\n\n<blockquote class=\"wp-block-quote is-layout-flow wp-block-quote-is-layout-flow\">\n<p><em>  \u00abLos problemas y retos de la justicia social est\u00e1n interconectados y deben abordarse a nivel local, interregional y transnacional\u00bb.  <\/em><\/p>\n<\/blockquote>\n<\/div><\/div>\n\n<p>Los problemas de justicia social m\u00e1s acuciantes del mundo actual est\u00e1n interconectados y requieren un enfoque contextualizado que vaya m\u00e1s all\u00e1 de pa\u00edses concretos e incorpore el activismo y la defensa transnacionales, transregionales y mundiales.<\/p>\n\n<div class=\"wp-block-cover\"><span aria-hidden=\"true\" class=\"wp-block-cover__background has-pink-background-color has-background-dim-100 has-background-dim\"><\/span><div class=\"wp-block-cover__inner-container is-layout-flow wp-block-cover-is-layout-flow\">\n<h2 class=\"wp-block-heading\">Nuestros socios influyentes<\/h2>\n\n\n\n<blockquote class=\"wp-block-quote is-layout-flow wp-block-quote-is-layout-flow\">\n<p><em>\u00abSabemos que colectivamente somos m\u00e1s sabios y m\u00e1s fuertes\u00bb.<\/em><\/p>\n<\/blockquote>\n<\/div><\/div>\n\n<p>Nuestra labor de influencia se realiza a menudo en colaboraci\u00f3n con otros. Esto incluye asociaciones formales, as\u00ed como oportunidades ad hoc para colaborar con colegas. Algunos ejemplos son:  <\/p>\n\n<p>Iniciativas multilaterales:<\/p>\n\n<ul class=\"wp-block-list\">\n<li>  Grupo Director de la Alianza <a href=\"https:\/\/allianceforfeministmovements.org\/\">para los Movimientos Feministas Compromiso y colaboraci\u00f3n de m\u00faltiples partes interesadas para apoyar y ampliar los movimientos feministas | Alianza para los Movimientos Feministas<\/a> <\/li>\n\n\n\n<li>Red mundial de socios para la pol\u00edtica exterior feminista <a href=\"https:\/\/www.ffpcollaborative.org\/\">https:\/\/www.ffpcollaborative.org\/<\/a> <\/li>\n<\/ul>\n\n<p>Consorcios feministas:<\/p>\n\n<ul class=\"wp-block-list\">\n<li>La campa\u00f1a \u00a1Cuenta conmigo! Consorcio:  <a href=\"https:\/\/cmiconsortium.org\/\">Inicio | \u00a1Cuenta conmigo! (cmiconsortium.org)<\/a><\/li>\n\n\n\n<li>Alianza <a href=\"https:\/\/gaggaalliance.org\/\">Global para la Acci\u00f3n Verde y de G\u00e9nero (GAGGA) GAGGA &#8211; Alianza Global para la Acci\u00f3n Verde y de G\u00e9nero (gaggaalliance.org)<\/a><\/li>\n<\/ul>\n\n<p>Tambi\u00e9n formamos parte de una comunidad internacional de fondos de mujeres:<\/p>\n\n<ul class=\"wp-block-list\">\n<li>Prospera &#8211; Red Internacional de Fondos de Mujeres: <a href=\"https:\/\/www.prospera-inwf.org\/#!\/-home\/\">Inicio | Prospera &#8211; Red Internacional de Fondos de Mujeres | Apoyo a los fondos de mujeres de todo el mundo para lograr m\u00e1s igualdad y prosperidad (prospera-inwf.org)<\/a> <\/li>\n<\/ul>\n","protected":false},"excerpt":{"rendered":"<p>Mover dinero a movimientos feministas es lo que hacemos, c\u00f3mo mover m\u00e1s y mejor dinero es lo que sabemos. Fundada&hellip;<\/p>\n","protected":false},"author":20,"featured_media":6255,"parent":10723,"menu_order":0,"comment_status":"closed","ping_status":"closed","template":"","meta":{"_acf_changed":false,"footnotes":""},"class_list":["post-10694","page","type-page","status-publish","has-post-thumbnail","hentry"],"acf":[],"_links":{"self":[{"href":"https:\/\/www.mamacash.org\/es\/wp-json\/wp\/v2\/pages\/10694","targetHints":{"allow":["GET"]}}],"collection":[{"href":"https:\/\/www.mamacash.org\/es\/wp-json\/wp\/v2\/pages"}],"about":[{"href":"https:\/\/www.mamacash.org\/es\/wp-json\/wp\/v2\/types\/page"}],"author":[{"embeddable":true,"href":"https:\/\/www.mamacash.org\/es\/wp-json\/wp\/v2\/users\/20"}],"replies":[{"embeddable":true,"href":"https:\/\/www.mamacash.org\/es\/wp-json\/wp\/v2\/comments?post=10694"}],"version-history":[{"count":2,"href":"https:\/\/www.mamacash.org\/es\/wp-json\/wp\/v2\/pages\/10694\/revisions"}],"predecessor-version":[{"id":10699,"href":"https:\/\/www.mamacash.org\/es\/wp-json\/wp\/v2\/pages\/10694\/revisions\/10699"}],"up":[{"embeddable":true,"href":"https:\/\/www.mamacash.org\/es\/wp-json\/wp\/v2\/pages\/10723"}],"wp:featuredmedia":[{"embeddable":true,"href":"https:\/\/www.mamacash.org\/es\/wp-json\/wp\/v2\/media\/6255"}],"wp:attachment":[{"href":"https:\/\/www.mamacash.org\/es\/wp-json\/wp\/v2\/media?parent=10694"}],"curies":[{"name":"wp","href":"https:\/\/api.w.org\/{rel}","templated":true}]}}