{"id":10692,"date":"2023-05-15T14:58:37","date_gmt":"2023-05-15T12:58:37","guid":{"rendered":"https:\/\/www.mamacash.org\/declaracion-de-confidencialidad\/"},"modified":"2025-10-22T20:53:02","modified_gmt":"2025-10-22T18:53:02","slug":"declaracion-de-confidencialidad","status":"publish","type":"page","link":"https:\/\/www.mamacash.org\/es\/declaracion-de-confidencialidad\/","title":{"rendered":"Declaraci\u00f3n de confidencialidad"},"content":{"rendered":"\n<p>Mama Cash utiliza sus datos para poder ofrecerle un buen servicio como donante, simpatizante o solicitante de una subvenci\u00f3n e informarle, si as\u00ed lo solicita, sobre nuestro trabajo y nuestras campa\u00f1as. Mama Cash se toma muy en serio tu privacidad; protegemos tus datos y no los compartimos con terceros con fines comerciales.<\/p>\n\n\n\n<p>En esta declaraci\u00f3n de privacidad, nos gustar\u00eda informarle de qu\u00e9 datos tenemos sobre usted y por qu\u00e9 los necesitamos para prestarle un servicio. Siempre puede pedirnos que modifiquemos o eliminemos sus datos.<\/p>\n\n\n\n<p>Lea la siguiente informaci\u00f3n sobre lo que puede esperar de nosotros y las normas que cumplimos.<\/p>\n\n\n\n<p>Esta declaraci\u00f3n de privacidad se aplica al tratamiento de datos personales por Mama Cash a trav\u00e9s de nuestra p\u00e1gina web y otros canales. Esta pol\u00edtica no se aplica a los sitios web ni a las actividades de otras organizaciones a las que Mama Cash hace referencia. Estas organizaciones aplican su propia pol\u00edtica de privacidad, de la que usted mismo debe tomar nota.<\/p>\n\n\n\n<h2 class=\"wp-block-heading is-style-typestyle-sidebar\"><strong>Tratamiento de datos<\/strong><\/h2>\n\n\n\n<p>Mama Cash trata los datos personales a efectos de nuestro sistema de registro de donantes, nuestro programa de concesi\u00f3n de subvenciones y para facilitar informaci\u00f3n sobre nuestro trabajo y nuestras campa\u00f1as. Mama Cash no comparte datos personales con terceros con fines comerciales.<\/p>\n\n\n\n<p>Mama Cash ha adoptado las medidas t\u00e9cnicas y organizativas apropiadas para garantizar la seguridad de los sistemas en los que se almacenan los datos personales. Garantizamos que s\u00f3lo puedan acceder a los datos personales los empleados autorizados para ello por su puesto de trabajo y que s\u00f3lo utilizamos los datos personales para los fines para los que fueron recogidos, es decir, para fines compatibles.<\/p>\n\n\n\n<p>Mama Cash cuenta con la marca de calidad holandesa CBF para organizaciones ben\u00e9ficas<a href=\"http:\/\/www.cbf.nl\/\">(www.cbf.nl)<\/a>.<\/p>\n\n\n\n<h2 class=\"wp-block-heading is-style-typestyle-sidebar\"><strong>Recogida de datos por Internet<\/strong><\/h2>\n\n\n\n<p>Mama Cash recopila datos personales a trav\u00e9s de su sitio web. Esto ocurre cuando se suscribe a uno de nuestros boletines por correo electr\u00f3nico, cuando se registra como donante o realiza una donaci\u00f3n, cuando solicita una subvenci\u00f3n utilizando nuestro formulario de Carta de Inter\u00e9s o cuando participa en una campa\u00f1a en l\u00ednea.<\/p>\n\n\n\n<h2 class=\"wp-block-heading is-style-typestyle-sidebar\"><strong>Recogida de datos fuera de Internet<\/strong><\/h2>\n\n\n\n<p>Mama Cash tambi\u00e9n recopila datos personales cuando usted rellena un formulario de solicitud en eventos, durante una conversaci\u00f3n telef\u00f3nica o de otras formas.<\/p>\n\n\n\n<h2 class=\"wp-block-heading is-style-typestyle-sidebar\"><strong>Datos tratados por Mama Cash<\/strong><\/h2>\n\n\n\n<p>Los datos personales que Mama Cash puede tratar para facilitar informaci\u00f3n sobre nuestro trabajo y nuestras campa\u00f1as son los siguientes: nombre, direcci\u00f3n, lugar de residencia, n\u00famero de tel\u00e9fono, direcci\u00f3n de correo electr\u00f3nico, sexo, fecha de nacimiento, estado de contacto, historial de contactos. Para nuestro sistema de registro de donantes y programas de recaudaci\u00f3n de fondos, tambi\u00e9n tratamos los siguientes datos: n\u00famero de cuenta bancaria, historial de pagos.<\/p>\n\n\n\n<p>Los datos personales que Mama Cash puede procesar para tramitar solicitudes de subvenci\u00f3n y conceder subvenciones son los siguientes: nombre, sexo, direcci\u00f3n de correo electr\u00f3nico, direcci\u00f3n de su organizaci\u00f3n y otros datos de contacto.<\/p>\n\n\n\n<p>Utilizamos esta informaci\u00f3n para poder tramitar su solicitud de subvenci\u00f3n y, si se le concede, para mantenernos en contacto con usted durante la vigencia de la subvenci\u00f3n.<\/p>\n\n\n\n<p>Para evaluar nuestro programa de subvenciones, tambi\u00e9n colaboramos ocasionalmente con entidades externas. Para ello, compartimos su nombre, direcci\u00f3n de correo electr\u00f3nico, organizaci\u00f3n y regi\u00f3n. En todos los casos, nos aseguramos de que estos terceros dispongan de las garant\u00edas adecuadas en materia de privacidad y seguridad.<\/p>\n\n\n\n<h2 class=\"wp-block-heading is-style-typestyle-sidebar\"><strong>\u00bfD\u00f3nde se almacenan sus datos?<\/strong><\/h2>\n\n\n\n<p>Trabajamos con terceros para el alojamiento, la base de datos y el mantenimiento. Estas partes pueden tener acceso a sus datos como parte del trabajo que realizan para Mama Cash. Algunas de estas partes est\u00e1n situadas fuera de Europa. En todos los casos, nos aseguramos de que estos terceros dispongan de las garant\u00edas adecuadas en materia de privacidad y seguridad.<\/p>\n\n\n\n<h2 class=\"wp-block-heading is-style-typestyle-sidebar\">Correo electr\u00f3nico<\/h2>\n\n\n\n<p>Si usted, como participante en una campa\u00f1a, donante o solicitante de informaci\u00f3n, ha facilitado su direcci\u00f3n de correo electr\u00f3nico a Mama Cash, se le informar\u00e1 por correo electr\u00f3nico sobre nuestras campa\u00f1as y otras actividades. Puede darse de baja de estos correos electr\u00f3nicos en cualquier momento haciendo clic en el enlace para darse de baja que aparece en cada mensaje, o poni\u00e9ndose en contacto con nosotros aqu\u00ed.<\/p>\n\n\n\n<h2 class=\"wp-block-heading is-style-typestyle-sidebar\"><strong>Suscripci\u00f3n y baja de boletines digitales<\/strong><\/h2>\n\n\n\n<p>Hay varios lugares en nuestro sitio web<a href=\"http:\/\/www.mamacash.org\/\">(www.mamacash.org<\/a>) donde puedes suscribirte a los boletines digitales de Mama Cash. Para suscribirse, es obligatorio que deje su direcci\u00f3n de correo electr\u00f3nico. \u00bfDesea recibir menos correos electr\u00f3nicos o no recibir ninguno? Cada mensaje contiene un enlace para darse de baja que le permite darse de baja de la suscripci\u00f3n por correo electr\u00f3nico en cualquier momento.<\/p>\n\n\n\n<h2 class=\"wp-block-heading is-style-typestyle-sidebar\"><strong>Contacto con los donantes<\/strong><\/h2>\n\n\n\n<p>Si te registras como donante de Mama Cash, registramos los datos personales que nos facilitas en nuestro sistema de registro de donantes. Los nuevos donantes reciben un mensaje de bienvenida de Mama Cash por correo postal o electr\u00f3nico confirmando la donaci\u00f3n. Mama Cash informa a sus donantes sobre sus campa\u00f1as a trav\u00e9s de nuestro bolet\u00edn, por correo electr\u00f3nico, correo postal y\/o tel\u00e9fono. Mama Cash es una fundaci\u00f3n cuyos ingresos dependen totalmente de las donaciones de donantes institucionales y particulares.  <\/p>\n\n\n\n<p>Nuestro sistema de registros tambi\u00e9n contiene datos personales de nuestros contactos. Un contacto es una persona conocida por Mama Cash (por ejemplo, porque ha participado en una campa\u00f1a, se ha suscrito a un bolet\u00edn o ha solicitado informaci\u00f3n), pero que no es donante.<\/p>\n\n\n\n<h2 class=\"wp-block-heading is-style-typestyle-sidebar\"><strong>Modificar, visualizar o borrar datos<\/strong><\/h2>\n\n\n\n<p>Si tiene alguna pregunta sobre el tratamiento de sus datos personales, si desea saber qu\u00e9 datos personales procesa Mama Cash o si desea modificar o eliminar sus datos, p\u00f3ngase en contacto con nosotros aqu\u00ed. Mama Cash est\u00e1 obligada a solicitarle una prueba de identidad antes de permitirle el acceso a la informaci\u00f3n personal que tenemos en nuestros registros, tambi\u00e9n cuando desee borrar sus datos. Algunos datos no pueden ser borrados inmediatamente por Mama Cash. Por ejemplo, en el caso de una relaci\u00f3n financiera (donaci\u00f3n) y debido a la obligaci\u00f3n de retenci\u00f3n fiscal de siete a\u00f1os.<\/p>\n\n\n\n<h2 class=\"wp-block-heading is-style-typestyle-sidebar\"><strong>\u00bfCu\u00e1nto tiempo conservamos sus datos?<\/strong><\/h2>\n\n\n\n<p>Sus datos personales no se conservar\u00e1n m\u00e1s tiempo del necesario. Algunos datos se almacenan porque es necesario debido a una obligaci\u00f3n financiera y\/o fiscal. Nuestro objetivo es destruir los datos personales en cuanto dejen de ser necesarios para alcanzar nuestros objetivos.<\/p>\n\n\n\n<h2 class=\"wp-block-heading is-style-typestyle-sidebar\"><strong>Seguridad<\/strong><\/h2>\n\n\n\n<p>Mama Cash ha establecido medidas t\u00e9cnicas y organizativas para proteger los datos personales contra la p\u00e9rdida o cualquier forma de tratamiento il\u00edcito.<\/p>\n\n\n\n<p>Por lo tanto, todo nuestro sitio web, incluida nuestra p\u00e1gina de donaciones, tambi\u00e9n protege los datos utilizando Secure Sockets Layer (SSL). Se trata de un protocolo que garantiza la comunicaci\u00f3n segura a trav\u00e9s de Internet y que est\u00e1 dise\u00f1ado para evitar escuchas, interferencias o falsificaci\u00f3n de mensajes. Si se encuentra en una p\u00e1gina segura, como nuestro formulario de donaci\u00f3n, su navegador debe notificarle que est\u00e1 en un sitio seguro.<\/p>\n\n\n\n<p>Mama Cash utiliza SSL para proteger la informaci\u00f3n confidencial en l\u00ednea y tambi\u00e9n protege la informaci\u00f3n del usuario fuera de l\u00ednea. Hay acceso restringido a todos sus datos, no s\u00f3lo a la informaci\u00f3n sensible, como los datos de pago. S\u00f3lo los empleados que necesitan la informaci\u00f3n para realizar una determinada tarea tienen acceso a esta informaci\u00f3n personal.<\/p>\n\n\n\n<h2 class=\"wp-block-heading is-style-typestyle-sidebar\"><strong>Cookies<\/strong><\/h2>\n\n\n\n<p>Mama Cash utiliza cookies para mejorar la usabilidad de nuestro sitio web.<\/p>\n\n\n\n<p>Las cookies pueden desactivarse o eliminarse en cualquier momento. Puede configurar su navegador para que le avise en cuanto reciba una cookie y tambi\u00e9n puede desactivar las cookies a trav\u00e9s de la configuraci\u00f3n de su navegador.<\/p>\n\n\n\n<h2 class=\"wp-block-heading is-style-typestyle-sidebar\"><strong>\u00bfQu\u00e9 cookies utiliza Mama Cash?<\/strong><\/h2>\n\n\n\n<p>Mama Cash utiliza Google Analytics para recopilar informaci\u00f3n an\u00f3nima sobre, por ejemplo, la fecha y hora de su visita a nuestro sitio web y las p\u00e1ginas que ha visitado. Mama Cash utiliza estos datos para mejorar el sitio web, elaborar estad\u00edsticas de tr\u00e1fico y estimar la popularidad de las distintas partes del sitio.<\/p>\n\n\n\n<p><br>Puede instalar<a href=\"https:\/\/tools.google.com\/dlpage\/gaoptout\">\u00abGoogle Analytics Opt-out Browser Add-on<\/a>\u00bb para evitar que nuestro sitio web comparta informaci\u00f3n sobre sus visitas con Google Analytics.<\/p>\n\n\n\n<p><br>Tambi\u00e9n utilizamos contenidos incrustados, como v\u00eddeos de YouTube. Mama Cash no es responsable ni tiene control sobre las cookies que colocan plataformas como YouTube cuando usted hace clic en este contenido.<\/p>\n\n\n\n<p><br>Como donante, destinatario de nuestro bolet\u00edn o ezine, o como solicitante\/receptor de una subvenci\u00f3n, usted acepta esta declaraci\u00f3n de privacidad y otorga a Mama Cash su consentimiento para recabar, almacenar y procesar su informaci\u00f3n en las formas descritas anteriormente y para los fines con los que usted est\u00e1 de acuerdo.<\/p>\n\n\n\n<p><br>Esta declaraci\u00f3n de privacidad se revisa peri\u00f3dicamente. Le aconsejamos que consulte esta informaci\u00f3n con regularidad. Si tiene alguna pregunta sobre esta declaraci\u00f3n de privacidad o si desea m\u00e1s informaci\u00f3n sobre toda nuestra pol\u00edtica de privacidad, p\u00f3ngase en contacto con nosotros.<\/p>\n\n\n\n<p>Este sitio web utiliza cookies. Utilizamos cookies para personalizar contenidos y anuncios, ofrecer funciones de redes sociales y analizar nuestro tr\u00e1fico. Tambi\u00e9n compartimos informaci\u00f3n sobre el uso que usted hace de nuestro sitio con nuestros socios de redes sociales, publicidad y an\u00e1lisis, que pueden combinarla con otra informaci\u00f3n que usted les haya proporcionado o que hayan recopilado a partir del uso que usted hace de sus servicios. Usted acepta nuestras cookies si contin\u00faa utilizando nuestro sitio web.<\/p>\n\n\n\n<p>Las cookies son peque\u00f1os archivos de texto que los sitios web pueden utilizar para hacer m\u00e1s eficaz la experiencia del usuario.<br><br>La ley establece que podemos almacenar cookies en su dispositivo si son estrictamente necesarias para el funcionamiento de este sitio. Para todos los dem\u00e1s tipos de cookies necesitamos su permiso.<br><br>Este sitio utiliza diferentes tipos de cookies. Algunas cookies son colocadas por servicios de terceros que aparecen en nuestras p\u00e1ginas.<br><br>En cualquier momento puede modificar o retirar su consentimiento en la Declaraci\u00f3n de Cookies de nuestro sitio web.<br><\/p>\n","protected":false},"excerpt":{"rendered":"<p>Mama Cash utiliza sus datos para poder ofrecerle un buen servicio como donante, simpatizante o solicitante de una subvenci\u00f3n e&hellip;<\/p>\n","protected":false},"author":20,"featured_media":0,"parent":0,"menu_order":0,"comment_status":"closed","ping_status":"closed","template":"","meta":{"_acf_changed":false,"footnotes":""},"class_list":["post-10692","page","type-page","status-publish","hentry"],"acf":[],"_links":{"self":[{"href":"https:\/\/www.mamacash.org\/es\/wp-json\/wp\/v2\/pages\/10692","targetHints":{"allow":["GET"]}}],"collection":[{"href":"https:\/\/www.mamacash.org\/es\/wp-json\/wp\/v2\/pages"}],"about":[{"href":"https:\/\/www.mamacash.org\/es\/wp-json\/wp\/v2\/types\/page"}],"author":[{"embeddable":true,"href":"https:\/\/www.mamacash.org\/es\/wp-json\/wp\/v2\/users\/20"}],"replies":[{"embeddable":true,"href":"https:\/\/www.mamacash.org\/es\/wp-json\/wp\/v2\/comments?post=10692"}],"version-history":[{"count":5,"href":"https:\/\/www.mamacash.org\/es\/wp-json\/wp\/v2\/pages\/10692\/revisions"}],"predecessor-version":[{"id":11420,"href":"https:\/\/www.mamacash.org\/es\/wp-json\/wp\/v2\/pages\/10692\/revisions\/11420"}],"wp:attachment":[{"href":"https:\/\/www.mamacash.org\/es\/wp-json\/wp\/v2\/media?parent=10692"}],"curies":[{"name":"wp","href":"https:\/\/api.w.org\/{rel}","templated":true}]}}