{"id":10649,"date":"2023-04-27T11:21:39","date_gmt":"2023-04-27T09:21:39","guid":{"rendered":"https:\/\/www.mamacash.org\/asociaciones-estrategicas\/"},"modified":"2024-05-11T10:10:38","modified_gmt":"2024-05-11T08:10:38","slug":"asociaciones-estrategicas","status":"publish","type":"page","link":"https:\/\/www.mamacash.org\/es\/quienes-somos\/asociaciones-estrategicas\/","title":{"rendered":"Asociaciones estrat\u00e9gicas"},"content":{"rendered":"\n<p><\/p>\n\n<div class=\"wp-block-columns is-layout-flex wp-container-core-columns-is-layout-9d6595d7 wp-block-columns-is-layout-flex\">\n<div class=\"wp-block-column is-layout-flow wp-block-column-is-layout-flow\">\n<h2 class=\"wp-block-heading\">Construir juntos un movimiento  <\/h2>\n<\/div>\n\n\n\n<div class=\"wp-block-column is-layout-flow wp-block-column-is-layout-flow\">\n<p>Los movimientos son fundamentales para lograr el cambio -y para que el cambio sea duradero- porque construyen, ejercen y amplifican el poder y la voz colectivos.  <\/p>\n<\/div>\n<\/div>\n\n<p>Mama Cash lleva mucho tiempo buscando, co-creando, facilitando y\/o liderando alianzas y asociaciones feministas. Estamos en movimiento junto con nuestros socios subvencionados, fondos de mujeres, donantes institucionales e individuales, organizaciones y redes feministas, organizaciones de derechos humanos, activistas y muchos m\u00e1s. Creemos que nuestra visi\u00f3n es m\u00e1s clara cuando la compartimos, y nuestra misi\u00f3n m\u00e1s impactante cuando la llevamos a cabo juntos. <em> <\/em><\/p>\n    \n    <div aria-hidden=\"true\" class=\"wp-block decorative-header alignwide pink-text\">\n        Socios estrat\u00e9gicos    <\/div>\n<div class=\"media-content wp-block media-content--left media-content--media-type--image alignfull has-background has-pink-tint-background-color\">\n    <div class=\"media-content__inner\">\n        <div class=\"media-content__content\">\n                                <h2 class=\"media-content__heading yellow-highlight\">\u00a1CUENTEN CONMIGO! Consorcio<\/h2>\n            \n            \n            \n                            <p><span class=\"TextRun Highlight SCXW17373018 BCX8\" lang=\"EN-GB\" data-contrast=\"auto\" xml:lang=\"EN-GB\"><span class=\"NormalTextRun CommentStart SCXW17373018 BCX8\">Mujeres ind\u00edgenas y rurales, trabajadoras del sexo, lesbianas y bisexuales, mujeres con discapacidad y mujeres que viven con el VIH.<\/span><\/span> <span class=\"TextRun Highlight SCXW17373018 BCX8\" lang=\"EN-GB\" data-contrast=\"auto\" xml:lang=\"EN-GB\"><span class=\"NormalTextRun SCXW17373018 BCX8\">; est\u00e1n entre las muchas mujeres, ni\u00f1as <\/span><span class=\"NormalTextRun SCXW17373018 BCX8\">y <\/span><span class=\"NormalTextRun SCXW17373018 BCX8\">trans e intersexuales que se enfrentan a m\u00faltiples niveles de discriminaci\u00f3n.<\/span> <span class=\"NormalTextRun SCXW17373018 BCX8\">Estas comunidades<\/span> <span class=\"NormalTextRun SCXW17373018 BCX8\">desempe\u00f1an un papel esencial para acabar con la injusticia y la desigualdad en todo el mundo. Cada uno de sus  <\/span><span class=\"NormalTextRun ContextualSpellingAndGrammarErrorV2Themed SCXW17373018 BCX8\">voces<\/span><span class=\"NormalTextRun SCXW17373018 BCX8\"> cuenta. <\/span> <\/span><span class=\"TextRun SCXW17373018 BCX8\" lang=\"EN-GB\" data-contrast=\"auto\"><br \/>\n  <span class=\"NormalTextRun SCXW17373018 BCX8\">El <\/span><br \/>\n<\/span><span class=\"TextRun Underlined SCXW17373018 BCX8\" lang=\"EN-GB\" data-contrast=\"none\"><br \/>\n  <span class=\"NormalTextRun SCXW17373018 BCX8\">\u00a1Cuenta Conmigo! <\/span><br \/>\n<\/span><span class=\"TextRun Highlight Underlined SCXW17373018 BCX8\" lang=\"EN-GB\" data-contrast=\"none\"><br \/>\n  <span class=\"NormalTextRun SCXW17373018 BCX8\">(\u00a1CMI!)<\/span><br \/>\n<\/span> <span class=\"TextRun Highlight SCXW17373018 BCX8\" lang=\"EN-GB\" data-contrast=\"auto\"><br \/>\n  <span class=\"NormalTextRun SCXW17373018 BCX8\">apoya movimientos liderados por <\/span><br \/>\n  <span class=\"NormalTextRun SCXW17373018 BCX8\">feministas<\/span><br \/>\n  <span class=\"NormalTextRun SCXW17373018 BCX8\"> que luchan por sus derechos.<\/span><br \/>\n<\/span><span class=\"EOP SCXW17373018 BCX8\"> <\/span><\/p>\n            \n                                                <div class=\"flex-list\">\n                            <a  href=\"https:\/\/www.mamacash.org\/what-we-do\/cmi-consortium\/\" class=\"g-button\">Find out more<\/a>\n                    <\/div>\n                                    <\/div>\n\n                    <div class=\"media-content__container\">\n                <div class=\"media-content__media img-fit\">\n                    <img decoding=\"async\" width=\"619\" height=\"461\" src=\"https:\/\/www.mamacash.org\/wp-content\/uploads\/2023\/10\/CMI-logo.jpg\" class=\"attachment-super size-super\" alt=\"\" sizes=\"(max-width: 768px) 100vw, 50vw\" role=\"presentation\" srcset=\"https:\/\/www.mamacash.org\/wp-content\/uploads\/2023\/10\/CMI-logo.jpg 619w, https:\/\/www.mamacash.org\/wp-content\/uploads\/2023\/10\/CMI-logo-300x223.jpg 300w\" \/>                <\/div>\n                \n                \n                \n            <\/div>\n            <\/div>\n<\/div>\n<div class=\"media-content wp-block media-content--left media-content--media-type--image alignfull has-background has-pink-tint-background-color\">\n    <div class=\"media-content__inner\">\n        <div class=\"media-content__content\">\n                                <h2 class=\"media-content__heading yellow-highlight\">Alianza Global para la Acci\u00f3n Verde y de G\u00e9nero (GAGGA)<\/h2>\n            \n            \n            \n                            <p><span class=\"TextRun SCXW37950994 BCX8\" lang=\"EN-GB\" data-contrast=\"auto\" xml:lang=\"EN-GB\"><span class=\"NormalTextRun SCXW37950994 BCX8\">La Alianza Global para la Acci\u00f3n Verde y de G\u00e9nero (GAGGA) re\u00fane el poder colectivo del g\u00e9nero, <\/span><span class=\"NormalTextRun SCXW37950994 BCX8\">clima<\/span><span class=\"NormalTextRun SCXW37950994 BCX8\"> y la justicia medioambiental en todo el mundo. <\/span><span class=\"NormalTextRun SCXW37950994 BCX8\">Prev\u00e9<\/span><span class=\"NormalTextRun SCXW37950994 BCX8\">ns<\/span><span class=\"NormalTextRun SCXW37950994 BCX8\"> un mundo en el que<\/span><\/span><span class=\"TrackChangeTextInsertion TrackedChange SCXW37950994 BCX8\"><span class=\"TextRun SCXW37950994 BCX8\" lang=\"EN-GB\" xml:lang=\"EN-GB\" data-contrast=\"auto\"><span class=\"NormalTextRun SCXW37950994 BCX8\">,<\/span><\/span><\/span> <span class=\"TrackChangeTextInsertion TrackedChange SCXW37950994 BCX8\"><span class=\"TextRun SCXW37950994 BCX8\" lang=\"EN-GB\" xml:lang=\"EN-GB\" data-contrast=\"auto\"><span class=\"NormalTextRun SCXW37950994 BCX8\">chicas<\/span><span class=\"NormalTextRun SCXW37950994 BCX8\">&#8216;,<\/span> <\/span><\/span><span class=\"TrackChangeTextInsertion TrackedChange SCXW37950994 BCX8\"><span class=\"TextRun SCXW37950994 BCX8\" lang=\"EN-GB\" xml:lang=\"EN-GB\" data-contrast=\"auto\"><span class=\"NormalTextRun SCXW37950994 BCX8\">y  <\/span><\/span><\/span><span class=\"TrackChangeTextInsertion TrackedChange SCXW37950994 BCX8\"><span class=\"TextRun SCXW37950994 BCX8\" lang=\"EN-GB\" xml:lang=\"EN-GB\" data-contrast=\"auto\"><span class=\"NormalTextRun SCXW37950994 BCX8\">trans<\/span><\/span><\/span><span class=\"TrackChangeTextInsertion TrackedChange SCXW37950994 BCX8\"><span class=\"TextRun SCXW37950994 BCX8\" lang=\"EN-GB\" xml:lang=\"EN-GB\" data-contrast=\"auto\"><span class=\"NormalTextRun SCXW37950994 BCX8\">intersexuales y  <\/span><\/span><\/span><span class=\"TrackChangeTextInsertion TrackedChange SCXW37950994 BCX8\"><span class=\"TextRun SCXW37950994 BCX8\" lang=\"EN-GB\" xml:lang=\"EN-GB\" data-contrast=\"auto\"><span class=\"NormalTextRun SCXW37950994 BCX8\">no binario<\/span><\/span><\/span> <span class=\"TrackChangeTextInsertion TrackedChange TrackChangeHoverSelectColorRed SCXW37950994 BCX8\"><span class=\"TextRun SCXW37950994 BCX8\" lang=\"EN-GB\" xml:lang=\"EN-GB\" data-contrast=\"auto\"><span class=\"NormalTextRun TrackChangeHoverSelectHighlightRed SCXW37950994 BCX8\">del pueblo  <\/span><\/span><\/span><span class=\"TextRun SCXW37950994 BCX8\" lang=\"EN-GB\" data-contrast=\"auto\" xml:lang=\"EN-GB\"><span class=\"NormalTextRun SCXW37950994 BCX8\">derechos al agua, a la seguridad alimentaria y a una <\/span><span class=\"NormalTextRun SCXW37950994 BCX8\">sano<\/span><span class=\"NormalTextRun SCXW37950994 BCX8\"> y seguro son reconocidos<\/span><span class=\"NormalTextRun SCXW37950994 BCX8\">s<\/span><span class=\"NormalTextRun SCXW37950994 BCX8\">y seguro.<\/span><\/span><span class=\"EOP SCXW37950994 BCX8\"> <\/span><\/p>\n            \n                                                <div class=\"flex-list\">\n                            <a  href=\"https:\/\/www.mamacash.org\/global-alliance-for-green-gender-action\/\" class=\"g-button\">Find out more<\/a>\n                    <\/div>\n                                    <\/div>\n\n                    <div class=\"media-content__container\">\n                <div class=\"media-content__media img-fit\">\n                    <img decoding=\"async\" width=\"619\" height=\"461\" src=\"https:\/\/www.mamacash.org\/wp-content\/uploads\/2023\/10\/GAGGA-logo.jpg\" class=\"attachment-super size-super\" alt=\"\" sizes=\"(max-width: 768px) 100vw, 50vw\" role=\"presentation\" srcset=\"https:\/\/www.mamacash.org\/wp-content\/uploads\/2023\/10\/GAGGA-logo.jpg 619w, https:\/\/www.mamacash.org\/wp-content\/uploads\/2023\/10\/GAGGA-logo-300x223.jpg 300w\" \/>                <\/div>\n                \n                \n                \n            <\/div>\n            <\/div>\n<\/div>\n    \n    <div aria-hidden=\"true\" class=\"wp-block decorative-header alignwide teal-text\">\n        Socio anfitri\u00f3n    <\/div>\n<div class=\"media-content wp-block media-content--left media-content--media-type--image alignfull has-background has-teal-tint-background-color\">\n    <div class=\"media-content__inner\">\n        <div class=\"media-content__content\">\n                                <h2 class=\"media-content__heading yellow-highlight\">Fondo Paraguas Rojo<\/h2>\n            \n            \n            \n                            <p><span class=\"TextRun SCXW112781280 BCX8\" lang=\"EN-GB\" data-contrast=\"auto\"><span class=\"NormalTextRun SCXW112781280 BCX8\">Mama Cash se enorgullece de acoger y apoyar el <\/span><span class=\"NormalTextRun SCXW112781280 BCX8\">Fondo Paraguas Rojo (RUF<\/span><span class=\"NormalTextRun SCXW112781280 BCX8\">)<\/span><span class=\"NormalTextRun SCXW112781280 BCX8\">,<\/span> <\/span><span class=\"TextRun SCXW112781280 BCX8\" lang=\"EN-GB\" data-contrast=\"auto\"><br \/>\n  <span class=\"NormalTextRun SCXW112781280 BCX8\">el primer fondo mundial dirigido por y para trabajadores del sexo.<\/span><br \/>\n<\/span><span class=\"TextRun SCXW112781280 BCX8\" lang=\"EN-GB\" data-contrast=\"auto\" xml:lang=\"EN-GB\"><span class=\"NormalTextRun SCXW112781280 BCX8\">. En<\/span><span class=\"NormalTextRun SCXW112781280 BCX8\">  pretende defender y respetar la salud, los derechos y la autodeterminaci\u00f3n de los profesionales del sexo de todos los sexos. Responde a las necesidades de los grupos de defensa de los derechos de las trabajadoras del sexo que luchan contra la violencia,  <\/span><span class=\"NormalTextRun SCXW112781280 BCX8\">estigma<\/span><span class=\"NormalTextRun SCXW112781280 BCX8\"> y criminalizaci\u00f3n. <\/span> <\/span><\/p>\n            \n                                                <div class=\"flex-list\">\n                            <a  href=\"https:\/\/www.mamacash.org\/red-umbrella-fund\/\" class=\"g-button\">Fondo Paraguas Rojo<\/a>\n                    <\/div>\n                                    <\/div>\n\n                    <div class=\"media-content__container\">\n                <div class=\"media-content__media img-fit\">\n                    <img decoding=\"async\" width=\"425\" height=\"366\" src=\"https:\/\/www.mamacash.org\/wp-content\/uploads\/2024\/01\/RUF_LOGO-color.svg\" class=\"attachment-super size-super\" alt=\"\" sizes=\"(max-width: 768px) 100vw, 50vw\" role=\"presentation\" \/>                <\/div>\n                \n                \n                \n            <\/div>\n            <\/div>\n<\/div>\n","protected":false},"excerpt":{"rendered":"<p>Construir juntos un movimiento Los movimientos son fundamentales para lograr el cambio -y para que el cambio sea duradero- porque&hellip;<\/p>\n","protected":false},"author":20,"featured_media":4857,"parent":7946,"menu_order":0,"comment_status":"closed","ping_status":"closed","template":"","meta":{"_acf_changed":false,"footnotes":""},"class_list":["post-10649","page","type-page","status-publish","has-post-thumbnail","hentry"],"acf":[],"_links":{"self":[{"href":"https:\/\/www.mamacash.org\/es\/wp-json\/wp\/v2\/pages\/10649","targetHints":{"allow":["GET"]}}],"collection":[{"href":"https:\/\/www.mamacash.org\/es\/wp-json\/wp\/v2\/pages"}],"about":[{"href":"https:\/\/www.mamacash.org\/es\/wp-json\/wp\/v2\/types\/page"}],"author":[{"embeddable":true,"href":"https:\/\/www.mamacash.org\/es\/wp-json\/wp\/v2\/users\/20"}],"replies":[{"embeddable":true,"href":"https:\/\/www.mamacash.org\/es\/wp-json\/wp\/v2\/comments?post=10649"}],"version-history":[{"count":3,"href":"https:\/\/www.mamacash.org\/es\/wp-json\/wp\/v2\/pages\/10649\/revisions"}],"predecessor-version":[{"id":13745,"href":"https:\/\/www.mamacash.org\/es\/wp-json\/wp\/v2\/pages\/10649\/revisions\/13745"}],"up":[{"embeddable":true,"href":"https:\/\/www.mamacash.org\/es\/wp-json\/wp\/v2\/pages\/7946"}],"wp:featuredmedia":[{"embeddable":true,"href":"https:\/\/www.mamacash.org\/es\/wp-json\/wp\/v2\/media\/4857"}],"wp:attachment":[{"href":"https:\/\/www.mamacash.org\/es\/wp-json\/wp\/v2\/media?parent=10649"}],"curies":[{"name":"wp","href":"https:\/\/api.w.org\/{rel}","templated":true}]}}