{"id":10509,"date":"2023-08-04T12:32:29","date_gmt":"2023-08-04T10:32:29","guid":{"rendered":"https:\/\/www.mamacash.org\/grandes-donaciones\/"},"modified":"2023-12-20T11:24:44","modified_gmt":"2023-12-20T10:24:44","slug":"grandes-donaciones","status":"publish","type":"page","link":"https:\/\/www.mamacash.org\/es\/formas-de-donar\/grandes-donaciones\/","title":{"rendered":"Grandes donaciones"},"content":{"rendered":"<section class=\"decorative-arrow wp-block alignfull has-background has-pink-background-color\">\n    <div class=\"decorative-arrow__container\">\n        <div class=\"decorative-arrow__inner show-mobile\">\n                                <h2 >\u00bfQuieres tener un impacto significativo en la vida de las mujeres, ni\u00f1as, personas trans e intersexuales de todo el mundo?<\/h2>\n                                <\/div>\n        <div class=\"decorative-arrow__wrapper arrow-foreground show-mobile\">\n            <span class=\"arrow-long\"><svg xmlns=\"http:\/\/www.w3.org\/2000\/svg\" fill=\"none\" viewBox=\"0 0 688 176\" role=\"img\" aria-hidden=\"true\" width=\"688\" height=\"176\"><clipPath id=\"a\"><path d=\"M0 0h687.5v176H0z\" transform=\"rotate(180 344 88)\"\/><\/clipPath><g clip-path=\"url(#a)\" stroke=\"#000\" stroke-width=\"15\"><path d=\"M730.5 93.5H45\"\/><path d=\"M109 176 43 92.5 109 0\" stroke-linecap=\"round\"\/><\/g><\/svg><\/span>\n            <span class=\"arrow-short\"><svg xmlns=\"http:\/\/www.w3.org\/2000\/svg\" viewBox=\"0 0 88 120\" fill=\"none\" role=\"img\" aria-hidden=\"true\" width=\"88\" height=\"120\"><g clip-path=\"url(#a)\" stroke=\"#000\" stroke-width=\"7.5\"><path d=\"M46.75-224v334.75\"\/><path d=\"m88 78.75-41.75 33L0 78.75\" stroke-linecap=\"round\"\/><\/g><defs><clipPath id=\"a\"><path fill=\"#fff\" transform=\"rotate(90 44 44)\" d=\"M0 0h120v88H0z\"\/><\/clipPath><\/defs><\/svg><\/span>\n        <\/div>\n    <\/div>\n<\/section>\n\n<div class=\"wp-block-columns is-layout-flex wp-container-core-columns-is-layout-9d6595d7 wp-block-columns-is-layout-flex\">\n<div class=\"wp-block-column is-layout-flow wp-block-column-is-layout-flow\">\n<h2 class=\"wp-block-heading is-style-typestyle-h5\">Como particular, empresa o fundaci\u00f3n, su donaci\u00f3n a Mama Cash puede apoyar nuestra misi\u00f3n de dotar de recursos a los movimientos feministas de todo el mundo.<\/h2>\n<\/div>\n\n\n\n<div class=\"wp-block-column is-layout-flow wp-block-column-is-layout-flow\">\n<p>Nuestro equipo de personal de programas est\u00e1 dispuesto a entablar una conversaci\u00f3n personal con usted para ayudarle a identificar la forma en que su donaci\u00f3n tendr\u00e1 el impacto m\u00e1s significativo. Al apoyar a Mama Cash, est\u00e1s contribuyendo a la promoci\u00f3n de ideales feministas en torno al cambio social sostenible.  <\/p>\n\n\n\n<p>Le proporcionaremos un informe completo sobre el impacto de su donaci\u00f3n al a\u00f1o siguiente. Juntos podemos crear un mundo en el que todas las personas sean tratadas con dignidad y respeto.<\/p>\n<\/div>\n<\/div>\n<section class=\"cta-banner wp-block aligncenter has-background has-pink-background-color\">\n    <div class=\"cta-banner__inner\">\n                    <h3 class=\"cta-banner__heading\">\n                <span>\n                    \u00bfTiene preguntas sobre su donaci\u00f3n?                <\/span>\n            <\/h3>\n        \n        <div class=\"cta-banner__wrapper\">\n                            <div class=\"cta-banner__description\">\n                    Si tiene alguna pregunta o desea concertar una cita para hablar de una donaci\u00f3n importante, p\u00f3ngase en contacto con nosotros.                <\/div>\n            \n                                <a  href=\"https:\/\/www.mamacash.org\/contact-mama-cash\/\" class=\"g-button cta-banner__link\">P\u00f3ngase en contacto<\/a>\n                    <\/div>\n    <\/div>\n<\/section>\n","protected":false},"excerpt":{"rendered":"<p>Como particular, empresa o fundaci\u00f3n, su donaci\u00f3n a Mama Cash puede apoyar nuestra misi\u00f3n de dotar de recursos a los&hellip;<\/p>\n","protected":false},"author":20,"featured_media":11146,"parent":10580,"menu_order":0,"comment_status":"closed","ping_status":"closed","template":"","meta":{"_acf_changed":false,"footnotes":""},"class_list":["post-10509","page","type-page","status-publish","has-post-thumbnail","hentry"],"acf":[],"_links":{"self":[{"href":"https:\/\/www.mamacash.org\/es\/wp-json\/wp\/v2\/pages\/10509","targetHints":{"allow":["GET"]}}],"collection":[{"href":"https:\/\/www.mamacash.org\/es\/wp-json\/wp\/v2\/pages"}],"about":[{"href":"https:\/\/www.mamacash.org\/es\/wp-json\/wp\/v2\/types\/page"}],"author":[{"embeddable":true,"href":"https:\/\/www.mamacash.org\/es\/wp-json\/wp\/v2\/users\/20"}],"replies":[{"embeddable":true,"href":"https:\/\/www.mamacash.org\/es\/wp-json\/wp\/v2\/comments?post=10509"}],"version-history":[{"count":2,"href":"https:\/\/www.mamacash.org\/es\/wp-json\/wp\/v2\/pages\/10509\/revisions"}],"predecessor-version":[{"id":10512,"href":"https:\/\/www.mamacash.org\/es\/wp-json\/wp\/v2\/pages\/10509\/revisions\/10512"}],"up":[{"embeddable":true,"href":"https:\/\/www.mamacash.org\/es\/wp-json\/wp\/v2\/pages\/10580"}],"wp:featuredmedia":[{"embeddable":true,"href":"https:\/\/www.mamacash.org\/es\/wp-json\/wp\/v2\/media\/11146"}],"wp:attachment":[{"href":"https:\/\/www.mamacash.org\/es\/wp-json\/wp\/v2\/media?parent=10509"}],"curies":[{"name":"wp","href":"https:\/\/api.w.org\/{rel}","templated":true}]}}