{"id":10499,"date":"2023-08-04T12:22:37","date_gmt":"2023-08-04T10:22:37","guid":{"rendered":"https:\/\/www.mamacash.org\/donar-como-organizacion\/"},"modified":"2024-05-11T10:09:37","modified_gmt":"2024-05-11T08:09:37","slug":"donar-como-organizacion","status":"publish","type":"page","link":"https:\/\/www.mamacash.org\/es\/formas-de-donar\/donar-como-organizacion\/","title":{"rendered":"Donar como organizaci\u00f3n"},"content":{"rendered":"<section class=\"decorative-arrow wp-block alignfull has-background has-yellow-tint-background-color\">\n    <div class=\"decorative-arrow__container\">\n        <div class=\"decorative-arrow__inner show-mobile\">\n                                <h2 >Mama Cash cree firmemente en el poder de lo colectivo, y por eso valoramos mucho nuestras asociaciones.<\/h2>\n                                <\/div>\n        <div class=\"decorative-arrow__wrapper arrow-foreground show-mobile\">\n            <span class=\"arrow-long\"><svg xmlns=\"http:\/\/www.w3.org\/2000\/svg\" fill=\"none\" viewBox=\"0 0 688 176\" role=\"img\" aria-hidden=\"true\" width=\"688\" height=\"176\"><clipPath id=\"a\"><path d=\"M0 0h687.5v176H0z\" transform=\"rotate(180 344 88)\"\/><\/clipPath><g clip-path=\"url(#a)\" stroke=\"#000\" stroke-width=\"15\"><path d=\"M730.5 93.5H45\"\/><path d=\"M109 176 43 92.5 109 0\" stroke-linecap=\"round\"\/><\/g><\/svg><\/span>\n            <span class=\"arrow-short\"><svg xmlns=\"http:\/\/www.w3.org\/2000\/svg\" viewBox=\"0 0 88 120\" fill=\"none\" role=\"img\" aria-hidden=\"true\" width=\"88\" height=\"120\"><g clip-path=\"url(#a)\" stroke=\"#000\" stroke-width=\"7.5\"><path d=\"M46.75-224v334.75\"\/><path d=\"m88 78.75-41.75 33L0 78.75\" stroke-linecap=\"round\"\/><\/g><defs><clipPath id=\"a\"><path fill=\"#fff\" transform=\"rotate(90 44 44)\" d=\"M0 0h120v88H0z\"\/><\/clipPath><\/defs><\/svg><\/span>\n        <\/div>\n    <\/div>\n<\/section>\n\n<h2 class=\"wp-block-heading is-style-typestyle-sidebar\">\u00bfSe inspira su organizaci\u00f3n en la labor de Mama Cash?<\/h2>\n\n<p>Por favor, ap\u00f3yenos en nuestra misi\u00f3n. Tu organizaci\u00f3n puede apoyar a Mama Cash de muchas maneras: haciendo una contribuci\u00f3n econ\u00f3mica o una donaci\u00f3n de servicios -como un proyecto de marketing- o enviando un mensaje a tu red de contactos para solicitar donativos para Mama Cash.<\/p>\n<section class=\"cta-banner wp-block aligncenter has-background has-pink-background-color\">\n    <div class=\"cta-banner__inner\">\n                    <h3 class=\"cta-banner__heading\">\n                <span>\n                    \u00bfLe gustar\u00eda hablar de estas y otras posibilidades?                <\/span>\n            <\/h3>\n        \n        <div class=\"cta-banner__wrapper\">\n                            <div class=\"cta-banner__description\">\n                    P\u00f3ngase en contacto con nuestro equipo de Asociaciones Filantr\u00f3picas                  <\/div>\n            \n                                <a  href=\"https:\/\/www.mamacash.org\/contact-mama-cash\/\" class=\"g-button cta-banner__link\">P\u00f3ngase en contacto con nosotros<\/a>\n                    <\/div>\n    <\/div>\n<\/section>\n","protected":false},"excerpt":{"rendered":"<p>\u00bfSe inspira su organizaci\u00f3n en la labor de Mama Cash? Por favor, ap\u00f3yenos en nuestra misi\u00f3n. Tu organizaci\u00f3n puede apoyar&hellip;<\/p>\n","protected":false},"author":20,"featured_media":8379,"parent":10580,"menu_order":0,"comment_status":"closed","ping_status":"closed","template":"","meta":{"_acf_changed":false,"footnotes":""},"class_list":["post-10499","page","type-page","status-publish","has-post-thumbnail","hentry"],"acf":[],"_links":{"self":[{"href":"https:\/\/www.mamacash.org\/es\/wp-json\/wp\/v2\/pages\/10499","targetHints":{"allow":["GET"]}}],"collection":[{"href":"https:\/\/www.mamacash.org\/es\/wp-json\/wp\/v2\/pages"}],"about":[{"href":"https:\/\/www.mamacash.org\/es\/wp-json\/wp\/v2\/types\/page"}],"author":[{"embeddable":true,"href":"https:\/\/www.mamacash.org\/es\/wp-json\/wp\/v2\/users\/20"}],"replies":[{"embeddable":true,"href":"https:\/\/www.mamacash.org\/es\/wp-json\/wp\/v2\/comments?post=10499"}],"version-history":[{"count":2,"href":"https:\/\/www.mamacash.org\/es\/wp-json\/wp\/v2\/pages\/10499\/revisions"}],"predecessor-version":[{"id":10503,"href":"https:\/\/www.mamacash.org\/es\/wp-json\/wp\/v2\/pages\/10499\/revisions\/10503"}],"up":[{"embeddable":true,"href":"https:\/\/www.mamacash.org\/es\/wp-json\/wp\/v2\/pages\/10580"}],"wp:featuredmedia":[{"embeddable":true,"href":"https:\/\/www.mamacash.org\/es\/wp-json\/wp\/v2\/media\/8379"}],"wp:attachment":[{"href":"https:\/\/www.mamacash.org\/es\/wp-json\/wp\/v2\/media?parent=10499"}],"curies":[{"name":"wp","href":"https:\/\/api.w.org\/{rel}","templated":true}]}}