{"id":10483,"date":"2023-07-31T22:41:20","date_gmt":"2023-07-31T20:41:20","guid":{"rendered":"https:\/\/www.mamacash.org\/fondo-paraguas-rojo\/"},"modified":"2023-12-20T11:24:43","modified_gmt":"2023-12-20T10:24:43","slug":"fondo-paraguas-rojo","status":"publish","type":"page","link":"https:\/\/www.mamacash.org\/es\/fondo-paraguas-rojo\/","title":{"rendered":"Fondo Paraguas Rojo"},"content":{"rendered":"\n<div class=\"wp-block-cover\"><span aria-hidden=\"true\" class=\"wp-block-cover__background has-pink-background-color has-background-dim-100 has-background-dim\"><\/span><div class=\"wp-block-cover__inner-container is-layout-flow wp-block-cover-is-layout-flow\">\n<h2 class=\"wp-block-heading\">\u00ab<em>Nada para nosotros sin nosotros<\/em>\u00ab<\/h2>\n<\/div><\/div>\n\n<p>El Fondo Paraguas Rojo <a href=\"http:\/\/www.redumbrellafund.org\/wp-content\/uploads\/2017\/06\/Red-Umbrella-Fund-The-creation-of-a-Collaborative-Fund.pdf\">surgi\u00f3<\/a> de una colaboraci\u00f3n \u00fanica e innovadora entre activistas de los trabajadores del sexo y financiadores de la justicia social. Durante una reuni\u00f3n hist\u00f3rica con donantes en 2009, los activistas de los profesionales del sexo insistieron en que deb\u00edan poder establecer sus propias prioridades de financiaci\u00f3n. En 2012, esta demanda se hab\u00eda convertido en una idea y la idea se hab\u00eda materializado en el Fondo Paraguas Rojo (FRU), el primer fondo mundial dirigido por y para trabajadores del sexo.  <\/p>\n\n<p>Tras un riguroso proceso de selecci\u00f3n, Mama Cash fue elegida en 2011 por el Comit\u00e9 Directivo del FRU para acoger el nuevo fondo como su patrocinador fiscal. Mama Cash se enorgullece de llevar 12 a\u00f1os, y contando, cumpliendo con los altos est\u00e1ndares y la confianza de RUF.  <\/p>\n\n<h2 class=\"wp-block-heading is-style-typestyle-h3\">Un movimiento mundial por los derechos de los trabajadores del sexo fuerte y sostenible<\/h2>\n\n<div class=\"wp-block-cover is-light\"><span aria-hidden=\"true\" class=\"wp-block-cover__background has-pink-tint-background-color has-background-dim-100 has-background-dim\"><\/span><div class=\"wp-block-cover__inner-container is-layout-flow wp-block-cover-is-layout-flow\">\n<h2 class=\"wp-block-heading is-style-typestyle-h4\"><em>\u00abNuestros valores fundamentales son la autonom\u00eda y la apropiaci\u00f3n. Por eso el Fondo Paraguas Rojo es un fondo participativo dirigido por trabajadoras sexuales\u00bb.<\/em><\/h2>\n<\/div><\/div>\n\n<p>El Fondo Paraguas Rojo trabaja para reforzar y garantizar la sostenibilidad del movimiento mundial por los derechos de los profesionales del sexo. Lo hace mediante tres estrategias que se refuerzan mutuamente.  <\/p>\n\n<h2 class=\"wp-block-heading is-style-typestyle-h4\">Subvenciones y acompa\u00f1amiento<\/h2>\n\n<p>El FRU financia a grupos y redes (transfronterizas) dirigidos por profesionales del sexo que trabajan para promover los derechos humanos de estos trabajadores en todas las regiones del mundo. Apoyan a profesionales del sexo de todos los sexos y dan prioridad a los m\u00e1s marginados o que sufren m\u00faltiples formas de discriminaci\u00f3n. Todas las subvenciones del FRU son flexibles y sin restricciones. Se conf\u00eda en que los socios beneficiarios fijen sus propias prioridades y determinen sus propias estrategias en funci\u00f3n de sus necesidades y visi\u00f3n.  <\/p>\n\n<p>El FRU acompa\u00f1a a sus socios beneficiarios con una asistencia t\u00e9cnica flexible y personal en forma de orientaci\u00f3n, tutor\u00eda y presentaciones. Cuando es pertinente y se desea, el FRU contribuye a la visibilidad de sus socios beneficiarios.  <\/p>\n\n<h2 class=\"wp-block-heading is-style-typestyle-h4\">Defensa del financiador<\/h2>\n\n<p>El RUF aboga por una mayor y mejor financiaci\u00f3n de las organizaciones y redes de profesionales del sexo por parte de financiadores p\u00fablicos y privados. Quieren que haya m\u00e1s recursos a disposici\u00f3n de los grupos comunitarios y que esos recursos se ajusten mejor a las necesidades y prioridades de los movimientos. Esto significa financiaci\u00f3n accesible, sin restricciones, flexible, plurianual y basada en los derechos humanos.  <\/p>\n\n<div class=\"wp-block-cover is-light\"><span aria-hidden=\"true\" class=\"wp-block-cover__background has-yellow-background-color has-background-dim-100 has-background-dim\"><\/span><div class=\"wp-block-cover__inner-container is-layout-flow wp-block-cover-is-layout-flow\">\n<h2 class=\"wp-block-heading is-style-typestyle-h4\"><em>\u00abHay poder en la participaci\u00f3n de las trabajadoras del sexo en los espacios de los financiadores como pares y donantes\u00bb<\/em><\/h2>\n<\/div><\/div>\n\n<h2 class=\"wp-block-heading is-style-typestyle-h4\">Liderazgo de las trabajadoras del sexo en la concesi\u00f3n de subvenciones<\/h2>\n\n<p>Un movimiento fuerte por los derechos de los profesionales del sexo no s\u00f3lo necesita una mejor financiaci\u00f3n, sino tambi\u00e9n poder y autonom\u00eda a la hora de tomar decisiones sobre c\u00f3mo utilizar esta financiaci\u00f3n para impulsar el cambio. El modelo participativo y activista de RUF, que fue dise\u00f1ado por profesionales del sexo y que cuenta con una mayor\u00eda de profesionales del sexo en nuestros \u00f3rganos de toma de decisiones estrat\u00e9gicas y de selecci\u00f3n de subvenciones, es fundamental para hacer realidad esta visi\u00f3n.  <\/p>\n\n<div class=\"wp-block-cover is-light\"><span aria-hidden=\"true\" class=\"wp-block-cover__background has-yellow-tint-background-color has-background-dim-100 has-background-dim\"><\/span><div class=\"wp-block-cover__inner-container is-layout-flow wp-block-cover-is-layout-flow\">\n<h2 class=\"wp-block-heading is-style-typestyle-h4\"><em>\u00abS\u00f3lo cuando los profesionales del sexo tengan un verdadero sitio en la mesa de las decisiones de financiaci\u00f3n podr\u00e1 lograrse un cambio real\u00bb.<\/em><\/h2>\n<\/div><\/div>\n<section class=\"cta-banner wp-block aligncenter has-background has-pink-background-color\">\n    <div class=\"cta-banner__inner\">\n                    <h3 class=\"cta-banner__heading\">\n                <span>\n                    DONAR                <\/span>\n            <\/h3>\n        \n        <div class=\"cta-banner__wrapper\">\n                            <div class=\"cta-banner__description\">\n                    Tu apoyo hace posible que el Fondo Paraguas Rojo proporcione financiaci\u00f3n b\u00e1sica flexible a organizaciones y redes de trabajadores del sexo de todo el mundo.                <\/div>\n            \n                                <a  href=\"https:\/\/mamacash.donorsupport.co\/-\/XHJTCXNJ\" class=\"g-button cta-banner__link\">Donar ahora<\/a>\n                    <\/div>\n    <\/div>\n<\/section>\n","protected":false},"excerpt":{"rendered":"<p>El Fondo Paraguas Rojo surgi\u00f3 de una colaboraci\u00f3n \u00fanica e innovadora entre activistas de los trabajadores del sexo y financiadores&hellip;<\/p>\n","protected":false},"author":20,"featured_media":8186,"parent":0,"menu_order":0,"comment_status":"closed","ping_status":"closed","template":"","meta":{"_acf_changed":false,"footnotes":""},"class_list":["post-10483","page","type-page","status-publish","has-post-thumbnail","hentry"],"acf":[],"_links":{"self":[{"href":"https:\/\/www.mamacash.org\/es\/wp-json\/wp\/v2\/pages\/10483","targetHints":{"allow":["GET"]}}],"collection":[{"href":"https:\/\/www.mamacash.org\/es\/wp-json\/wp\/v2\/pages"}],"about":[{"href":"https:\/\/www.mamacash.org\/es\/wp-json\/wp\/v2\/types\/page"}],"author":[{"embeddable":true,"href":"https:\/\/www.mamacash.org\/es\/wp-json\/wp\/v2\/users\/20"}],"replies":[{"embeddable":true,"href":"https:\/\/www.mamacash.org\/es\/wp-json\/wp\/v2\/comments?post=10483"}],"version-history":[{"count":2,"href":"https:\/\/www.mamacash.org\/es\/wp-json\/wp\/v2\/pages\/10483\/revisions"}],"predecessor-version":[{"id":10489,"href":"https:\/\/www.mamacash.org\/es\/wp-json\/wp\/v2\/pages\/10483\/revisions\/10489"}],"wp:featuredmedia":[{"embeddable":true,"href":"https:\/\/www.mamacash.org\/es\/wp-json\/wp\/v2\/media\/8186"}],"wp:attachment":[{"href":"https:\/\/www.mamacash.org\/es\/wp-json\/wp\/v2\/media?parent=10483"}],"curies":[{"name":"wp","href":"https:\/\/api.w.org\/{rel}","templated":true}]}}