{"id":10201,"date":"2023-11-05T17:40:42","date_gmt":"2023-11-05T16:40:42","guid":{"rendered":"https:\/\/www.mamacash.org\/como-dejar-un-legado-a-mama-cash\/"},"modified":"2023-12-20T11:24:43","modified_gmt":"2023-12-20T10:24:43","slug":"como-dejar-un-legado-a-mama-cash","status":"publish","type":"page","link":"https:\/\/www.mamacash.org\/es\/como-dejar-un-legado-a-mama-cash\/","title":{"rendered":"C\u00f3mo dejar un legado a Mama Cash"},"content":{"rendered":"<section class=\"decorative-arrow wp-block alignfull\">\n    <div class=\"decorative-arrow__container\">\n        <div class=\"decorative-arrow__inner hide-mobile\">\n                                <h2 >\u00bfQuieres incluir a Mama Cash en tu testamento?<\/h2>\n                                        <p>El siguiente plan paso a paso le muestra c\u00f3mo<\/p>\n                    <\/div>\n        <div class=\"decorative-arrow__wrapper arrow-grey hide-mobile\">\n            <span class=\"arrow-long\"><svg xmlns=\"http:\/\/www.w3.org\/2000\/svg\" fill=\"none\" viewBox=\"0 0 688 176\" role=\"img\" aria-hidden=\"true\" width=\"688\" height=\"176\"><clipPath id=\"a\"><path d=\"M0 0h687.5v176H0z\" transform=\"rotate(180 344 88)\"\/><\/clipPath><g clip-path=\"url(#a)\" stroke=\"#000\" stroke-width=\"15\"><path d=\"M730.5 93.5H45\"\/><path d=\"M109 176 43 92.5 109 0\" stroke-linecap=\"round\"\/><\/g><\/svg><\/span>\n            <span class=\"arrow-short\"><svg xmlns=\"http:\/\/www.w3.org\/2000\/svg\" viewBox=\"0 0 88 120\" fill=\"none\" role=\"img\" aria-hidden=\"true\" width=\"88\" height=\"120\"><g clip-path=\"url(#a)\" stroke=\"#000\" stroke-width=\"7.5\"><path d=\"M46.75-224v334.75\"\/><path d=\"m88 78.75-41.75 33L0 78.75\" stroke-linecap=\"round\"\/><\/g><defs><clipPath id=\"a\"><path fill=\"#fff\" transform=\"rotate(90 44 44)\" d=\"M0 0h120v88H0z\"\/><\/clipPath><\/defs><\/svg><\/span>\n        <\/div>\n    <\/div>\n<\/section>\n<section class=\"accordion wp-block\">\n    <div class=\"accordion__inner\">\n        <div class=\"accordion__header\">\n                    <\/div>\n\n                    <div class=\"accordion__items\">\n                                    <div class=\"accordion__item reveal\">\n                        <button aria-expanded=\"false\" class=\"accordion__item__header js-reveal-item\">\n                            <h4 class=\"accordion__item__heading\">\n                                1. Enumera tus deseos                            <\/h4>\n                            <span class=\"accordion__item__button g-button g-button--icon g-button--square\"><span>\n                        <\/button>\n                        <div class=\"accordion__item__panel reveal__content\">\n                            <div class=\"accordion__item__panel-inner\">\n                                <p>\u00bfA qui\u00e9n le gustar\u00eda dejar un legado? Puede nombrar a uno o varios beneficiarios en su testamento. Adem\u00e1s de tus seres queridos, tambi\u00e9n puede ser una organizaci\u00f3n ben\u00e9fica como Mama Cash. Puede decidir qui\u00e9n recibir\u00e1 qu\u00e9 parte o porcentaje de su patrimonio.<\/p>\n                            <\/div>\n                        <\/div>\n                    <\/div>\n                                    <div class=\"accordion__item reveal\">\n                        <button aria-expanded=\"false\" class=\"accordion__item__header js-reveal-item\">\n                            <h4 class=\"accordion__item__heading\">\n                                2. Elige si quieres legar una cantidad fija o un porcentaje a Mama Cash                              <\/h4>\n                            <span class=\"accordion__item__button g-button g-button--icon g-button--square\"><span>\n                        <\/button>\n                        <div class=\"accordion__item__panel reveal__content\">\n                            <div class=\"accordion__item__panel-inner\">\n                                <p>Puedes decidir dejar a Mama Cash una determinada cantidad de dinero o activos espec\u00edficos, como carteras de acciones o bienes inmuebles. Este tipo de legado se denomina <em>legado pecuniario<\/em>. Esta es una buena opci\u00f3n cuando desea ser muy espec\u00edfico sobre la cantidad de dinero o el n\u00famero de posesiones que desea dejar a Mama Cash.<span class=\"Apple-converted-space\"> <\/span><\/p>\n<p>Tambi\u00e9n puede optar por dejar a Mama Cash un porcentaje o la totalidad de su patrimonio. Para ello, convierte a Mama Cash en <em>heredera o coheredera <\/em>y le deja el llamado <em>legado residual<\/em>. Mama Cash tiene entonces derecho a una parte de su patrimonio, seg\u00fan determine usted, posiblemente junto con otros herederos como hijos, otros familiares u otra organizaci\u00f3n ben\u00e9fica. Si lo desea, tambi\u00e9n puede designar a Mama Cash como \u00fanica heredera.<span class=\"Apple-converted-space\"> <\/span><\/p>\n<p>El notario puede aconsejarle qu\u00e9 forma de legado se adapta mejor a sus deseos.<span class=\"Apple-converted-space\"> <\/span><\/p>\n<p><em><br \/>\n  <strong>Relaci\u00f3n calidad-precio<\/strong><\/p>\n<p><\/em>Mama Cash, como organizaci\u00f3n ben\u00e9fica con estatus ANBI, no tiene que pagar ning\u00fan impuesto de sucesiones. Esto significa que el 100% de tu donaci\u00f3n se destina a mujeres, ni\u00f1as y personas trans e intersexuales de todo el mundo.<\/p>\n                            <\/div>\n                        <\/div>\n                    <\/div>\n                                    <div class=\"accordion__item reveal\">\n                        <button aria-expanded=\"false\" class=\"accordion__item__header js-reveal-item\">\n                            <h4 class=\"accordion__item__heading\">\n                                3. En caso necesario, nombrar un albacea                              <\/h4>\n                            <span class=\"accordion__item__button g-button g-button--icon g-button--square\"><span>\n                        <\/button>\n                        <div class=\"accordion__item__panel reveal__content\">\n                            <div class=\"accordion__item__panel-inner\">\n                                <p>El albacea es la persona que ejecutar\u00e1 su testamento. Puede ser el notario, pero tambi\u00e9n un familiar o un buen amigo. En su testamento puede especificar qui\u00e9n ser\u00e1 su albacea.<span class=\"Apple-converted-space\"> <\/span><\/p>\n<p><em><br \/>\n  <strong>Mama Cash como albacea testamentario<\/strong><\/p>\n<p><\/em>\u00bfDesea legar la totalidad o la mayor parte de su patrimonio a Mama Cash? Entonces Mama Cash podr\u00e1 desempe\u00f1ar el papel de albacea y gestionar la herencia. Esto significa que Mama Cash se encargar\u00e1 de su administraci\u00f3n, de la posible venta de su casa y de la limpieza de sus enseres dom\u00e9sticos. Estaremos encantados de discutir esta opci\u00f3n con usted y nuestro asesor notarial en una reuni\u00f3n personal.<\/p>\n                            <\/div>\n                        <\/div>\n                    <\/div>\n                                    <div class=\"accordion__item reveal\">\n                        <button aria-expanded=\"false\" class=\"accordion__item__header js-reveal-item\">\n                            <h4 class=\"accordion__item__heading\">\n                                4. Concierte una cita con un notario                            <\/h4>\n                            <span class=\"accordion__item__button g-button g-button--icon g-button--square\"><span>\n                        <\/button>\n                        <div class=\"accordion__item__panel reveal__content\">\n                            <div class=\"accordion__item__panel-inner\">\n                                <p>Concierte una cita con un notario para redactar o modificar su testamento. Puede hacerlo cualquier notario, pero es mejor elegir uno especializado en Derecho de familia. El notario le aconsejar\u00e1 sobre la mejor manera de registrarlo todo y preparar\u00e1 un borrador de testamento para que lo lea en casa.<strong><br \/>\n<\/strong><\/p>\n<p>Su notario necesitar\u00e1 los siguientes datos:<br \/>\nFundaci\u00f3n Mama Cash<br \/>\nEerste Helmersstraat 17 D<br \/>\n1054 CX Amsterdam<br \/>\nC\u00e1mara de Comercio n\u00famero 41202535.<\/p>\n<p><strong><br \/>\n  <em>C\u00f3mo encontrar un notario<br \/>\n<\/em><br \/>\n<\/strong>Puede encontrar f\u00e1cilmente un notario en su barrio en <a href=\"http:\/\/www.notaris.nl\/\">www.notaris.nl.<\/a> No hay precios fijos, as\u00ed que no dude en pedir varios presupuestos.<\/p>\n<p>Tambi\u00e9n puede tramitar un testamento sencillo por internet a un coste menor, por ejemplo a trav\u00e9s de <a href=\"https:\/\/www.nunotariaat.nl\/online-testament\/goede-doelen\/stichting-mama-cash\">Nunotariaat<\/a>. S\u00f3lo tendr\u00e1 que acudir una vez al notario para firmar su testamento.<\/p>\n                            <\/div>\n                        <\/div>\n                    <\/div>\n                                    <div class=\"accordion__item reveal\">\n                        <button aria-expanded=\"false\" class=\"accordion__item__header js-reveal-item\">\n                            <h4 class=\"accordion__item__heading\">\n                                5. Firme su testamento                            <\/h4>\n                            <span class=\"accordion__item__button g-button g-button--icon g-button--square\"><span>\n                        <\/button>\n                        <div class=\"accordion__item__panel reveal__content\">\n                            <div class=\"accordion__item__panel-inner\">\n                                <p>\u00bfSe han plasmado sus deseos en el borrador del testamento? Entonces podr\u00e1 concertar una cita de seguimiento para firmar el testamento. El notario registrar\u00e1 el testamento en el Registro Central de Testamentos (Centraal Testamenten Register) para que siempre pueda ser localizado tras su fallecimiento.<span class=\"Apple-converted-space\"> <\/span><\/p>\n                            <\/div>\n                        <\/div>\n                    <\/div>\n                                    <div class=\"accordion__item reveal\">\n                        <button aria-expanded=\"false\" class=\"accordion__item__header js-reveal-item\">\n                            <h4 class=\"accordion__item__heading\">\n                                6. Si lo desea, informe a Mama Cash                            <\/h4>\n                            <span class=\"accordion__item__button g-button g-button--icon g-button--square\"><span>\n                        <\/button>\n                        <div class=\"accordion__item__panel reveal__content\">\n                            <div class=\"accordion__item__panel-inner\">\n                                <p>Nos encantar\u00eda saber si ha incluido a Mama Cash en su testamento. Si lo desea, tambi\u00e9n podemos enviarle peri\u00f3dicamente informaci\u00f3n actualizada sobre nuestro trabajo. Esto podr\u00eda hacerte sentir a\u00fan mejor sobre tu decisi\u00f3n de incluir a Mama Cash en tu testamento.<\/p>\n                            <\/div>\n                        <\/div>\n                    <\/div>\n                            <\/div>\n            <\/div>\n<\/section>\n<section class=\"cta-banner wp-block aligncenter has-background has-pink-background-color\">\n    <div class=\"cta-banner__inner\">\n                    <h3 class=\"cta-banner__heading\">\n                <span>\n                    \u00bfDesea m\u00e1s informaci\u00f3n?                <\/span>\n            <\/h3>\n        \n        <div class=\"cta-banner__wrapper\">\n                            <div class=\"cta-banner__description\">\n                    No dude en ponerse en contacto con nosotros sobre este u otros aspectos de la donaci\u00f3n a Mama Cash.                <\/div>\n            \n                                <a  href=\"https:\/\/www.mamacash.org\/contact-mama-cash\/\" class=\"g-button cta-banner__link\">P\u00f3ngase en contacto con nosotros<\/a>\n                    <\/div>\n    <\/div>\n<\/section>\n","protected":false},"excerpt":{"rendered":"","protected":false},"author":21,"featured_media":0,"parent":0,"menu_order":0,"comment_status":"closed","ping_status":"closed","template":"","meta":{"_acf_changed":false,"footnotes":""},"class_list":["post-10201","page","type-page","status-publish","hentry"],"acf":[],"_links":{"self":[{"href":"https:\/\/www.mamacash.org\/es\/wp-json\/wp\/v2\/pages\/10201","targetHints":{"allow":["GET"]}}],"collection":[{"href":"https:\/\/www.mamacash.org\/es\/wp-json\/wp\/v2\/pages"}],"about":[{"href":"https:\/\/www.mamacash.org\/es\/wp-json\/wp\/v2\/types\/page"}],"author":[{"embeddable":true,"href":"https:\/\/www.mamacash.org\/es\/wp-json\/wp\/v2\/users\/21"}],"replies":[{"embeddable":true,"href":"https:\/\/www.mamacash.org\/es\/wp-json\/wp\/v2\/comments?post=10201"}],"version-history":[{"count":2,"href":"https:\/\/www.mamacash.org\/es\/wp-json\/wp\/v2\/pages\/10201\/revisions"}],"predecessor-version":[{"id":10203,"href":"https:\/\/www.mamacash.org\/es\/wp-json\/wp\/v2\/pages\/10201\/revisions\/10203"}],"wp:attachment":[{"href":"https:\/\/www.mamacash.org\/es\/wp-json\/wp\/v2\/media?parent=10201"}],"curies":[{"name":"wp","href":"https:\/\/api.w.org\/{rel}","templated":true}]}}