{"id":10183,"date":"2023-11-05T18:12:38","date_gmt":"2023-11-05T17:12:38","guid":{"rendered":"https:\/\/www.mamacash.org\/donar-como-particular\/"},"modified":"2024-05-11T10:09:31","modified_gmt":"2024-05-11T08:09:31","slug":"donar-como-particular","status":"publish","type":"page","link":"https:\/\/www.mamacash.org\/es\/formas-de-donar\/donar-como-particular\/","title":{"rendered":"Donar como particular"},"content":{"rendered":"\n<div class=\"wp-block-columns is-layout-flex wp-container-core-columns-is-layout-9d6595d7 wp-block-columns-is-layout-flex\">\n<div class=\"wp-block-column is-layout-flow wp-block-column-is-layout-flow\">\n<h2 class=\"wp-block-heading\">\u00bfLe apasionan los derechos de la mujer?<\/h2>\n<\/div>\n\n\n\n<div class=\"wp-block-column is-layout-flow wp-block-column-is-layout-flow\">\n<p>Pon tu dinero donde est\u00e1 tu coraz\u00f3n. Incidir directamente en los derechos de las mujeres, las ni\u00f1as y las personas trans e intersexuales de todo el mundo.<\/p>\n<\/div>\n<\/div>\n    <section class=\"content-grid cards wp-block animate content-grid--grid alignwide\">\n        <div class=\"content-grid__inner\">\n                            <div class=\"content-grid__header\">\n                                                <h2 class=\"content-grid__heading yellow-highlight heading-highlight\">Formas de <strong>dona<\/strong>r<\/h2>\n                    \n                                    <\/div>\n            \n            <div class=\"content-grid__items\">\n                                    <div class=\"content-grid__item__outer\">\n                        <div class=\"content-grid__item\">\n                            <div class=\"content-grid__contain\">\n                                                                    <h6>Donar en l\u00ednea<\/h6>\n                                                                                                    \u00bfPrefieres donar por Internet?                                                            <\/div>\n                        <\/div>\n                                                        <a  href=\"https:\/\/mamacash.donorsupport.co\/-\/XHJTCXNJ\">Give now<\/a>\n                                            <\/div>\n                                    <div class=\"content-grid__item__outer\">\n                        <div class=\"content-grid__item\">\n                            <div class=\"content-grid__contain\">\n                                                                    <h6>Donar por transferencia bancaria<\/h6>\n                                                                                                    \u00bfPrefieres hacer tu donativo por transferencia bancaria? Puedes transferir tu donativo a NL86 TRIO 0379 7496 10, Stichting Mama Cash.                                                            <\/div>\n                        <\/div>\n                                            <\/div>\n                                    <div class=\"content-grid__item__outer\">\n                        <div class=\"content-grid__item\">\n                            <div class=\"content-grid__contain\">\n                                                                    <h6>Donar con ventajas fiscales<\/h6>\n                                                                                                    \u00bfVives en Holanda?                                                            <\/div>\n                        <\/div>\n                                                        <a  href=\"https:\/\/www.mamacash.org\/ways-to-give\/donate-with-tax-benefits-netherlands\/\">Donate with tax benefits in the Netherlands<\/a>\n                                            <\/div>\n                                    <div class=\"content-grid__item__outer\">\n                        <div class=\"content-grid__item\">\n                            <div class=\"content-grid__contain\">\n                                                                    <h6>\u00bfVive en Europa o en Estados Unidos?  <\/h6>\n                                                                                                    Puedes donar a Mama Cash y seguir recibiendo todos los beneficios fiscales de tu pa\u00eds de origen.                                                            <\/div>\n                        <\/div>\n                                                        <a  href=\"https:\/\/www.mamacash.org\/ways-to-give\/donate-with-tax-benefits-international\/\">Donate with tax benefits Internationally<\/a>\n                                            <\/div>\n                            <\/div>\n        <\/div>\n    <\/section>\n<section class=\"cta-banner wp-block aligncenter has-background has-pink-background-color\">\n    <div class=\"cta-banner__inner\">\n                    <h3 class=\"cta-banner__heading\">\n                <span>\n                    \u00bfPreguntas sobre donaciones?                <\/span>\n            <\/h3>\n        \n        <div class=\"cta-banner__wrapper\">\n                            <div class=\"cta-banner__description\">\n                    P\u00f3ngase en contacto. Estaremos encantados de ayudarle.                <\/div>\n            \n                                <a  href=\"https:\/\/www.mamacash.org\/contact-mama-cash\/\" class=\"g-button cta-banner__link\">P\u00f3ngase en contacto con nosotros<\/a>\n                    <\/div>\n    <\/div>\n<\/section>\n","protected":false},"excerpt":{"rendered":"<p>\u00bfLe apasionan los derechos de la mujer? Pon tu dinero donde est\u00e1 tu coraz\u00f3n. Incidir directamente en los derechos de&hellip;<\/p>\n","protected":false},"author":21,"featured_media":7251,"parent":10580,"menu_order":0,"comment_status":"closed","ping_status":"closed","template":"","meta":{"_acf_changed":false,"footnotes":""},"class_list":["post-10183","page","type-page","status-publish","has-post-thumbnail","hentry"],"acf":[],"_links":{"self":[{"href":"https:\/\/www.mamacash.org\/es\/wp-json\/wp\/v2\/pages\/10183","targetHints":{"allow":["GET"]}}],"collection":[{"href":"https:\/\/www.mamacash.org\/es\/wp-json\/wp\/v2\/pages"}],"about":[{"href":"https:\/\/www.mamacash.org\/es\/wp-json\/wp\/v2\/types\/page"}],"author":[{"embeddable":true,"href":"https:\/\/www.mamacash.org\/es\/wp-json\/wp\/v2\/users\/21"}],"replies":[{"embeddable":true,"href":"https:\/\/www.mamacash.org\/es\/wp-json\/wp\/v2\/comments?post=10183"}],"version-history":[{"count":3,"href":"https:\/\/www.mamacash.org\/es\/wp-json\/wp\/v2\/pages\/10183\/revisions"}],"predecessor-version":[{"id":13624,"href":"https:\/\/www.mamacash.org\/es\/wp-json\/wp\/v2\/pages\/10183\/revisions\/13624"}],"up":[{"embeddable":true,"href":"https:\/\/www.mamacash.org\/es\/wp-json\/wp\/v2\/pages\/10580"}],"wp:featuredmedia":[{"embeddable":true,"href":"https:\/\/www.mamacash.org\/es\/wp-json\/wp\/v2\/media\/7251"}],"wp:attachment":[{"href":"https:\/\/www.mamacash.org\/es\/wp-json\/wp\/v2\/media?parent=10183"}],"curies":[{"name":"wp","href":"https:\/\/api.w.org\/{rel}","templated":true}]}}